{"id":123587,"date":"2020-06-09T16:20:07","date_gmt":"2020-06-09T14:20:07","guid":{"rendered":"https:\/\/www.seaflowerstore.com\/privacy-policy\/"},"modified":"2024-10-11T15:14:31","modified_gmt":"2024-10-11T13:14:31","slug":"datenschutzrichtlinie","status":"publish","type":"page","link":"https:\/\/www.seaflowerstore.com\/de\/datenschutzrichtlinie\/","title":{"rendered":"Datenschutzrichtlinie"},"content":{"rendered":"\r\n<h1 class=\"wp-block-heading\">Datenschutzhinweis<\/h1>\r\n\r\n\r\n\r\n<p><strong>Datenschutzrichtlinie und Haftungsausschluss von Seaflower<br \/><\/strong>Diese Seite wurde zuletzt am 21.06.2022 ge\u00e4ndert.<\/p>\r\n\r\n\r\n\r\n<p>Wir sind uns bewusst, dass Sie uns vertrauen. Daher sehen wir es als unsere Verantwortung an, Ihre Privatsph\u00e4re zu sch\u00fctzen. Auf dieser Seite informieren wir Sie dar\u00fcber, welche Informationen wir sammeln, wenn Sie unsere Website nutzen, warum wir diese Daten sammeln und wie wir Ihr Benutzererlebnis verbessern. So verstehen Sie genau, wie wir arbeiten<\/p>\r\n\r\n\r\n\r\n<h2 class=\"wp-block-heading\"><strong>Unsere Verwendung der gesammelten Daten<\/strong><\/h2>\r\n\r\n\r\n\r\n<h4 class=\"wp-block-heading\"><strong>Nutzung unserer Dienste<\/strong><\/h4>\r\n\r\n\r\n\r\n<p>Wenn Sie sich f\u00fcr einen unserer Dienste anmelden, fragen wir Sie nach pers\u00f6nlichen Daten wie Name, Adresse, E-Mail-Adresse und Telefonnummer. Diese Informationen k\u00f6nnen verwendet werden, um Ihre Bestellung auszuf\u00fchren. Die Daten werden auf sicheren Servern von Seaflower oder denen eines Dritten gespeichert. Wir haben keine M\u00f6glichkeit, dieses Problem zu stellen.<\/p>\r\n\r\n\r\n\r\n<h4 class=\"wp-block-heading\"><strong>Kommunikation<\/strong><\/h4>\r\n\r\n\r\n\r\n<p>Wenn Sie uns eine E-Mail von anderen Nachrichten senden, k\u00f6nnen wir Nachrichten speichern. Manchmal sind diese f\u00fcr Ihre Situation relevant. Dies erm\u00f6glicht es uns, Sie zu informieren und zu empfangen. Die Daten werden auf sicheren Servern von Seaflower oder denen eines Drittanbieters gespeichert. Wir haben keine M\u00f6glichkeit, dieses Problem zu stellen.<\/p>\r\n\r\n\r\n\r\n<p><strong>Speicherdauer<br \/><\/strong>Solange Sie Kunde bei uns sind, speichern wir Ihre Daten. Dies bedeutet, dass wir Ihre Kundeninformationen so lange aufbewahren, bis Sie angeben, dass Sie unsere Dienste nicht mehr nutzen m\u00f6chten. Wenn Sie uns dies mitteilen, betrachten wir dies auch als Bitte um Verzeihung. Aufgrund geltender Verwaltungspflichten bewahren wir die Rechnungen mit Ihren (pers\u00f6nlichen) Daten auf, sodass wir diese Daten so lange aufbewahren, wie der geltende Zeitraum gilt. Mitarbeiter haben jedoch keinen Zugriff mehr auf Ihr Kundenprofil und Dokumente, die wir im Zusammenhang mit Ihren Auftr\u00e4gen erstellt haben.<\/p>\r\n\r\n\r\n\r\n<p><strong>Cookies<\/strong><br \/>Wir sammeln Daten f\u00fcr Forschungszwecke, um einen besseren Einblick in unsere Kunden zu erhalten, damit wir unsere Dienstleistungen entsprechend anpassen k\u00f6nnen.<\/p>\r\n\r\n\r\n\r\n<p>Diese Website verwendet \u201eCookies\u201c (Textdateien, die auf Ihrem Computer abgelegt werden), um die Website zu unterst\u00fctzen und zu analysieren, wie Benutzer die Website nutzen. Die durch den Cookie erzeugten Informationen \u00fcber Ihre Nutzung der Website k\u00f6nnen auf sichere Server von Seaflower oder die eines Dritten \u00fcbertragen werden. Wir verwenden diese Informationen, um zu verfolgen, wie Sie die Website nutzen, um Berichte \u00fcber die Websiteaktivit\u00e4t zu erstellen und um andere Dienste im Zusammenhang mit der Websiteaktivit\u00e4t und der Internetnutzung anzubieten. Es werden keine pers\u00f6nlichen Daten erfasst.<\/p>\r\n\r\n\r\n\r\n<p><strong>Zwecke<\/strong><br \/>Wir sammeln oder verwenden Informationen nicht f\u00fcr andere als die in dieser Datenschutzrichtlinie beschriebenen Zwecke, es sei denn, wir haben zuvor Ihre Zustimmung eingeholt.<\/p>\r\n\r\n\r\n\r\n<p><strong>Dritte<\/strong><br \/>Die Informationen werden nicht an Dritte weitergegeben, mit Ausnahme von Webanwendungen, die wir zum Nutzen unseres Webshops verwenden. Um Ihre Bestellung versenden zu k\u00f6nnen, werden nur die erforderlichen Informationen an den Paketdienst (z. B. PostNL, DPD, FedEx, DHL) und Zahlungsanbieter (MultiSafepay, PayPal und Klarna) weitergegeben. Diese Daten werden nur f\u00fcr den jeweiligen Antrag verwendet und nicht weiterverteilt (Versand des Pakets). Dar\u00fcber hinaus k\u00f6nnen die Informationen in manchen F\u00e4llen intern weitergegeben werden. Unsere Mitarbeiter sind verpflichtet, die Vertraulichkeit Ihrer Daten zu respektieren.<\/p>\r\n\r\n\r\n\r\n<p><strong>Google Analytics<\/strong><br \/>Wir verwenden Google Analytics, um zu verfolgen, wie Benutzer den Webshop verwenden und wie effektiv unsere Adwords-Anzeigen auf den Google-Suchergebnisseiten sind. Die so erhaltenen Informationen werden an Google \u00fcbertragen und dort auf Servern in den USA gespeichert (nur Website-Nutzung, keine personenbezogenen Daten). Weitere Informationen finden Sie in der\u00a0<a href=\"https:\/\/policies.google.com\/privacy?hl=nl\" target=\"_blank\" rel=\"noreferrer noopener nofollow\">Datenschutzrichtlinie von Google<\/a> sowie in der spezifischen\u00a0<a href=\"https:\/\/support.google.com\/analytics\/answer\/6004245?hl=nl\" target=\"_blank\" rel=\"noreferrer noopener nofollow\">Datenschutzrichtlinie von Google Analytics<\/a>.<\/p>\r\n\r\n\r\n\r\n<p>Google verwendet diese Informationen, um zu verfolgen, wie unser Webshop genutzt wird, um uns Berichte \u00fcber den Webshop bereitzustellen und um Werbetreibenden Informationen \u00fcber die Wirksamkeit ihrer Kampagnen zu liefern. Google kann diese Informationen an Dritte weitergeben, wenn Google gesetzlich dazu verpflichtet ist oder soweit diese Dritten die Informationen im Auftrag von Google verarbeiten. Darauf haben wir keinen Einfluss. Wir haben Google nicht gestattet, die erhaltenen Analyseinformationen f\u00fcr andere Google-Dienste zu verwenden.<\/p>\r\n\r\n\r\n\r\n<p><strong>\u00c4nderungen<\/strong><br \/>Diese Datenschutzerkl\u00e4rung ist auf die Nutzung und die M\u00f6glichkeiten dieser Website zugeschnitten. Jegliche \u00c4nderungen und\/oder \u00c4nderungen dieser Website k\u00f6nnen zu \u00c4nderungen dieser Datenschutzerkl\u00e4rung f\u00fchren. Es ist daher ratsam, diese Datenschutzerkl\u00e4rung regelm\u00e4\u00dfig zu konsultieren.<\/p>\r\n\r\n\r\n\r\n<p><strong>Auswahlm\u00f6glichkeiten f\u00fcr personenbezogene Daten<\/strong><br \/>Wir bieten allen Besuchern die M\u00f6glichkeit, diese einzusehen, zu \u00e4ndern. Kunden k\u00f6nnen dies selbst in der Umgebung tun, wenn sie angemeldet sind.<br \/>Die L\u00f6schung aller uns zum jetzigen Zeitpunkt \u00fcbermittelten personenbezogenen Daten kann nach entsprechender Aufforderung durch Senden einer E-Mail an:\u00a0<a href=\"mailto:info@seaflowerstore.com\" target=\"_blank\" rel=\"noreferrer noopener\">info@seaflowerstore.com<\/a><\/p>\r\n\r\n\r\n\r\n<p><strong>Newsletter anpassen \/ abbestellen<\/strong><br \/>Am Ende jeder Aussendung finden Sie die M\u00f6glichkeit, Ihre Angaben zu \u00e4ndern oder sich abzumelden.<\/p>\r\n\r\n\r\n\r\n<p><strong>Kommunikation anpassen \/ abbestellen<\/strong><br \/>Wenn Sie Ihre Daten \u00e4ndern oder sich aus unseren Dateien entfernen m\u00f6chten, k\u00f6nnen Sie uns kontaktieren. Siehe die Kontaktdaten unten.<\/p>\r\n\r\n\r\n\r\n<p><strong>Cookies deaktivieren<\/strong><br \/>Die meisten Browser sind standardm\u00e4\u00dfig so eingestellt, dass sie Cookies akzeptieren. Sie k\u00f6nnen Ihren Browser jedoch so einstellen, dass er alle Cookies ablehnt oder anzeigt, wenn ein Cookie gesendet wird. Allerdings funktionieren einige Funktionen und Dienste auf unserer und anderen Websites m\u00f6glicherweise nicht richtig, wenn Cookies in Ihrem Browser deaktiviert sind.<\/p>\r\n\r\n\r\n\r\n<p><strong>Haftungsausschluss:<\/strong><br \/>Texte, Bilder, Markennamen von Seaflower und Warenzeichen Dritter auf unserer Website sind gesch\u00fctzt und d\u00fcrfen daher ohne schriftliche Genehmigung in keiner Weise verwendet werden.<\/p>\r\n\r\n\r\n\r\n<p>Seaflower beh\u00e4lt sich das Recht vor, die Internetseite und deren Inhalte ohne vorherige Ank\u00fcndigung zu \u00e4ndern.<\/p>\r\n\r\n\r\n\r\n<p><strong>Fragen, Feedback oder Beschwerden<br \/><\/strong>Wir \u00fcberpr\u00fcfen regelm\u00e4\u00dfig, ob wir diese Datenschutzrichtlinie einhalten. Wenn Sie Fragen zu dieser Datenschutzrichtlinie haben, kontaktieren Sie uns bitte:\u00a0Seaflower\u00a0(<a href=\"mailto:info@seaflowerstore.com\" target=\"_blank\" rel=\"noreferrer noopener\">info@seaflowerstore.com<\/a>)<\/p>\r\n","protected":false},"excerpt":{"rendered":"<p>Datenschutzhinweis Datenschutzrichtlinie und Haftungsausschluss von SeaflowerDiese Seite wurde zuletzt am 21.06.2022 ge\u00e4ndert. Wir sind uns bewusst, dass Sie uns vertrauen. Daher sehen wir es als unsere Verantwortung an, Ihre Privatsph\u00e4re zu sch\u00fctzen. Auf dieser Seite informieren wir Sie dar\u00fcber, welche Informationen wir sammeln, wenn Sie unsere Website nutzen, warum wir diese Daten sammeln und wie [&#8230;]\n","protected":false},"author":2,"featured_media":0,"parent":0,"menu_order":0,"comment_status":"closed","ping_status":"open","template":"","meta":{"footnotes":""},"class_list":["post-123587","page","type-page","status-publish","hentry"],"acf":[],"_links":{"self":[{"href":"https:\/\/www.seaflowerstore.com\/de\/wp-json\/wp\/v2\/pages\/123587","targetHints":{"allow":["GET"]}}],"collection":[{"href":"https:\/\/www.seaflowerstore.com\/de\/wp-json\/wp\/v2\/pages"}],"about":[{"href":"https:\/\/www.seaflowerstore.com\/de\/wp-json\/wp\/v2\/types\/page"}],"author":[{"embeddable":true,"href":"https:\/\/www.seaflowerstore.com\/de\/wp-json\/wp\/v2\/users\/2"}],"replies":[{"embeddable":true,"href":"https:\/\/www.seaflowerstore.com\/de\/wp-json\/wp\/v2\/comments?post=123587"}],"version-history":[{"count":5,"href":"https:\/\/www.seaflowerstore.com\/de\/wp-json\/wp\/v2\/pages\/123587\/revisions"}],"predecessor-version":[{"id":123758,"href":"https:\/\/www.seaflowerstore.com\/de\/wp-json\/wp\/v2\/pages\/123587\/revisions\/123758"}],"wp:attachment":[{"href":"https:\/\/www.seaflowerstore.com\/de\/wp-json\/wp\/v2\/media?parent=123587"}],"curies":[{"name":"wp","href":"https:\/\/api.w.org\/{rel}","templated":true}]}}