{"id":84793,"date":"2023-05-05T13:46:06","date_gmt":"2023-05-05T11:46:06","guid":{"rendered":"https:\/\/www.seaflowerstore.com\/nl\/?page_id=84793"},"modified":"2024-10-11T15:21:09","modified_gmt":"2024-10-11T13:21:09","slug":"ueber-uns","status":"publish","type":"page","link":"https:\/\/www.seaflowerstore.com\/de\/ueber-uns\/","title":{"rendered":"\u00dcber uns"},"content":{"rendered":"\r\n\n  <div class=\"banner has-hover\" id=\"banner-1688603664\">\n          <div class=\"banner-inner fill\">\n        <div class=\"banner-bg fill\" >\n            <div class=\"bg fill bg-fill \"><\/div>\n                        <div class=\"overlay\"><\/div>            \n                    <\/div>\n\t\t\n        <div class=\"banner-layers container\">\n            <div class=\"fill banner-link\"><\/div>                <div id=\"text-box-1576277214\" class=\"text-box banner-layer x50 md-x50 lg-x50 y50 md-y50 lg-y50 res-text\">\n                                <div class=\"text-box-content text dark\">\n              \n              <div class=\"text-inner text-center\">\n                  \r\n<h1>Was ist Seaflower?<\/h1>\r\n<h3>Seaflower ist ein Internetshop, der sich auf alles rund um Meerwasseraquarien spezialisiert hat.<\/h3>\r\n<div class=\"social-icons follow-icons\" style=\"font-size:155%\"><a href=\"http:\/\/www.facebook.com\/seaflowerstore\" target=\"_blank\" data-label=\"Facebook\" rel=\"noopener noreferrer nofollow\" class=\"icon plain facebook tooltip\" title=\"Folge uns auf Facebook\" aria-label=\"Folge uns auf Facebook\"><i class=\"icon-facebook\" ><\/i><\/a><a href=\"http:\/\/www.instagram.com\/seaflowerstore\/\" target=\"_blank\" rel=\"noopener noreferrer nofollow\" data-label=\"Instagram\" class=\"icon plain  instagram tooltip\" title=\"Folge uns auf Instagram\" aria-label=\"Folge uns auf Instagram\"><i class=\"icon-instagram\" ><\/i><\/a><a href=\"mailto:info@seaflowerstore.com\" data-label=\"E-mail\" rel=\"nofollow\" class=\"icon plain  email tooltip\" title=\"Sende uns eine email\" aria-label=\"Sende uns eine email\"><i class=\"icon-envelop\" ><\/i><\/a><a href=\"tel:+31640824675\" target=\"_blank\" data-label=\"Phone\" rel=\"noopener noreferrer nofollow\" class=\"icon plain  phone tooltip\" title=\"Call us\" aria-label=\"Call us\"><i class=\"icon-phone\" ><\/i><\/a><a href=\"http:\/\/www.youtube.com\/channel\/UC98PfbPa24TxfbFKOzsoGJQ\/f\" target=\"_blank\" rel=\"noopener noreferrer nofollow\" data-label=\"YouTube\" class=\"icon plain  youtube tooltip\" title=\"Folge uns auf Youtube\" aria-label=\"Folge uns auf Youtube\"><i class=\"icon-youtube\" ><\/i><\/a><\/div>               <\/div>\n           <\/div>\n                            \n<style>\n#text-box-1576277214 {\n  width: 100%;\n}\n#text-box-1576277214 .text-box-content {\n  font-size: 100%;\n}\n<\/style>\n    <\/div>\n          <\/div>\n      <\/div>\n\n            \n<style>\n#banner-1688603664 {\n  padding-top: 350px;\n}\n#banner-1688603664 .overlay {\n  background-color: rgba(0,0,0,.5);\n}\n#banner-1688603664 .ux-shape-divider--top svg {\n  height: 150px;\n  --divider-top-width: 100%;\n}\n#banner-1688603664 .ux-shape-divider--bottom svg {\n  height: 150px;\n  --divider-width: 100%;\n}\n<\/style>\n  <\/div>\n\n \t<section class=\"section\" id=\"section_2025246257\">\n\t\t<div class=\"bg section-bg fill bg-fill  bg-loaded\" >\n\n\t\t\t\n\t\t\t\n\t\t\t\n\n\t\t<\/div>\n\n\t\t\n\n\t\t<div class=\"section-content relative\">\n\t\t\t \t<div id=\"gap-1810465721\" class=\"gap-element clearfix\" style=\"display:block; height:auto;\">\n\t\t\n<style>\n#gap-1810465721 {\n  padding-top: 30px;\n}\n<\/style>\n\t<\/div>\n\t <div class=\"row\"  id=\"row-1123952537\"> \n\t<div id=\"col-1531846871\" class=\"col medium-3 small-12 large-3\"  >\n\t\t\t\t<div class=\"col-inner\"  >\n\t\t\t\n\t\t\t \n  <div class=\"banner has-hover\" id=\"banner-526501501\">\n          <div class=\"banner-inner fill\">\n        <div class=\"banner-bg fill\" >\n            <div class=\"bg fill bg-fill \"><\/div>\n                                    \n                    <\/div>\n\t\t\n        <div class=\"banner-layers container\">\n            <div class=\"fill banner-link\"><\/div>                <div id=\"text-box-2014158758\" class=\"text-box banner-layer x50 md-x50 lg-x50 y50 md-y50 lg-y50 res-text\">\n                                <div class=\"text-box-content text dark\">\n              \n              <div class=\"text-inner text-center\">\n                                 <\/div>\n           <\/div>\n                            \n<style>\n#text-box-2014158758 {\n  width: 60%;\n}\n#text-box-2014158758 .text-box-content {\n  font-size: 100%;\n}\n@media (min-width:550px) {\n  #text-box-2014158758 {\n    width: 60%;\n  }\n}\n<\/style>\n    <\/div>\n          <\/div>\n      <\/div>\n\n            \n<style>\n#banner-526501501 {\n  padding-top: 420px;\n}\n#banner-526501501 .bg.bg-loaded {\n  background-image: url(https:\/\/www.seaflowerstore.com\/wp-content\/uploads\/2020\/06\/home-toevoegingen-link.jpg);\n}\n#banner-526501501 .ux-shape-divider--top svg {\n  height: 150px;\n  --divider-top-width: 100%;\n}\n#banner-526501501 .ux-shape-divider--bottom svg {\n  height: 150px;\n  --divider-width: 100%;\n}\n<\/style>\n  <\/div>\n\n \t\t<\/div>\n\t\t\t\t\t<\/div>\n\n\t \n\t<div id=\"col-1458506002\" class=\"col medium-3 small-12 large-3\"  >\n\t\t\t\t<div class=\"col-inner\"  >\n\t\t\t\n\t\t\t \t<div id=\"gap-1448225788\" class=\"gap-element clearfix\" style=\"display:block; height:auto;\">\n\t\t\n<style>\n#gap-1448225788 {\n  padding-top: 23px;\n}\n<\/style>\n\t<\/div>\n\t \n  <div class=\"banner has-hover\" id=\"banner-1113058946\">\n          <div class=\"banner-inner fill\">\n        <div class=\"banner-bg fill\" >\n            <div class=\"bg fill bg-fill \"><\/div>\n                                    \n                    <\/div>\n\t\t\n        <div class=\"banner-layers container\">\n            <div class=\"fill banner-link\"><\/div>                <div id=\"text-box-1590949201\" class=\"text-box banner-layer x50 md-x50 lg-x50 y50 md-y50 lg-y50 res-text\">\n                                <div class=\"text-box-content text dark\">\n              \n              <div class=\"text-inner text-center\">\n                   \t<div class=\"img has-hover x md-x lg-x y md-y lg-y\" id=\"image_595774232\">\n\t\t\t\t\t\t\t\t<div class=\"img-inner dark\" >\n\t\t\t<img loading=\"lazy\" decoding=\"async\" width=\"600\" height=\"369\" src=\"https:\/\/www.seaflowerstore.com\/wp-content\/uploads\/2020\/06\/d_dh2oceandosingpumpddp4pro2.jpg\" class=\"attachment-large size-large\" alt=\"\" srcset=\"https:\/\/www.seaflowerstore.com\/wp-content\/uploads\/2020\/06\/d_dh2oceandosingpumpddp4pro2.jpg 650w, https:\/\/www.seaflowerstore.com\/wp-content\/uploads\/2020\/06\/d_dh2oceandosingpumpddp4pro2-600x369.jpg 600w, https:\/\/www.seaflowerstore.com\/wp-content\/uploads\/2020\/06\/d_dh2oceandosingpumpddp4pro2-510x314.jpg 510w\" sizes=\"auto, (max-width: 600px) 100vw, 600px\" \/>\t\t\t\t\t\t\n\t\t\t\t\t<\/div>\n\t\t\t\t\t\t\t\t\n<style>\n#image_595774232 {\n  width: 100%;\n}\n<\/style>\n\t<\/div>\n\t               <\/div>\n           <\/div>\n                            \n<style>\n#text-box-1590949201 {\n  width: 60%;\n}\n#text-box-1590949201 .text-box-content {\n  font-size: 100%;\n}\n@media (min-width:550px) {\n  #text-box-1590949201 {\n    width: 60%;\n  }\n}\n<\/style>\n    <\/div>\n          <\/div>\n      <\/div>\n\n            \n<style>\n#banner-1113058946 {\n  padding-top: 380px;\n}\n#banner-1113058946 .bg.bg-loaded {\n  background-image: 6496;\n}\n#banner-1113058946 .ux-shape-divider--top svg {\n  height: 150px;\n  --divider-top-width: 100%;\n}\n#banner-1113058946 .ux-shape-divider--bottom svg {\n  height: 150px;\n  --divider-width: 100%;\n}\n<\/style>\n  <\/div>\n\n \t\t<\/div>\n\t\t\t\t\t<\/div>\n\n\t \n\t<div id=\"col-228292058\" class=\"col medium-6 small-12 large-6\"  >\n\t\t\t\t<div class=\"col-inner\"  >\n\t\t\t\n\t\t\t \t<div id=\"gap-492541765\" class=\"gap-element clearfix\" style=\"display:block; height:auto;\">\n\t\t\n<style>\n#gap-492541765 {\n  padding-top: 95px;\n}\n<\/style>\n\t<\/div>\n\t\r\n<h1 class=\"uppercase\"><span style=\"font-size: 120%;\">ABOUT\u00a0us<\/span><\/h1>\r\n<p>Seaflower wird seit 2006 in Den Haag gegr\u00fcndet und ist seit 2014 im Besitz von Dennis Pieper und Erik Kop.<br \/>Wir liefern Hardware, Vieh (nur auf Bestellung), viel Wissen und k\u00f6nnen daher gute Ratschl\u00e4ge geben. Wir haben ein B\u00fcro \/ Ausstellungsraum \/ Lager und sind ein professionelles Unternehmen. Ein zufriedener Kunde ist uns sehr wichtig.<br \/>Sie k\u00f6nnen Ihr bestelltes Produkt jederzeit abholen (nur Niederlande), dies in Absprache, um den bestm\u00f6glichen Zeitpunkt zu vereinbaren.<\/p>\r\n<p>Rufen Sie uns an oder mailen Sie uns Ihre W\u00fcnsche, auch wenn Ihr Produkt nicht im Internetshop ist.<\/p>\r\n\t\t<\/div>\n\t\t\t\t\n<style>\n#col-228292058 > .col-inner {\n  padding: 0px 10px 0px 20px;\n}\n<\/style>\n\t<\/div>\n\n\t <\/div> \t\t<\/div>\n\n\t\t\n<style>\n#section_2025246257 {\n  padding-top: 30px;\n  padding-bottom: 30px;\n}\n#section_2025246257 .ux-shape-divider--top svg {\n  height: 150px;\n  --divider-top-width: 100%;\n}\n#section_2025246257 .ux-shape-divider--bottom svg {\n  height: 150px;\n  --divider-width: 100%;\n}\n<\/style>\n\t<\/section>\n\t\r\n","protected":false},"excerpt":{"rendered":"","protected":false},"author":1,"featured_media":0,"parent":0,"menu_order":0,"comment_status":"closed","ping_status":"closed","template":"page-blank.php","meta":{"footnotes":""},"class_list":["post-84793","page","type-page","status-publish","hentry"],"acf":[],"_links":{"self":[{"href":"https:\/\/www.seaflowerstore.com\/de\/wp-json\/wp\/v2\/pages\/84793","targetHints":{"allow":["GET"]}}],"collection":[{"href":"https:\/\/www.seaflowerstore.com\/de\/wp-json\/wp\/v2\/pages"}],"about":[{"href":"https:\/\/www.seaflowerstore.com\/de\/wp-json\/wp\/v2\/types\/page"}],"author":[{"embeddable":true,"href":"https:\/\/www.seaflowerstore.com\/de\/wp-json\/wp\/v2\/users\/1"}],"replies":[{"embeddable":true,"href":"https:\/\/www.seaflowerstore.com\/de\/wp-json\/wp\/v2\/comments?post=84793"}],"version-history":[{"count":5,"href":"https:\/\/www.seaflowerstore.com\/de\/wp-json\/wp\/v2\/pages\/84793\/revisions"}],"predecessor-version":[{"id":123767,"href":"https:\/\/www.seaflowerstore.com\/de\/wp-json\/wp\/v2\/pages\/84793\/revisions\/123767"}],"wp:attachment":[{"href":"https:\/\/www.seaflowerstore.com\/de\/wp-json\/wp\/v2\/media?parent=84793"}],"curies":[{"name":"wp","href":"https:\/\/api.w.org\/{rel}","templated":true}]}}