{"id":121411,"date":"2024-03-13T15:59:42","date_gmt":"2024-03-22T08:59:13","guid":{"rendered":"https:\/\/www.seaflowerstore.com\/?post_type=product&#038;p=121411"},"modified":"2024-03-22T09:59:14","modified_gmt":"2024-03-22T08:59:14","slug":"itc-m-rack-magnetic-puk","status":"publish","type":"product","link":"https:\/\/www.seaflowerstore.com\/de\/itc-m-rack-magnetic-puk\/","title":{"rendered":"ITC M-Rack Magnetic Puk"},"content":{"rendered":"<h2>ITC M-Rack Magnetic Puk for up to 12mm Glass is needed in combination with the ITC frag racks<\/h2>\n<p>Beide Seiten und Schloss sind im Lieferumfang enthalten.<\/p>\n<p><strong>Dieses Produkt h\u00e4lt bis zu 12 mm Glas, abh\u00e4ngig vom Gewicht des angebrachten Zubeh\u00f6rs.<\/strong><\/p>\n<p>Der M-Rack Magnet PUK wurde durchdacht entworfen, um das Aussehen Ihres Aquariums zu verbessern und gleichzeitig unauff\u00e4llig und hochfunktional zu bleiben. Das M-Rack-Konzept wurde von Experten f\u00fcr die Abdichtung von Elektronik entwickelt und entstand aus dem Bedarf an besseren magnetischen Aquarienzubeh\u00f6rteilen, die nicht auslaufen, eine lange Lebensdauer haben und wiederverwendet werden k\u00f6nnen, anstatt weggeworfen zu werden, wenn Sie eine andere Gr\u00f6\u00dfe oder einen anderen Stil ben\u00f6tigen.<\/p>\n<p><strong>Willkommen bei M-Rack!<\/strong><\/p>\n<p>Um M-Rack zu verwenden, ben\u00f6tigen Sie nur einen PUK-Magneten. Von dort aus k\u00f6nnen Sie jede Zubeh\u00f6rplatte anbringen, die Ihren Anforderungen entspricht, sodass Sie Ihr Setup nach Bedarf erweitern oder verkleinern k\u00f6nnen. Dieser Ansatz maximiert nicht nur Ihre Montagem\u00f6glichkeiten, sondern tr\u00e4gt auch dazu bei, die Menge an Plastikaquarienprodukten, seltenen Erden und Metallen zu minimieren, die auf M\u00fclldeponien landen.<\/p>\n<p>Beide H\u00e4lften des Magneten k\u00f6nnen in nassen oder trockenen Bedingungen verwendet werden, sodass Sie Zubeh\u00f6r ganz einfach an Ihrem Wehrkasten, in Schalen oder wo immer Sie es ben\u00f6tigen, befestigen k\u00f6nnen.<\/p>\n<p>Das Wechseln eines Gestells ist einfach: Dr\u00fccken Sie einfach die mitgelieferte Gummiverriegelung heraus, entfernen Sie die Platte, ersetzen Sie sie durch eine neue und dr\u00fccken Sie die Verriegelung wieder hinein. Wir empfehlen, dies regelm\u00e4\u00dfig zu tun und den Magneten und die Verriegelung zu reinigen, um einen reibungslosen Betrieb gegen Korallenalgen und Schmutz zu gew\u00e4hrleisten.<\/p>\n<ul>\n<li>\u00c4u\u00dfere Magnetabmessungen:<\/li>\n<ul>\n<li>Hintere H\u00e4lfte: 44 mm x 24 mm (B x H)<\/li>\n<li>Vordere H\u00e4lfte (Montageseite): 44 mm x 44 mm (B x H) \u2013 ohne Zubeh\u00f6rplatte<\/li>\n<\/ul>\n<\/ul>\n","protected":false},"excerpt":{"rendered":"<p>ITC M-Rack Magnetic Puk voor maximaal 12 mm glas is nodig in combinatie met de ITC frag racks<\/p>\n","protected":false},"featured_media":92455,"template":"","meta":[],"pwb-brand":[2305],"product_cat":[1461],"product_tag":[],"class_list":{"0":"post-121411","1":"product","2":"type-product","3":"status-publish","4":"has-post-thumbnail","6":"pwb-brand-itc-reefculture","7":"product_cat-schneidzubehoer","9":"first","10":"instock","11":"taxable","12":"shipping-taxable","13":"purchasable","14":"product-type-simple"},"acf":[],"brands":[{"id":2305,"name":"ITC Reefculture","slug":"itc-reefculture"}],"_links":{"self":[{"href":"https:\/\/www.seaflowerstore.com\/de\/wp-json\/wp\/v2\/product\/121411","targetHints":{"allow":["GET"]}}],"collection":[{"href":"https:\/\/www.seaflowerstore.com\/de\/wp-json\/wp\/v2\/product"}],"about":[{"href":"https:\/\/www.seaflowerstore.com\/de\/wp-json\/wp\/v2\/types\/product"}],"wp:featuredmedia":[{"embeddable":true,"href":"https:\/\/www.seaflowerstore.com\/de\/wp-json\/wp\/v2\/media\/92455"}],"wp:attachment":[{"href":"https:\/\/www.seaflowerstore.com\/de\/wp-json\/wp\/v2\/media?parent=121411"}],"wp:term":[{"taxonomy":"pwb-brand","embeddable":true,"href":"https:\/\/www.seaflowerstore.com\/de\/wp-json\/wp\/v2\/pwb-brand?post=121411"},{"taxonomy":"product_cat","embeddable":true,"href":"https:\/\/www.seaflowerstore.com\/de\/wp-json\/wp\/v2\/product_cat?post=121411"},{"taxonomy":"product_tag","embeddable":true,"href":"https:\/\/www.seaflowerstore.com\/de\/wp-json\/wp\/v2\/product_tag?post=121411"}],"curies":[{"name":"wp","href":"https:\/\/api.w.org\/{rel}","templated":true}]}}