{"id":121419,"date":"2024-03-13T15:42:01","date_gmt":"2024-03-22T09:06:25","guid":{"rendered":"https:\/\/www.seaflowerstore.com\/?post_type=product&#038;p=121419"},"modified":"2024-03-22T10:06:25","modified_gmt":"2024-03-22T09:06:25","slug":"itc-m-rack-6-hole-frag-rack","status":"publish","type":"product","link":"https:\/\/www.seaflowerstore.com\/de\/itc-m-rack-6-hole-frag-rack\/","title":{"rendered":"ITC M-Rack 6 Hole Frag Rack"},"content":{"rendered":"<h2>ITC M-Rack 6 Hole Frag Rack<\/h2>\n<p>Die M-Rack 6 Hole Frag Plate ist aus hochwertigem Perspex Cell Cast Acryl gefertigt, was sicherstellt, dass sie viele Jahre unter Wasser eine ausgezeichnete Haltbarkeit bietet. Sie beeintr\u00e4chtigt weder Ihre Wasserqualit\u00e4t noch zersetzt sie sich mit der Zeit. Au\u00dferdem beh\u00e4lt sie ihr elegantes schwarzes Aussehen sogar unter blauer LED-Beleuchtung!<\/p>\n<p>Dieses Produkt wird mit Stolz in Gro\u00dfbritannien von ITC Reefculture hergestellt und ist kein 3D-gedruckter Artikel.<\/p>\n<p><strong>Abmessungen:<\/strong> 125 mm x 60 mm<\/p>\n<div>\n<p>Bitte beachten Sie, dass f\u00fcr dieses Rack ein M-Rack PUK erforderlich ist, der <strong>separat erh\u00e4ltlich ist.<\/strong><\/p>\n<\/div>\n","protected":false},"excerpt":{"rendered":"<p>Kaufen Sie ITC Aquatics M-Rack 6-Loch-Fragmentregal zur Pr\u00e4sentation Ihrer wundersch\u00f6nen Fragmente bei seaflowerstore<\/p>\n","protected":false},"featured_media":92449,"template":"","meta":[],"pwb-brand":[2305],"product_cat":[1461],"product_tag":[],"class_list":{"0":"post-121419","1":"product","2":"type-product","3":"status-publish","4":"has-post-thumbnail","6":"pwb-brand-itc-reefculture","7":"product_cat-schneidzubehoer","9":"first","10":"instock","11":"taxable","12":"shipping-taxable","13":"purchasable","14":"product-type-simple"},"acf":[],"brands":[{"id":2305,"name":"ITC Reefculture","slug":"itc-reefculture"}],"_links":{"self":[{"href":"https:\/\/www.seaflowerstore.com\/de\/wp-json\/wp\/v2\/product\/121419","targetHints":{"allow":["GET"]}}],"collection":[{"href":"https:\/\/www.seaflowerstore.com\/de\/wp-json\/wp\/v2\/product"}],"about":[{"href":"https:\/\/www.seaflowerstore.com\/de\/wp-json\/wp\/v2\/types\/product"}],"wp:featuredmedia":[{"embeddable":true,"href":"https:\/\/www.seaflowerstore.com\/de\/wp-json\/wp\/v2\/media\/92449"}],"wp:attachment":[{"href":"https:\/\/www.seaflowerstore.com\/de\/wp-json\/wp\/v2\/media?parent=121419"}],"wp:term":[{"taxonomy":"pwb-brand","embeddable":true,"href":"https:\/\/www.seaflowerstore.com\/de\/wp-json\/wp\/v2\/pwb-brand?post=121419"},{"taxonomy":"product_cat","embeddable":true,"href":"https:\/\/www.seaflowerstore.com\/de\/wp-json\/wp\/v2\/product_cat?post=121419"},{"taxonomy":"product_tag","embeddable":true,"href":"https:\/\/www.seaflowerstore.com\/de\/wp-json\/wp\/v2\/product_tag?post=121419"}],"curies":[{"name":"wp","href":"https:\/\/api.w.org\/{rel}","templated":true}]}}