{"id":121420,"date":"2024-03-13T10:05:36","date_gmt":"2024-03-13T09:05:36","guid":{"rendered":"https:\/\/www.seaflowerstore.com\/?post_type=product&#038;p=121420"},"modified":"2024-11-21T13:24:59","modified_gmt":"2024-11-21T12:24:59","slug":"fleece-roll-red-sea-reefmat-250","status":"publish","type":"product","link":"https:\/\/www.seaflowerstore.com\/de\/fleece-roll-red-sea-reefmat-250\/","title":{"rendered":"Fleece-Roll Red Sea ReefMat 250"},"content":{"rendered":"<h2>Red Sea Fleece-Roll 250 replacement roll for de REEFMAT 250!<\/h2>\n<p>Die Red Sea ReefMat ist intelligent, Plug-and-Play-f\u00e4hig und effizient konzipiert. Dieser vollautomatische Vliesrollenfilter h\u00e4lt Ihr Aquarienwasser wochenlang kristallklar. Er wurde speziell f\u00fcr Hobbyanwender entwickelt und verf\u00fcgt \u00fcber ein unkompliziertes Vliesmatten-Austauschsystem, mit dem Sie die Rollen wechseln k\u00f6nnen, ohne den Filter aus dem Sumpf nehmen oder die Pumpen ausschalten zu m\u00fcssen.<\/p>\n<p><strong>Funktionen:<\/strong><\/p>\n<ul>\n<li>L\u00e4nge: 32 Fu\u00df<\/li>\n<li>Effiziente, hochdurchl\u00e4ssige, skimmerfreundliche, 50 g\/m\u00b2 schwere Vliesmattenrollen aus Polyester.<\/li>\n<\/ul>\n","protected":false},"excerpt":{"rendered":"<p>Red Sea Fleece-Roll 250 replacement roll for de REEFMAT 250!<\/p>\n","protected":false},"featured_media":92439,"template":"","meta":[],"pwb-brand":[2125],"product_cat":[1403,1404],"product_tag":[],"class_list":{"0":"post-121420","1":"product","2":"type-product","3":"status-publish","4":"has-post-thumbnail","6":"pwb-brand-red-sea","7":"product_cat-beutel-filterung","8":"product_cat-redsea-de","10":"first","11":"instock","12":"taxable","13":"shipping-taxable","14":"purchasable","15":"product-type-simple"},"acf":[],"brands":[{"id":2125,"name":"Red Sea","slug":"red-sea"}],"_links":{"self":[{"href":"https:\/\/www.seaflowerstore.com\/de\/wp-json\/wp\/v2\/product\/121420","targetHints":{"allow":["GET"]}}],"collection":[{"href":"https:\/\/www.seaflowerstore.com\/de\/wp-json\/wp\/v2\/product"}],"about":[{"href":"https:\/\/www.seaflowerstore.com\/de\/wp-json\/wp\/v2\/types\/product"}],"wp:featuredmedia":[{"embeddable":true,"href":"https:\/\/www.seaflowerstore.com\/de\/wp-json\/wp\/v2\/media\/92439"}],"wp:attachment":[{"href":"https:\/\/www.seaflowerstore.com\/de\/wp-json\/wp\/v2\/media?parent=121420"}],"wp:term":[{"taxonomy":"pwb-brand","embeddable":true,"href":"https:\/\/www.seaflowerstore.com\/de\/wp-json\/wp\/v2\/pwb-brand?post=121420"},{"taxonomy":"product_cat","embeddable":true,"href":"https:\/\/www.seaflowerstore.com\/de\/wp-json\/wp\/v2\/product_cat?post=121420"},{"taxonomy":"product_tag","embeddable":true,"href":"https:\/\/www.seaflowerstore.com\/de\/wp-json\/wp\/v2\/product_tag?post=121420"}],"curies":[{"name":"wp","href":"https:\/\/api.w.org\/{rel}","templated":true}]}}