{"id":121425,"date":"2024-01-30T16:22:22","date_gmt":"2024-03-22T09:15:21","guid":{"rendered":"https:\/\/www.seaflowerstore.com\/?post_type=product&#038;p=121425"},"modified":"2024-03-22T10:15:21","modified_gmt":"2024-03-22T09:15:21","slug":"arka-in-line-tds-meter","status":"publish","type":"product","link":"https:\/\/www.seaflowerstore.com\/de\/arka-in-line-tds-meter\/","title":{"rendered":"Arka In-Line TDS Meter"},"content":{"rendered":"<h2>ARKA myAQUA In-Line TDS measuring device enables fast, accurate and permanent determination of the number of dissolved substances (TDS) in water.<\/h2>\n<p>Das ARKA myAQUA In-Line TDS-Messger\u00e4t ist ein fantastisches Werkzeug zur schnellen und genauen Messung der gesamten gel\u00f6sten Feststoffe im Wasser. Mit seinen 1\/4&#8243;-Anschl\u00fcssen ist es perfekt f\u00fcr den Einsatz mit den meisten auf dem Markt erh\u00e4ltlichen Umkehrosmosesystemen geeignet.<\/p>\n<p><strong>TDS-Bereich:<\/strong> 0 \u2013 999 ppm<\/p>\n<p><strong>Genauigkeit:<\/strong> +\/- 2 %<\/p>\n<p><strong>Standby-Stromverlust:<\/strong> 100 \u03bcA<\/p>\n<p><strong>Stromverbrauch:<\/strong> 2,5 mA<\/p>\n<p><strong>Betriebstemperatur:<\/strong> 0 \u2013 50 \u00b0C<\/p>\n<p><strong>Statusanzeige:<\/strong><\/p>\n<p>Dieses Ger\u00e4t zeigt nicht nur den TDS-Wert an, sondern verf\u00fcgt auch \u00fcber eine leicht lesbare Kontrollleuchte, die Ihnen hilft, die Wasserqualit\u00e4t zu verstehen:<\/p>\n<ul>\n<li><strong>Gr\u00fcnes Licht:<\/strong> 0 \u2013 50 ppm<\/li>\n<li><strong>Blaues Licht:<\/strong> 51 \u2013 300 ppm<\/li>\n<li><strong>Rotes Licht:<\/strong> \u00dcber 300 ppm<\/li>\n<\/ul>\n<p>Bitte beachten Sie, dass Wasser mit einem TDS-Wert unter 50 ppm als Osmosewasser gilt. Diese Informationen k\u00f6nnen Ihnen dabei helfen, sicherzustellen, dass Ihre Wasserqualit\u00e4t Ihren Anforderungen entspricht.<\/p>\n","protected":false},"excerpt":{"rendered":"<p>ARKA myAQUA In-Line TDS meetapparaat maakt een snelle, nauwkeurige en permanente bepaling van het aantal opgeloste stoffen (TDS) in water mogelijk<\/p>\n","protected":false},"featured_media":92033,"template":"","meta":[],"pwb-brand":[2253],"product_cat":[1463,1446],"product_tag":[],"class_list":{"0":"post-121425","1":"product","2":"type-product","3":"status-publish","4":"has-post-thumbnail","6":"pwb-brand-arka","7":"product_cat-filter-und-zubehoer","8":"product_cat-testers-de","10":"first","11":"instock","12":"taxable","13":"shipping-taxable","14":"purchasable","15":"product-type-simple"},"acf":[],"brands":[{"id":2253,"name":"Arka","slug":"arka"}],"_links":{"self":[{"href":"https:\/\/www.seaflowerstore.com\/de\/wp-json\/wp\/v2\/product\/121425","targetHints":{"allow":["GET"]}}],"collection":[{"href":"https:\/\/www.seaflowerstore.com\/de\/wp-json\/wp\/v2\/product"}],"about":[{"href":"https:\/\/www.seaflowerstore.com\/de\/wp-json\/wp\/v2\/types\/product"}],"wp:featuredmedia":[{"embeddable":true,"href":"https:\/\/www.seaflowerstore.com\/de\/wp-json\/wp\/v2\/media\/92033"}],"wp:attachment":[{"href":"https:\/\/www.seaflowerstore.com\/de\/wp-json\/wp\/v2\/media?parent=121425"}],"wp:term":[{"taxonomy":"pwb-brand","embeddable":true,"href":"https:\/\/www.seaflowerstore.com\/de\/wp-json\/wp\/v2\/pwb-brand?post=121425"},{"taxonomy":"product_cat","embeddable":true,"href":"https:\/\/www.seaflowerstore.com\/de\/wp-json\/wp\/v2\/product_cat?post=121425"},{"taxonomy":"product_tag","embeddable":true,"href":"https:\/\/www.seaflowerstore.com\/de\/wp-json\/wp\/v2\/product_tag?post=121425"}],"curies":[{"name":"wp","href":"https:\/\/api.w.org\/{rel}","templated":true}]}}