{"id":121427,"date":"2023-12-26T11:11:11","date_gmt":"2024-03-22T09:17:43","guid":{"rendered":"https:\/\/www.seaflowerstore.com\/?post_type=product&#038;p=121427"},"modified":"2024-03-22T10:17:44","modified_gmt":"2024-03-22T09:17:44","slug":"icp-xtra-d-2kg-mgcl2%c2%b76h2o","status":"publish","type":"product","link":"https:\/\/www.seaflowerstore.com\/de\/icp-xtra-d-2kg-mgcl2%c2%b76h2o\/","title":{"rendered":"ICP Xtra D &#8211; 2kg (MgCl2\u00b76H2O)"},"content":{"rendered":"<h2>Aqua Medic ICP Xtra D &#8211; 2kg (MgCl2\u00b76H2O) magnesium supply in saltwater aquaria<\/h2>\n<p>Die ICP Xtra-Produkte A, B, C und D bieten wichtige Inhaltsstoffe, um Aquarienwasser mit dem f\u00fcr die Kalkbildung notwendigen Kalzium, Magnesium und Karbonat anzureichern. Dies sorgt f\u00fcr eine ausgewogene und stabile Umgebung, die f\u00fcr die erfolgreiche Haltung von Meerwasserfischen und Korallen entscheidend ist.<\/p>\n<p>Die Komponenten k\u00f6nnen einzeln oder zusammen verwendet werden, sodass Sie die Balling- oder Balling Light-Methode problemlos umsetzen k\u00f6nnen. Zur unkomplizierten Anwendung empfiehlt sich die Verwendung einer Dosierpumpe.<\/p>\n<p><strong>ICP Xtra D<\/strong><\/p>\n<p>Magnesiumchlorid (Hexahydrat) (MgCl2 \u00b7 6 H2O) dient zur Magnesiumversorgung von Meerwasseraquarien.<\/p>\n<p><strong>Anwendungshinweise:<\/strong><\/p>\n<ul>\n<li><strong>Anwendung als Einzelkomponente:<\/strong> Durch Zugabe von <strong>10 g<\/strong> Magnesiumchlorid-Hexahydrat pro <strong>100 l<\/strong> Aquarienwasser erh\u00f6ht sich der Magnesiumgehalt um ca. <strong>1,2 mg\/l.<\/strong><\/li>\n<li><strong>Anwendung als Balling-Komponente:<\/strong> Vor der Anwendung ist unbedingt eine fl\u00fcssige L\u00f6sung mit Osmosewasser herzustellen. Die maximale L\u00f6slichkeit liegt bei ca. <strong>1.200 g<\/strong> Magnesiumchlorid-Hexahydrat pro <strong>1 l<\/strong> Osmosewasser.<\/li>\n<\/ul>\n<p><strong>Zutat:<\/strong> Magnesiumchlorid (Hexahydrat) <br \/>\n<strong>EG-Nr.:<\/strong> 232-094-6<\/p>\n<p><strong>Allgemeiner Hinweis:<\/strong> F\u00fcr die Balling-Methode (Standard) werden die Komponenten ICP Xtra A, B und C ben\u00f6tigt. F\u00fcr die Balling-Light-Methode werden die Komponenten ICP Xtra A, B und D ben\u00f6tigt.<\/p>\n","protected":false},"excerpt":{"rendered":"<p>Aqua Medic ICP Xtra D &#8211; 2kg (MgCl2\u00b76H2O) toevoeging van magnesium in zeewateraquaria<\/p>\n","protected":false},"featured_media":91741,"template":"","meta":[],"pwb-brand":[2149],"product_cat":[1391,1421],"product_tag":[],"class_list":{"0":"post-121427","1":"product","2":"type-product","3":"status-publish","4":"has-post-thumbnail","6":"pwb-brand-aqua-medic","7":"product_cat-ergaenzungen","8":"product_cat-aqua-medic-de","10":"first","11":"outofstock","12":"taxable","13":"shipping-taxable","14":"purchasable","15":"product-type-simple"},"acf":[],"brands":[{"id":2149,"name":"Aqua Medic","slug":"aqua-medic"}],"_links":{"self":[{"href":"https:\/\/www.seaflowerstore.com\/de\/wp-json\/wp\/v2\/product\/121427","targetHints":{"allow":["GET"]}}],"collection":[{"href":"https:\/\/www.seaflowerstore.com\/de\/wp-json\/wp\/v2\/product"}],"about":[{"href":"https:\/\/www.seaflowerstore.com\/de\/wp-json\/wp\/v2\/types\/product"}],"wp:featuredmedia":[{"embeddable":true,"href":"https:\/\/www.seaflowerstore.com\/de\/wp-json\/wp\/v2\/media\/91741"}],"wp:attachment":[{"href":"https:\/\/www.seaflowerstore.com\/de\/wp-json\/wp\/v2\/media?parent=121427"}],"wp:term":[{"taxonomy":"pwb-brand","embeddable":true,"href":"https:\/\/www.seaflowerstore.com\/de\/wp-json\/wp\/v2\/pwb-brand?post=121427"},{"taxonomy":"product_cat","embeddable":true,"href":"https:\/\/www.seaflowerstore.com\/de\/wp-json\/wp\/v2\/product_cat?post=121427"},{"taxonomy":"product_tag","embeddable":true,"href":"https:\/\/www.seaflowerstore.com\/de\/wp-json\/wp\/v2\/product_tag?post=121427"}],"curies":[{"name":"wp","href":"https:\/\/api.w.org\/{rel}","templated":true}]}}