{"id":121429,"date":"2023-12-26T11:02:03","date_gmt":"2024-03-22T09:18:21","guid":{"rendered":"https:\/\/www.seaflowerstore.com\/?post_type=product&#038;p=121429"},"modified":"2024-03-22T10:18:51","modified_gmt":"2024-03-22T09:18:51","slug":"icp-xtra-c-2kg-nacl-free","status":"publish","type":"product","link":"https:\/\/www.seaflowerstore.com\/de\/icp-xtra-c-2kg-nacl-free\/","title":{"rendered":"ICP Xtra C &#8211; 2kg (NaCl-free)"},"content":{"rendered":"<h2>Aqua Medic ICP Xtra C &#8211; 2kg (NaCl-free) for preparing a balanced salt mixture in the saltwater aquarium, without sodium chloride<\/h2>\n<p>Die Produkte ICP Xtra A, B, C und D liefern die wesentlichen Bestandteile, die zur Anreicherung des Aquarienwassers mit Kalzium, Magnesium und Karbonat erforderlich sind, die f\u00fcr die Kalkbildung unerl\u00e4sslich sind. Dies gew\u00e4hrleistet eine ausgewogene und stabile Umgebung f\u00fcr die erfolgreiche Haltung von Meerwasserfischen und Korallen.<\/p>\n<p>Die Komponenten k\u00f6nnen einzeln oder in Kombination verwendet werden, sodass Sie Ihre Vorr\u00e4te mit der Balling- oder Balling-Light-Methode verwalten k\u00f6nnen. Es ist sehr benutzerfreundlich und wir empfehlen, es mit einer Dosierpumpe hinzuzuf\u00fcgen.<\/p>\n<p><strong>ICP Xtra C<\/strong><\/p>\n<p>NaCl-freies Meersalz zur Herstellung einer ausgewogenen Salzmischung im Meerwasseraquarium, ohne Natriumchlorid.<\/p>\n<p><strong>Verwendung als Einzelkomponente:<\/strong><\/p>\n<p>Nicht empfohlen.<\/p>\n<p><strong>Verwendung als Balling-Komponente:<\/strong><\/p>\n<p>Vor der Verwendung muss zwingend eine fl\u00fcssige L\u00f6sung mit Osmosewasser hergestellt werden.<\/p>\n<p><strong>Dosierung:<\/strong><\/p>\n<ul>\n<li>1. Dosierung abh\u00e4ngig von der zugesetzten Menge Natriumhydrogencarbonat: Pro <strong>100 g<\/strong> Natriumhydrogencarbonat werden <strong>37 g<\/strong> NaCl-freies Meersalz ben\u00f6tigt.<\/li>\n<li><strong>Oder<\/strong><\/li>\n<li>2. Dosierung abh\u00e4ngig von der zugesetzten Menge Calciumchlorid-Dihydrat: Pro <strong>100 g<\/strong> Calciumchlorid-Dihydrat werden <strong>80 g<\/strong> NaCl-freies Meersalz ben\u00f6tigt.<\/li>\n<\/ul>\n<p><strong>WARNUNG<\/strong><\/p>\n<p>Inhaltsstoffe: Calciumchlorid-Dihydrat, Magnesiumchlorid-Hexahydrat, Kaliumchlorid, Natriumsulfat, Natriumhydrogencarbonat<\/p>\n<p>UFI-Code: 4910-S03Y-T008-RJEV<\/p>\n<p><strong>Gefahrenhinweise:<\/strong><\/p>\n<p>H319 Verursacht schwere Augenreizung.<\/p>\n<p><strong>Sicherheitshinweise:<\/strong><\/p>\n<ul>\n<li>P261 Einatmen von Staub vermeiden.<\/li>\n<li>P264 Nach Gebrauch H\u00e4nde gr\u00fcndlich waschen.<\/li>\n<li>P280 Schutzhandschuhe, Schutzkleidung, Augenschutz und Gesichtsschutz tragen.<\/li>\n<li>P305+P351+P338 BEI KONTAKT MIT DEN AUGEN: Einige Minuten lang behutsam mit Wasser sp\u00fclen. Eventuell vorhandene Kontaktlinsen nach M\u00f6glichkeit entfernen. Weiter sp\u00fclen.<\/li>\n<li>P337 + P313 Bei anhaltender Augenreizung \u00e4rztlichen Rat einholen oder \u00e4rztliche Hilfe hinzuziehen.<\/li>\n<\/ul>\n<p><strong>Allgemeiner Hinweis:<\/strong><\/p>\n<p>Bei der Balling-Methode (Standard) werden die Komponenten ICP Xtra A, B und C verwendet. Bei der Balling-Light-Methode werden die Komponenten ICP Xtra A, B und D verwendet.<\/p>\n","protected":false},"excerpt":{"rendered":"<p>Aqua Medic ICP Xtra C &#8211; 2kg (NaCl-free) voor het bereiden van een uitgebalanceerd zoutmengsel in het zeewateraquarium, zonder natriumchloride<\/p>\n","protected":false},"featured_media":91731,"template":"","meta":[],"pwb-brand":[2149],"product_cat":[1391,1421],"product_tag":[],"class_list":{"0":"post-121429","1":"product","2":"type-product","3":"status-publish","4":"has-post-thumbnail","6":"pwb-brand-aqua-medic","7":"product_cat-ergaenzungen","8":"product_cat-aqua-medic-de","10":"first","11":"outofstock","12":"taxable","13":"shipping-taxable","14":"purchasable","15":"product-type-simple"},"acf":[],"brands":[{"id":2149,"name":"Aqua Medic","slug":"aqua-medic"}],"_links":{"self":[{"href":"https:\/\/www.seaflowerstore.com\/de\/wp-json\/wp\/v2\/product\/121429","targetHints":{"allow":["GET"]}}],"collection":[{"href":"https:\/\/www.seaflowerstore.com\/de\/wp-json\/wp\/v2\/product"}],"about":[{"href":"https:\/\/www.seaflowerstore.com\/de\/wp-json\/wp\/v2\/types\/product"}],"wp:featuredmedia":[{"embeddable":true,"href":"https:\/\/www.seaflowerstore.com\/de\/wp-json\/wp\/v2\/media\/91731"}],"wp:attachment":[{"href":"https:\/\/www.seaflowerstore.com\/de\/wp-json\/wp\/v2\/media?parent=121429"}],"wp:term":[{"taxonomy":"pwb-brand","embeddable":true,"href":"https:\/\/www.seaflowerstore.com\/de\/wp-json\/wp\/v2\/pwb-brand?post=121429"},{"taxonomy":"product_cat","embeddable":true,"href":"https:\/\/www.seaflowerstore.com\/de\/wp-json\/wp\/v2\/product_cat?post=121429"},{"taxonomy":"product_tag","embeddable":true,"href":"https:\/\/www.seaflowerstore.com\/de\/wp-json\/wp\/v2\/product_tag?post=121429"}],"curies":[{"name":"wp","href":"https:\/\/api.w.org\/{rel}","templated":true}]}}