{"id":121430,"date":"2023-12-26T10:53:15","date_gmt":"2024-03-22T09:19:44","guid":{"rendered":"https:\/\/www.seaflowerstore.com\/?post_type=product&#038;p=121430"},"modified":"2024-03-22T10:19:44","modified_gmt":"2024-03-22T09:19:44","slug":"icp-xtra-b-2kg-cacl2-2h2o","status":"publish","type":"product","link":"https:\/\/www.seaflowerstore.com\/de\/icp-xtra-b-2kg-cacl2-2h2o\/","title":{"rendered":"ICP Xtra B &#8211; 2kg (CaCl2- 2H2O)"},"content":{"rendered":"<h2>Aqua Medic ICP Xtra B &#8211; 2kg (CaCl2-2H2O) for calcium supply in saltwater aquaria<\/h2>\n<p>Die Produkte ICP Xtra A, B, C und D enthalten die wesentlichen Bestandteile, die Sie ben\u00f6tigen, um Ihr Aquarienwasser mit Kalzium, Magnesium und Karbonat zu versorgen, die f\u00fcr die Kalkbildung entscheidend sind. Dies tr\u00e4gt dazu bei, eine ausgewogene und stabile Umgebung f\u00fcr die erfolgreiche Haltung von Meeresfischen und Korallen zu schaffen.<\/p>\n<p>Die Komponenten k\u00f6nnen einzeln oder kombiniert verwendet werden, sodass Sie die Versorgung entweder mit der Balling- oder der Balling-Light-Methode betreiben k\u00f6nnen. Es ist sehr benutzerfreundlich und sollte mithilfe einer Dosierpumpe zugegeben werden.<\/p>\n<p><strong>ICP Xtra B<\/strong><\/p>\n<p>Calciumchlorid-Dihydrat (CaCl2 &#8211; 2 H2O) ist speziell f\u00fcr die Kalziumversorgung von Meerwasseraquarien konzipiert.<\/p>\n<p><strong>Verwendung als Einzelkomponente:<\/strong><\/p>\n<ul>\n<li>10 g Calciumchlorid-Dihydrat pro 100 Liter Aquarienwasser erh\u00f6hen den Kalziumgehalt um etwa 2,7 mg\/l.<\/li>\n<\/ul>\n<p><strong>Verwendung als Balling-Komponente:<\/strong><\/p>\n<ul>\n<li>Vor der Verwendung ist es wichtig, eine fl\u00fcssige L\u00f6sung mit Osmosewasser herzustellen. Die maximale L\u00f6slichkeit betr\u00e4gt ca. 1.280 g Calciumchlorid-Dihydrat pro 1 Liter Osmosewasser.<\/li>\n<\/ul>\n<p><strong>WARNUNG<\/strong><\/p>\n<ul>\n<li>Inhaltsstoff: Calciumchlorid-Dihydrat<\/li>\n<li>UFI-Code: G710-80EK-G00S-36UTEC-Nr.: 600-075-5<\/li>\n<\/ul>\n<p><strong>Gefahrenhinweise:<\/strong><\/p>\n<ul>\n<li>H319 Verursacht schwere Augenreizung.<\/li>\n<\/ul>\n<p><strong>Sicherheitsvorkehrungen:<\/strong><\/p>\n<ul>\n<li>P280 Schutzhandschuhe und Augenschutz tragen.<\/li>\n<li>P305 + P351 + P338 BEI KONTAKT MIT DEN AUGEN: Einige Minuten lang behutsam mit Wasser sp\u00fclen. Eventuell vorhandene und leicht entfernbare Kontaktlinsen entfernen. Weiter sp\u00fclen.<\/li>\n<\/ul>\n","protected":false},"excerpt":{"rendered":"<p>Aqua Medic ICP Xtra B &#8211; 2kg (CaCl2-2H2O) calcium supplement voor zeewateraquaria<\/p>\n","protected":false},"featured_media":91726,"template":"","meta":[],"pwb-brand":[2149],"product_cat":[1391,1421],"product_tag":[],"class_list":{"0":"post-121430","1":"product","2":"type-product","3":"status-publish","4":"has-post-thumbnail","6":"pwb-brand-aqua-medic","7":"product_cat-ergaenzungen","8":"product_cat-aqua-medic-de","10":"first","11":"outofstock","12":"taxable","13":"shipping-taxable","14":"purchasable","15":"product-type-simple"},"acf":[],"brands":[{"id":2149,"name":"Aqua Medic","slug":"aqua-medic"}],"_links":{"self":[{"href":"https:\/\/www.seaflowerstore.com\/de\/wp-json\/wp\/v2\/product\/121430","targetHints":{"allow":["GET"]}}],"collection":[{"href":"https:\/\/www.seaflowerstore.com\/de\/wp-json\/wp\/v2\/product"}],"about":[{"href":"https:\/\/www.seaflowerstore.com\/de\/wp-json\/wp\/v2\/types\/product"}],"wp:featuredmedia":[{"embeddable":true,"href":"https:\/\/www.seaflowerstore.com\/de\/wp-json\/wp\/v2\/media\/91726"}],"wp:attachment":[{"href":"https:\/\/www.seaflowerstore.com\/de\/wp-json\/wp\/v2\/media?parent=121430"}],"wp:term":[{"taxonomy":"pwb-brand","embeddable":true,"href":"https:\/\/www.seaflowerstore.com\/de\/wp-json\/wp\/v2\/pwb-brand?post=121430"},{"taxonomy":"product_cat","embeddable":true,"href":"https:\/\/www.seaflowerstore.com\/de\/wp-json\/wp\/v2\/product_cat?post=121430"},{"taxonomy":"product_tag","embeddable":true,"href":"https:\/\/www.seaflowerstore.com\/de\/wp-json\/wp\/v2\/product_tag?post=121430"}],"curies":[{"name":"wp","href":"https:\/\/api.w.org\/{rel}","templated":true}]}}