{"id":121431,"date":"2023-12-26T10:44:22","date_gmt":"2024-03-22T09:20:25","guid":{"rendered":"https:\/\/www.seaflowerstore.com\/?post_type=product&#038;p=121431"},"modified":"2024-03-22T10:20:25","modified_gmt":"2024-03-22T09:20:25","slug":"icp-xtra-a-2kg-nahco3","status":"publish","type":"product","link":"https:\/\/www.seaflowerstore.com\/de\/icp-xtra-a-2kg-nahco3\/","title":{"rendered":"ICP Xtra A &#8211; 2kg (NahCO3)"},"content":{"rendered":"<h2>Aqua Medic ICP Xtra A &#8211; 2 kg (NahCO3) For increasing the carbonate hardness in saltwater aquaria<\/h2>\n<p>Willkommen in der Welt von Aqua Medic ICP Xtra A! Dieses Produkt bietet zusammen mit unseren Optionen B, C und D die wesentlichen Inhaltsstoffe, die Sie ben\u00f6tigen, um Ihr Aquarienwasser mit dem f\u00fcr eine gesunde Kalkbildung erforderlichen Kalzium, Magnesium und Karbonat anzureichern. Mit diesen Komponenten k\u00f6nnen Sie eine ausgewogene und stabile Umgebung schaffen, die eine erfolgreiche Haltung von Meerwasserfischen und Korallen unterst\u00fctzt.<\/p>\n<p>Sie k\u00f6nnen die Komponenten einzeln oder in Kombination verwenden, indem Sie entweder die Balling- oder die Balling-Light-Methode verwenden. Die Anwendung ist unkompliziert und wir empfehlen f\u00fcr optimale Ergebnisse die Zugabe mittels Dosierpumpe.<\/p>\n<p><strong>ICP Xtra A<\/strong> <\/p>\n<p>Natriumhydrogencarbonat (NaHCO3) dient zur Erh\u00f6hung der Karbonath\u00e4rte in Meerwasseraquarien.<\/p>\n<p><strong>Anwendung als Einzelkomponente:<\/strong> <\/p>\n<p>Auf 100 Liter Aquarienwasser werden 3 g Natriumhydrogencarbonat zugegeben, um die Karbonath\u00e4rte um ca. 1\u00b0 dKH anzuheben.<\/p>\n<p><strong>Anwendung als Balling-Komponente:<\/strong> <\/p>\n<p>Vor der Anwendung ist unbedingt eine fl\u00fcssige L\u00f6sung mit Osmosewasser herzustellen. Die maximale L\u00f6slichkeit bei 20 \u00b0C betr\u00e4gt ca. 93 g Natriumhydrogencarbonat pro 1 Liter Osmosewasser.<\/p>\n<p><strong>Zutat:<\/strong> Natriumhydrogencarbonat<\/p>\n<p><strong>EG-Nr.:<\/strong> 205-633-8<\/p>\n<p><strong>Allgemeiner Hinweis:<\/strong> <\/p>\n<p>Bei der Balling-Methode (Standard) sind die Komponenten ICP Xtra A, B und C enthalten. Bei der Balling-Light-Methode verwenden Sie ICP Xtra A, B und D.<\/p>\n","protected":false},"excerpt":{"rendered":"<p>Aqua Medic ICP Xtra A &#8211; 2 kg (NahCO3) voor het verhogen van de carbonaathardheid in zeewateraquaria<\/p>\n","protected":false},"featured_media":91720,"template":"","meta":[],"pwb-brand":[2149],"product_cat":[1391,1421],"product_tag":[],"class_list":{"0":"post-121431","1":"product","2":"type-product","3":"status-publish","4":"has-post-thumbnail","6":"pwb-brand-aqua-medic","7":"product_cat-ergaenzungen","8":"product_cat-aqua-medic-de","10":"first","11":"outofstock","12":"taxable","13":"shipping-taxable","14":"purchasable","15":"product-type-simple"},"acf":[],"brands":[{"id":2149,"name":"Aqua Medic","slug":"aqua-medic"}],"_links":{"self":[{"href":"https:\/\/www.seaflowerstore.com\/de\/wp-json\/wp\/v2\/product\/121431","targetHints":{"allow":["GET"]}}],"collection":[{"href":"https:\/\/www.seaflowerstore.com\/de\/wp-json\/wp\/v2\/product"}],"about":[{"href":"https:\/\/www.seaflowerstore.com\/de\/wp-json\/wp\/v2\/types\/product"}],"wp:featuredmedia":[{"embeddable":true,"href":"https:\/\/www.seaflowerstore.com\/de\/wp-json\/wp\/v2\/media\/91720"}],"wp:attachment":[{"href":"https:\/\/www.seaflowerstore.com\/de\/wp-json\/wp\/v2\/media?parent=121431"}],"wp:term":[{"taxonomy":"pwb-brand","embeddable":true,"href":"https:\/\/www.seaflowerstore.com\/de\/wp-json\/wp\/v2\/pwb-brand?post=121431"},{"taxonomy":"product_cat","embeddable":true,"href":"https:\/\/www.seaflowerstore.com\/de\/wp-json\/wp\/v2\/product_cat?post=121431"},{"taxonomy":"product_tag","embeddable":true,"href":"https:\/\/www.seaflowerstore.com\/de\/wp-json\/wp\/v2\/product_tag?post=121431"}],"curies":[{"name":"wp","href":"https:\/\/api.w.org\/{rel}","templated":true}]}}