{"id":121432,"date":"2023-12-18T11:02:20","date_gmt":"2024-03-22T09:22:39","guid":{"rendered":"https:\/\/www.seaflowerstore.com\/?post_type=product&#038;p=121432"},"modified":"2024-10-13T18:26:55","modified_gmt":"2024-10-13T16:26:55","slug":"octo-2-0m-extension-cable-geschikt-voor-varios-pomp","status":"publish","type":"product","link":"https:\/\/www.seaflowerstore.com\/de\/octo-2-0m-extension-cable-geschikt-voor-varios-pomp\/","title":{"rendered":"Octo 2.0m Extension Cable (geschikt voor VarioS pomp)"},"content":{"rendered":"<h2>Octo 2.0m Extension Cable (suitable for all VarioS pump)<\/h2>\n<p>Mit diesem Verl\u00e4ngerungskabel k\u00f6nnen Sie ganz einfach den Abstand zwischen Ihrer Reef Octopus RODC-, VarioS- oder Octo Pulse-Pumpe mit variabler Geschwindigkeit und deren Steuerung vergr\u00f6\u00dfern. Mit einem wasserdichten Stecker und einer Buchse k\u00f6nnen Sie die Reichweite von der Pumpe zur Steuerung zuverl\u00e4ssig verl\u00e4ngern.<\/p>\n","protected":false},"excerpt":{"rendered":"<p>Octo 2.0m Extension Cable (passend f\u00fcr alle VarioS- und Pulse-Pumpen)<\/p>\n","protected":false},"featured_media":91659,"template":"","meta":[],"pwb-brand":[2295],"product_cat":[1388,1418],"product_tag":[],"class_list":{"0":"post-121432","1":"product","2":"type-product","3":"status-publish","4":"has-post-thumbnail","6":"pwb-brand-reef-octopus","7":"product_cat-stroemungspumpen","8":"product_cat-teile","10":"first","11":"outofstock","12":"taxable","13":"shipping-taxable","14":"purchasable","15":"product-type-simple"},"acf":[],"brands":[{"id":2295,"name":"Reef OCTOpus","slug":"reef-octopus"}],"_links":{"self":[{"href":"https:\/\/www.seaflowerstore.com\/de\/wp-json\/wp\/v2\/product\/121432","targetHints":{"allow":["GET"]}}],"collection":[{"href":"https:\/\/www.seaflowerstore.com\/de\/wp-json\/wp\/v2\/product"}],"about":[{"href":"https:\/\/www.seaflowerstore.com\/de\/wp-json\/wp\/v2\/types\/product"}],"wp:featuredmedia":[{"embeddable":true,"href":"https:\/\/www.seaflowerstore.com\/de\/wp-json\/wp\/v2\/media\/91659"}],"wp:attachment":[{"href":"https:\/\/www.seaflowerstore.com\/de\/wp-json\/wp\/v2\/media?parent=121432"}],"wp:term":[{"taxonomy":"pwb-brand","embeddable":true,"href":"https:\/\/www.seaflowerstore.com\/de\/wp-json\/wp\/v2\/pwb-brand?post=121432"},{"taxonomy":"product_cat","embeddable":true,"href":"https:\/\/www.seaflowerstore.com\/de\/wp-json\/wp\/v2\/product_cat?post=121432"},{"taxonomy":"product_tag","embeddable":true,"href":"https:\/\/www.seaflowerstore.com\/de\/wp-json\/wp\/v2\/product_tag?post=121432"}],"curies":[{"name":"wp","href":"https:\/\/api.w.org\/{rel}","templated":true}]}}