{"id":121436,"date":"2023-11-30T14:19:24","date_gmt":"2024-03-22T09:21:47","guid":{"rendered":"https:\/\/www.seaflowerstore.com\/?post_type=product&#038;p=121436"},"modified":"2025-01-08T13:07:30","modified_gmt":"2025-01-08T12:07:30","slug":"arka-myaqua-multifilter-4l","status":"publish","type":"product","link":"https:\/\/www.seaflowerstore.com\/de\/arka-myaqua-multifilter-4l\/","title":{"rendered":"ARKA myAqua Multifilter 4L"},"content":{"rendered":"<h2>ARKA myAqua Multifilter 4L is ideal for filling with resin\/mixed bed resin, absorbers and many other filter materials<\/h2>\n<p>Der ARKA myAqua Multifilter 4L eignet sich optimal zum Bef\u00fcllen mit Harzen, Mischbettharzen, Absorbern und einer Vielzahl weiterer Filtermaterialien, darunter auch Aktivkohle. Er verf\u00fcgt \u00fcber ein eingebautes 1 Zoll wasserneutrales Kunststoffgewinde sowie \u00dcberg\u00e4nge von 1 Zoll auf \u00be Zoll und \u00bc Zoll f\u00fcr den Wasserein- und -auslass und ist somit vielseitig einsetzbar. Sie k\u00f6nnen ihn sowohl als nachgeschalteten Harzfilter an Umkehrosmoseanlagen als auch f\u00fcr viele weitere Anwendungen nutzen.<\/p>\n<ul>\n<li>F\u00fcllvolumen: 4000 ml<\/li>\n<li>Multifunktional: Bef\u00fcllbar mit Harz, Mischbettharz, Absorbern und verschiedenen Filtermaterialien wie Aktivkohle<\/li>\n<li>Effizient, langlebig und zuverl\u00e4ssig<\/li>\n<li>Einfache Handhabung<\/li>\n<li>Nachf\u00fcllbar<\/li>\n<li>Druckfest bis 28 bar<\/li>\n<li>Maximale Dichtigkeit<\/li>\n<\/ul>\n<p>Ein weiteres tolles Feature ist die standardisierte Filtergeh\u00e4usegr\u00f6\u00dfe von 20 x 4,5 Zoll, die den Einsatz unterschiedlicher Innenkartuschen dieser Gr\u00f6\u00dfe erm\u00f6glicht. Der <strong>ARKA myAQUA Multifilter 4000<\/strong> besteht aus hochfestem, lebensmittelechtem Kunststoff (PP) und ist zudem druckfest bis 28 bar. Die doppelte O-Ring-Dichtung garantiert h\u00f6chste Dichtheit.<\/p>\n<p>Die wiederbef\u00fcllbare Innenkartusche verf\u00fcgt beidseitig \u00fcber integrierte Feinfilter, die das Eindringen von Schwebstoffen in den Innenfilter verhindern und Abrieb sowie Teile des Harzes bzw. Filtermaterials sicher zur\u00fcckhalten. Zus\u00e4tzlich liegen noch zwei extra Filterschw\u00e4mme bei, welche je nach Material und F\u00fcllmenge bedarfsgerecht positioniert werden k\u00f6nnen.<\/p>\n<p><strong>Lieferumfang:<\/strong><\/p>\n<ul>\n<li>1x Filtergeh\u00e4use<\/li>\n<li>1x Filterkartusche 4000 ml<\/li>\n<li>2x Filterschwamm<\/li>\n<li>2x Reduzierst\u00fcck 1 Zoll auf \u00be Zoll<\/li>\n<li>2x Verbinder \u00be Zoll auf \u00bc Zoll<\/li>\n<li>1x Wandhalterung inkl. Schrauben<\/li>\n<li>1x Kartuschenschl\u00fcssel<\/li>\n<li>4 m Teflonband<\/li>\n<\/ul>\n<p><strong>Montage:<\/strong><\/p>\n<ul>\n<li>Montieren Sie zun\u00e4chst die mitgelieferte Wandhalterung wie auf dem Bild gezeigt und befestigen Sie den ARKA myAQUA 4000 fest daran. Achten Sie dabei auf einen festen Sitz der Schrauben. Entfernen Sie den Boden des Multifilters mit dem mitgelieferten Filterkartuschenschl\u00fcssel.<\/li>\n<li>Nehmen Sie anschlie\u00dfend die innere nachf\u00fcllbare Kartusche heraus und \u00f6ffnen Sie diese durch Abschrauben der oberen Schraubkappe. Bef\u00fcllen Sie die innere Kartusche mit dem ben\u00f6tigten Material, schrauben Sie die Abdeckung wieder auf und setzen Sie sie wieder in das Filtergeh\u00e4use ein.<\/li>\n<li>Schrauben Sie den Korpus mit dem Filterkartuschenschl\u00fcssel wieder auf die Filterabdeckung. WICHTIG: Stellen Sie sicher, dass die Verbindung zwischen Korpus und Abdeckung dicht ist.<\/li>\n<li>Schlie\u00dfen Sie den Wasserzulauf- und Ablaufschlauch an die markierten Wasserein- und -ausl\u00e4sse an und achten Sie dabei auf den korrekten und festen Anschluss der Schl\u00e4uche. Achten Sie dabei auf die Markierungen IN (Wasserzulauf) und OUT (Wasserablauf).<\/li>\n<\/ul>\n<p><strong>ACHTUNG:<\/strong><\/p>\n<p>Wenn Sie die mitgelieferten Adapter verwenden m\u00f6chten, achten Sie darauf, dass die Dichtungen bzw. O-Ringe eingesetzt sind. Alternativ k\u00f6nnen Sie die Gewindeenden mehrfach mit dem mitgelieferten Teflonband umwickeln. Wenn Sie die \u00be Zoll auf \u00bc Zoll Adapter verwenden, entfernen Sie vor dem Einstecken des Schlauches unbedingt die blauen Sicherungsringe und dr\u00fccken Sie den Nippel nach unten. Sobald der Schlauch an Ort und Stelle ist, setzen Sie die Sicherungsringe wieder ein.<\/p>\n<p>Um das Geh\u00e4use zu entl\u00fcften, dr\u00fccken und halten Sie den roten Entl\u00fcftungsknopf oben auf der Filterabdeckung, bis Wasser austritt.<\/p>\n<p><strong>WICHTIG:<\/strong><\/p>\n<p>Verwenden Sie immer die mitgelieferte Wandhalterung oder stellen Sie sicher, dass der ARKA myAQUA Multifilter 4000 stabil steht, um ein Umfallen zu vermeiden. Bitte beachten Sie die maximale Druckfestigkeit von 28 bar. F\u00fcr eine optimale Leistung empfehlen wir die Verwendung der beiden lose beiliegenden Filterschw\u00e4mme.<\/p>\n","protected":false},"excerpt":{"rendered":"<p>ARKA myAqua Multifilter 4L is ideaal voor het vullen met hars\/mengbedhars, absorbers en vele andere filtermaterialen<\/p>\n","protected":false},"featured_media":91439,"template":"","meta":[],"pwb-brand":[2253],"product_cat":[1463],"product_tag":[],"class_list":{"0":"post-121436","1":"product","2":"type-product","3":"status-publish","4":"has-post-thumbnail","6":"pwb-brand-arka","7":"product_cat-filter-und-zubehoer","9":"first","10":"instock","11":"taxable","12":"shipping-taxable","13":"purchasable","14":"product-type-simple"},"acf":[],"brands":[{"id":2253,"name":"Arka","slug":"arka"}],"_links":{"self":[{"href":"https:\/\/www.seaflowerstore.com\/de\/wp-json\/wp\/v2\/product\/121436","targetHints":{"allow":["GET"]}}],"collection":[{"href":"https:\/\/www.seaflowerstore.com\/de\/wp-json\/wp\/v2\/product"}],"about":[{"href":"https:\/\/www.seaflowerstore.com\/de\/wp-json\/wp\/v2\/types\/product"}],"wp:featuredmedia":[{"embeddable":true,"href":"https:\/\/www.seaflowerstore.com\/de\/wp-json\/wp\/v2\/media\/91439"}],"wp:attachment":[{"href":"https:\/\/www.seaflowerstore.com\/de\/wp-json\/wp\/v2\/media?parent=121436"}],"wp:term":[{"taxonomy":"pwb-brand","embeddable":true,"href":"https:\/\/www.seaflowerstore.com\/de\/wp-json\/wp\/v2\/pwb-brand?post=121436"},{"taxonomy":"product_cat","embeddable":true,"href":"https:\/\/www.seaflowerstore.com\/de\/wp-json\/wp\/v2\/product_cat?post=121436"},{"taxonomy":"product_tag","embeddable":true,"href":"https:\/\/www.seaflowerstore.com\/de\/wp-json\/wp\/v2\/product_tag?post=121436"}],"curies":[{"name":"wp","href":"https:\/\/api.w.org\/{rel}","templated":true}]}}