{"id":121437,"date":"2023-11-30T13:44:44","date_gmt":"2024-03-22T09:21:36","guid":{"rendered":"https:\/\/www.seaflowerstore.com\/?post_type=product&#038;p=121437"},"modified":"2025-04-14T12:19:10","modified_gmt":"2025-04-14T10:19:10","slug":"arka-myaqua-ph-tds-ec-measuring-device","status":"publish","type":"product","link":"https:\/\/www.seaflowerstore.com\/de\/arka-myaqua-ph-tds-ec-measuring-device\/","title":{"rendered":"ARKA myAqua pH + TDS\/EC measuring device"},"content":{"rendered":"<h2>ARKA myAqua pH + TDS\/EC measuring device for use in every aquarium, pond, pool<\/h2>\n<p>Das ARKA myAqua Messger\u00e4t dient zur schnellen und genauen Bestimmung des Gesamtgehalts gel\u00f6ster Feststoffe (TDS), der elektrischen Leitf\u00e4higkeit (EC), des pH-Werts und der Temperatur in Wasser und anderen Fl\u00fcssigkeiten. Es eignet sich perfekt f\u00fcr jedes Aquarium, Teich, Pool, sowie f\u00fcr Osmose- und Trinkwasser.<\/p>\n<p><strong>Messbereich:<\/strong><\/p>\n<ul>\n<li><strong>pH:<\/strong> 0,00 \u2013 14,00 pH<\/li>\n<li><strong>TDS:<\/strong> 0 \u2013 9999 ppm<\/li>\n<li><strong>EC:<\/strong> 0 \u2013 9999 \u00b5S\/cm<\/li>\n<\/ul>\n<p><strong>Aufl\u00f6sung:<\/strong><\/p>\n<ul>\n<li><strong>pH:<\/strong> 0,01 pH<\/li>\n<li><strong>TDS:<\/strong> 1 ppm<\/li>\n<li><strong>EC:<\/strong> 1 \u00b5S\/cm<\/li>\n<\/ul>\n<p><strong>Genauigkeit:<\/strong><\/p>\n<ul>\n<li><strong>pH:<\/strong> +\/- 0,05<\/li>\n<li><strong>TDS:<\/strong> +\/- 2 %<\/li>\n<li><strong>EC:<\/strong> +\/- 2 %<\/li>\n<\/ul>\n<p><strong>Temperaturbereich:<\/strong><\/p>\n<ul>\n<li>0 \u2013 60 \u00b0C (32 \u2013 140 \u00b0F)<\/li>\n<\/ul>\n<p><strong>Automatische Temperaturkompensation (ATC):<\/strong><\/p>\n<ul>\n<li>0 \u2013 60 \u00b0C (32 \u2013 140 \u00b0F)<\/li>\n<\/ul>\n","protected":false},"excerpt":{"rendered":"<p>ARKA myAqua pH + TDS\/EC meetapparaat voor gebruik in elk aquarium, vijver of zwembad<\/p>\n","protected":false},"featured_media":91434,"template":"","meta":[],"pwb-brand":[2253],"product_cat":[1400,1446],"product_tag":[],"class_list":{"0":"post-121437","1":"product","2":"type-product","3":"status-publish","4":"has-post-thumbnail","6":"pwb-brand-arka","7":"product_cat-tester","8":"product_cat-testers-de","10":"first","11":"instock","12":"taxable","13":"shipping-taxable","14":"purchasable","15":"product-type-simple"},"acf":[],"brands":[{"id":2253,"name":"Arka","slug":"arka"}],"_links":{"self":[{"href":"https:\/\/www.seaflowerstore.com\/de\/wp-json\/wp\/v2\/product\/121437","targetHints":{"allow":["GET"]}}],"collection":[{"href":"https:\/\/www.seaflowerstore.com\/de\/wp-json\/wp\/v2\/product"}],"about":[{"href":"https:\/\/www.seaflowerstore.com\/de\/wp-json\/wp\/v2\/types\/product"}],"wp:featuredmedia":[{"embeddable":true,"href":"https:\/\/www.seaflowerstore.com\/de\/wp-json\/wp\/v2\/media\/91434"}],"wp:attachment":[{"href":"https:\/\/www.seaflowerstore.com\/de\/wp-json\/wp\/v2\/media?parent=121437"}],"wp:term":[{"taxonomy":"pwb-brand","embeddable":true,"href":"https:\/\/www.seaflowerstore.com\/de\/wp-json\/wp\/v2\/pwb-brand?post=121437"},{"taxonomy":"product_cat","embeddable":true,"href":"https:\/\/www.seaflowerstore.com\/de\/wp-json\/wp\/v2\/product_cat?post=121437"},{"taxonomy":"product_tag","embeddable":true,"href":"https:\/\/www.seaflowerstore.com\/de\/wp-json\/wp\/v2\/product_tag?post=121437"}],"curies":[{"name":"wp","href":"https:\/\/api.w.org\/{rel}","templated":true}]}}