{"id":121438,"date":"2023-11-30T12:40:30","date_gmt":"2024-03-22T09:25:21","guid":{"rendered":"https:\/\/www.seaflowerstore.com\/?post_type=product&#038;p=121438"},"modified":"2024-03-22T10:25:21","modified_gmt":"2024-03-22T09:25:21","slug":"arka-myaqua1900-resin-filter-refill","status":"publish","type":"product","link":"https:\/\/www.seaflowerstore.com\/de\/arka-myaqua1900-resin-filter-refill\/","title":{"rendered":"ARKA myAqua1900 &#8211; Resin Filter REFILL"},"content":{"rendered":"<h2>ARKA myAqua1900 &#8211; Resin Filter REFILL safely and effectively removes even the finest resi\u00addues of silicate, nitrate and many other dissolved organic<\/h2>\n<p><strong>Die ARKA myAQUA-Harzfilter-Nachf\u00fcllung<\/strong> wurde entwickelt, um selbst kleinste Spuren von Silikat, Nitrat und einer Vielzahl anderer gel\u00f6ster organischer und anorganischer Substanzen (TDS) sicher und effektiv zu beseitigen. Diese Nachf\u00fcllung ist ideal f\u00fcr die Verwendung mit unserem <strong>ARKA myAQUA<sup>\u00ae<\/sup> 1900 Harzfilter geeignet.<\/strong><\/p>\n<p>Die <strong>ARKA myAQUA Harzfilter-Nachf\u00fcllung<\/strong> enth\u00e4lt sowohl Kationen- als auch Anionenharz (H+ und OH- im Verh\u00e4ltnis 1:1) und gew\u00e4hrleistet so die Produktion von reinstem Wasser mit einem durchschnittlichen Leitf\u00e4higkeitswert von ca. 0,1 \u00b5S\/cm.<\/p>\n<ul>\n<li>Durchflussrate: maximal 2 l\/min<\/li>\n<li>Betriebstemperatur: minimal 5\u00b0C \u2013 maximal 38\u00b0C<\/li>\n<li>Betriebsdruck: minimal 1 bar \u2013 maximal 4 bar<\/li>\n<li>Wechselintervall: 6 \u2013 12 Monate<\/li>\n<li>Abmessungen: L\u00e4nge ca. 24,5 cm, Durchmesser ca. 6,5 cm<\/li>\n<\/ul>\n","protected":false},"excerpt":{"rendered":"<p>ARKA myAqua1900 &#8211; Resin Filter REFILL verwijdert veilig en effectief zelfs de fijnste resten silicaat, nitraat en vele andere opgeloste organische stoffen<\/p>\n","protected":false},"featured_media":91426,"template":"","meta":[],"pwb-brand":[2253],"product_cat":[1463,1385],"product_tag":[],"class_list":{"0":"post-121438","1":"product","2":"type-product","3":"status-publish","4":"has-post-thumbnail","6":"pwb-brand-arka","7":"product_cat-filter-und-zubehoer","8":"product_cat-neue-produkte","10":"first","11":"instock","12":"taxable","13":"shipping-taxable","14":"purchasable","15":"product-type-simple"},"acf":[],"brands":[{"id":2253,"name":"Arka","slug":"arka"}],"_links":{"self":[{"href":"https:\/\/www.seaflowerstore.com\/de\/wp-json\/wp\/v2\/product\/121438","targetHints":{"allow":["GET"]}}],"collection":[{"href":"https:\/\/www.seaflowerstore.com\/de\/wp-json\/wp\/v2\/product"}],"about":[{"href":"https:\/\/www.seaflowerstore.com\/de\/wp-json\/wp\/v2\/types\/product"}],"wp:featuredmedia":[{"embeddable":true,"href":"https:\/\/www.seaflowerstore.com\/de\/wp-json\/wp\/v2\/media\/91426"}],"wp:attachment":[{"href":"https:\/\/www.seaflowerstore.com\/de\/wp-json\/wp\/v2\/media?parent=121438"}],"wp:term":[{"taxonomy":"pwb-brand","embeddable":true,"href":"https:\/\/www.seaflowerstore.com\/de\/wp-json\/wp\/v2\/pwb-brand?post=121438"},{"taxonomy":"product_cat","embeddable":true,"href":"https:\/\/www.seaflowerstore.com\/de\/wp-json\/wp\/v2\/product_cat?post=121438"},{"taxonomy":"product_tag","embeddable":true,"href":"https:\/\/www.seaflowerstore.com\/de\/wp-json\/wp\/v2\/product_tag?post=121438"}],"curies":[{"name":"wp","href":"https:\/\/api.w.org\/{rel}","templated":true}]}}