{"id":121439,"date":"2023-11-30T12:09:33","date_gmt":"2024-03-22T09:25:29","guid":{"rendered":"https:\/\/www.seaflowerstore.com\/?post_type=product&#038;p=121439"},"modified":"2024-03-22T10:25:30","modified_gmt":"2024-03-22T09:25:30","slug":"arka-myreef-frag-rack-32-holes","status":"publish","type":"product","link":"https:\/\/www.seaflowerstore.com\/de\/arka-myreef-frag-rack-32-holes\/","title":{"rendered":"Arka myREEF Frag Rack &#8211; 32 holes"},"content":{"rendered":"<h2>Arka myREEF Frag Rack &#8211; 32 holes is ideal for individual placement of coral frags<\/h2>\n<p>Das ARKA myReef Frag Rack eignet sich perfekt f\u00fcr die individuelle Platzierung von Korallenfragmenten. Es verf\u00fcgt \u00fcber L\u00f6cher, die mit einem speziellen Silikoneinsatz versehen sind und so Ihren Frags einen sichereren Halt bieten.<\/p>\n<ul>\n<li>Individuelle Platzierung von Korallenfragmenten.<\/li>\n<li>Die L\u00f6cher verf\u00fcgen \u00fcber einen speziellen Silikoneinsatz f\u00fcr einen sichereren Halt.<\/li>\n<li>Das Produkt ist mit einer Vielzahl an verf\u00fcgbaren Frag Plugs kompatibel.<\/li>\n<\/ul>\n<p>Die L\u00f6cher haben einen Durchmesser von 15 mm und sind somit mit vielen handels\u00fcblichen Frag Plugs kompatibel, um einen sicheren Halt zu gew\u00e4hrleisten. Alle verwendeten Materialien, einschlie\u00dflich der Magnete, sind f\u00fcr die Verwendung in jedem Salzwasseraquarium sicher.<\/p>\n<p><strong>Durchmesser der L\u00f6cher:<\/strong> 15 mm<\/p>\n<p><strong>Maximale Glasdicke:<\/strong> 12 mm<\/p>\n<p><strong>Abmessungen der 16 L\u00f6cher:<\/strong> ~ 88 mm x 287 mm<\/p>\n","protected":false},"excerpt":{"rendered":"<p>Arka myREEF Frag Rack Deck is ideaal voor het plaatsen van koraalstekjes<\/p>\n","protected":false},"featured_media":91416,"template":"","meta":[],"pwb-brand":[2253],"product_cat":[1461],"product_tag":[],"class_list":{"0":"post-121439","1":"product","2":"type-product","3":"status-publish","4":"has-post-thumbnail","6":"pwb-brand-arka","7":"product_cat-schneidzubehoer","9":"first","10":"instock","11":"taxable","12":"shipping-taxable","13":"purchasable","14":"product-type-simple"},"acf":[],"brands":[{"id":2253,"name":"Arka","slug":"arka"}],"_links":{"self":[{"href":"https:\/\/www.seaflowerstore.com\/de\/wp-json\/wp\/v2\/product\/121439","targetHints":{"allow":["GET"]}}],"collection":[{"href":"https:\/\/www.seaflowerstore.com\/de\/wp-json\/wp\/v2\/product"}],"about":[{"href":"https:\/\/www.seaflowerstore.com\/de\/wp-json\/wp\/v2\/types\/product"}],"wp:featuredmedia":[{"embeddable":true,"href":"https:\/\/www.seaflowerstore.com\/de\/wp-json\/wp\/v2\/media\/91416"}],"wp:attachment":[{"href":"https:\/\/www.seaflowerstore.com\/de\/wp-json\/wp\/v2\/media?parent=121439"}],"wp:term":[{"taxonomy":"pwb-brand","embeddable":true,"href":"https:\/\/www.seaflowerstore.com\/de\/wp-json\/wp\/v2\/pwb-brand?post=121439"},{"taxonomy":"product_cat","embeddable":true,"href":"https:\/\/www.seaflowerstore.com\/de\/wp-json\/wp\/v2\/product_cat?post=121439"},{"taxonomy":"product_tag","embeddable":true,"href":"https:\/\/www.seaflowerstore.com\/de\/wp-json\/wp\/v2\/product_tag?post=121439"}],"curies":[{"name":"wp","href":"https:\/\/api.w.org\/{rel}","templated":true}]}}