{"id":121441,"date":"2023-11-30T11:54:26","date_gmt":"2024-03-22T09:25:44","guid":{"rendered":"https:\/\/www.seaflowerstore.com\/?post_type=product&#038;p=121441"},"modified":"2024-03-22T10:25:44","modified_gmt":"2024-03-22T09:25:44","slug":"arka-myreef-frag-rack-8-holes","status":"publish","type":"product","link":"https:\/\/www.seaflowerstore.com\/de\/arka-myreef-frag-rack-8-holes\/","title":{"rendered":"Arka myREEF Frag Rack &#8211; 8 holes"},"content":{"rendered":"<h2>Arka myREEF Frag Rack &#8211; 8 holes is ideal for individual placement of coral frags<\/h2>\n<p>Das <strong>ARKA myReef Frag Rack<\/strong> eignet sich perfekt zum individuellen Platzieren von Korallenfragmenten. Jedes Loch mit einem Durchmesser von 15 mm ist mit einem speziellen Silikoneinsatz versehen, der f\u00fcr einen sicheren Halt sorgt. Dieses Design ist mit einer Vielzahl handels\u00fcblicher Frag Plugs kompatibel und somit eine vielseitige Wahl f\u00fcr Ihr Aquarium.<\/p>\n<p>Seien Sie versichert, die Magnete und alle verwendeten Materialien sind f\u00fcr jedes Salzwasseraquarium sicher.<\/p>\n<p><strong>Wichtige Spezifikationen:<\/strong><\/p>\n<ul>\n<li><strong>Durchmesser der L\u00f6cher:<\/strong> 15 mm<\/li>\n<li><strong>Maximale Glasdicke:<\/strong> 12 mm<\/li>\n<li><strong>Abmessungen (8 L\u00f6cher):<\/strong> ~ 45 mm x 207 mm<\/li>\n<\/ul>\n","protected":false},"excerpt":{"rendered":"<p>Arka myREEF Frag Rack Deck is ideaal voor het individueel plaatsen van koraalstekjes<\/p>\n","protected":false},"featured_media":91388,"template":"","meta":[],"pwb-brand":[2253],"product_cat":[1461],"product_tag":[],"class_list":{"0":"post-121441","1":"product","2":"type-product","3":"status-publish","4":"has-post-thumbnail","6":"pwb-brand-arka","7":"product_cat-schneidzubehoer","9":"first","10":"instock","11":"taxable","12":"shipping-taxable","13":"purchasable","14":"product-type-simple"},"acf":[],"brands":[{"id":2253,"name":"Arka","slug":"arka"}],"_links":{"self":[{"href":"https:\/\/www.seaflowerstore.com\/de\/wp-json\/wp\/v2\/product\/121441","targetHints":{"allow":["GET"]}}],"collection":[{"href":"https:\/\/www.seaflowerstore.com\/de\/wp-json\/wp\/v2\/product"}],"about":[{"href":"https:\/\/www.seaflowerstore.com\/de\/wp-json\/wp\/v2\/types\/product"}],"wp:featuredmedia":[{"embeddable":true,"href":"https:\/\/www.seaflowerstore.com\/de\/wp-json\/wp\/v2\/media\/91388"}],"wp:attachment":[{"href":"https:\/\/www.seaflowerstore.com\/de\/wp-json\/wp\/v2\/media?parent=121441"}],"wp:term":[{"taxonomy":"pwb-brand","embeddable":true,"href":"https:\/\/www.seaflowerstore.com\/de\/wp-json\/wp\/v2\/pwb-brand?post=121441"},{"taxonomy":"product_cat","embeddable":true,"href":"https:\/\/www.seaflowerstore.com\/de\/wp-json\/wp\/v2\/product_cat?post=121441"},{"taxonomy":"product_tag","embeddable":true,"href":"https:\/\/www.seaflowerstore.com\/de\/wp-json\/wp\/v2\/product_tag?post=121441"}],"curies":[{"name":"wp","href":"https:\/\/api.w.org\/{rel}","templated":true}]}}