{"id":121442,"date":"2023-11-28T10:45:16","date_gmt":"2024-03-22T09:25:55","guid":{"rendered":"https:\/\/www.seaflowerstore.com\/?post_type=product&#038;p=121442"},"modified":"2026-04-08T08:26:49","modified_gmt":"2026-04-08T06:26:49","slug":"two-little-fishies-reborn-calcium-reactor-media","status":"publish","type":"product","link":"https:\/\/www.seaflowerstore.com\/de\/two-little-fishies-reborn-calcium-reactor-media\/","title":{"rendered":"Two Little Fishies ReBorn Calcium Reactor Media"},"content":{"rendered":"<h2>Two Little Fishies ReBorn Calcium Reactor Media 4kg<\/h2>\n<p>ReBorn ist eines der wenigen Kalziumreaktor-Medienprodukte, das noch legal gewonnene Korallenknochen verwendet. Dies macht es zu unserer Top-Empfehlung f\u00fcr Kalziumreaktor-Medien, die im Gegensatz zu vielen anderen verf\u00fcgbaren Optionen nicht verstopfen.<\/p>\n<p>Dieses Produkt f\u00fcllt die Kalzium- und Karbonat-Alkalinit\u00e4t effektiv wieder auf, was f\u00fcr das gesunde Skelettwachstum Ihrer Korallen unerl\u00e4sslich ist.<\/p>\n<ul>\n<li><strong>Aragonit-Kieselsteine<\/strong> aus fossilen Korallen<\/li>\n<li><strong>Entwickelt f\u00fcr die Verwendung<\/strong> in einem Kalziumreaktor<\/li>\n<li><strong>L\u00f6st sich vollst\u00e4ndig auf<\/strong> \u2013 seine por\u00f6se Struktur f\u00f6rdert das Eindringen von Kohlendioxid f\u00fcr eine gleichm\u00e4\u00dfige Aufl\u00f6sung<\/li>\n<li><strong>F\u00fcllt Strontium<\/strong> und andere wichtige Spurenelemente wieder auf<\/li>\n<\/ul>\n","protected":false},"excerpt":{"rendered":"<p>Two Little Fishies ReBorn Calcium Reactor Media 4kg<\/p>\n","protected":false},"featured_media":91359,"template":"","meta":[],"pwb-brand":[2231],"product_cat":[1750],"product_tag":[],"class_list":{"0":"post-121442","1":"product","2":"type-product","3":"status-publish","4":"has-post-thumbnail","6":"pwb-brand-two-little-fishies","7":"product_cat-fuellung","9":"first","10":"instock","11":"taxable","12":"shipping-taxable","13":"purchasable","14":"product-type-simple"},"acf":[],"brands":[{"id":2231,"name":"Two Little Fishies","slug":"two-little-fishies"}],"_links":{"self":[{"href":"https:\/\/www.seaflowerstore.com\/de\/wp-json\/wp\/v2\/product\/121442","targetHints":{"allow":["GET"]}}],"collection":[{"href":"https:\/\/www.seaflowerstore.com\/de\/wp-json\/wp\/v2\/product"}],"about":[{"href":"https:\/\/www.seaflowerstore.com\/de\/wp-json\/wp\/v2\/types\/product"}],"wp:featuredmedia":[{"embeddable":true,"href":"https:\/\/www.seaflowerstore.com\/de\/wp-json\/wp\/v2\/media\/91359"}],"wp:attachment":[{"href":"https:\/\/www.seaflowerstore.com\/de\/wp-json\/wp\/v2\/media?parent=121442"}],"wp:term":[{"taxonomy":"pwb-brand","embeddable":true,"href":"https:\/\/www.seaflowerstore.com\/de\/wp-json\/wp\/v2\/pwb-brand?post=121442"},{"taxonomy":"product_cat","embeddable":true,"href":"https:\/\/www.seaflowerstore.com\/de\/wp-json\/wp\/v2\/product_cat?post=121442"},{"taxonomy":"product_tag","embeddable":true,"href":"https:\/\/www.seaflowerstore.com\/de\/wp-json\/wp\/v2\/product_tag?post=121442"}],"curies":[{"name":"wp","href":"https:\/\/api.w.org\/{rel}","templated":true}]}}