{"id":121444,"date":"2023-11-12T17:46:53","date_gmt":"2024-03-22T09:28:53","guid":{"rendered":"https:\/\/www.seaflowerstore.com\/?post_type=product&#038;p=121444"},"modified":"2024-03-22T10:28:54","modified_gmt":"2024-03-22T09:28:54","slug":"original-balling-components-part-c-1-kg","status":"publish","type":"product","link":"https:\/\/www.seaflowerstore.com\/de\/original-balling-components-part-c-1-kg\/","title":{"rendered":"Original Balling Components Part C &#8211; 1 kg"},"content":{"rendered":"<h2>Original Balling Components Part C &#8211; 1 kg<\/h2>\n<p>Tropic Marin\u00ae Original Balling Components sind f\u00fcr die Aufrechterhaltung des Ionengleichgewichts in Ihrem Riffaquarium unerl\u00e4sslich. Diese Komponenten bestehen aus drei Salzmischungen, die in der Balling-Methode verwendet werden und eine pr\u00e4zise Dosierung von Kalzium und Karbonaten erm\u00f6glichen, die auf die spezifischen Bed\u00fcrfnisse jedes Aquariums abgestimmt ist. Die Methode umfasst Kalziumchlorid-Dihydrat (Komponente A) und Natriumcarbonat\/Natriumbicarbonat (Komponente B), w\u00e4hrend natriumchloridfreies Meersalz (Komponente C) hilft, das lebenswichtige Ionengleichgewicht in Ihrem Aquarienwasser aufrechtzuerhalten. Diese sorgf\u00e4ltig ausgewogene Kalziumdosierung f\u00f6rdert optimale Bedingungen f\u00fcr das Wachstum von Korallen und Kalkalgen und verhindert effektiv den Mangel an essentiellen Elementen, der bei Zweikomponentenmethoden h\u00e4ufig auftritt.<\/p>\n<h3>Vorteile:<\/h3>\n<ul>\n<li>Sorgt f\u00fcr eine hocheffiziente Kalziumversorgung mit der Balling-Methode.<\/li>\n<li>H\u00e4lt das Ionengleichgewicht aufrecht.<\/li>\n<li>Jede Salzpulvermischung A, B und C wird separat in Wasser gel\u00f6st.<\/li>\n<li>Die einzelnen L\u00f6sungen k\u00f6nnen direkt oder \u00fcber eine Dosierpumpe in den Tank gegeben werden.<\/li>\n<li>Enth\u00e4lt alle 70 Spurenelemente, die in nat\u00fcrlichem Meerwasser vorkommen.<\/li>\n<li>Enth\u00e4lt keine unnat\u00fcrlichen Nebenprodukte.<\/li>\n<li>Frei von Phosphaten und anderen Schadstoffen.<\/li>\n<\/ul>\n<h4><strong>Anwendung:<\/strong> L\u00f6sen Sie die angegebenen Salzmengen separat in einzelnen Beh\u00e4ltern auf, die mit Umkehrosmosewasser gef\u00fcllt sind. Die resultierenden L\u00f6sungen sind gebrauchsfertig. Sie k\u00f6nnen t\u00e4glich gleiche Mengen der einzelnen L\u00f6sungen dosieren oder die Mengen der einzelnen L\u00f6sungen anpassen, um die empfohlenen Werte in Ihrem Aquarium zu erreichen. Diese L\u00f6sungen sind sehr stabil und k\u00f6nnen unbegrenzt gelagert werden. Die Verwendung hochgereinigter Salze in pharmazeutischer Qualit\u00e4t garantiert, dass die resultierenden L\u00f6sungen klar und rein bleiben.<\/h4>\n<h4><strong>Dosierung:<\/strong> Die Verwendung von 30 ml \/ 1 fl. oz jeder L\u00f6sung erh\u00f6ht die Kalziumkonzentration von 10 US-Gallonen \/ 35 Litern um 15 mg\/l (ppm) Kalzium und 2,2 \u00b0dH. Die maximal empfohlene Dosierung betr\u00e4gt 60 ml \/ 2 fl. oz jeder L\u00f6sung pro 10 US-Gallonen \/ 35 Liter pro Tag.<\/h4>\n","protected":false},"excerpt":{"rendered":"<p>Tropic Marin Original Balling Components Part C &#8211; 1 kg behoudt de ionische balans in het zeeaquarium<\/p>\n","protected":false},"featured_media":91151,"template":"","meta":[],"pwb-brand":[2151],"product_cat":[1391],"product_tag":[],"class_list":{"0":"post-121444","1":"product","2":"type-product","3":"status-publish","4":"has-post-thumbnail","6":"pwb-brand-tropic-marin","7":"product_cat-ergaenzungen","9":"first","10":"instock","11":"taxable","12":"shipping-taxable","13":"purchasable","14":"product-type-simple"},"acf":[],"brands":[{"id":2151,"name":"Tropic Marin","slug":"tropic-marin"}],"_links":{"self":[{"href":"https:\/\/www.seaflowerstore.com\/de\/wp-json\/wp\/v2\/product\/121444","targetHints":{"allow":["GET"]}}],"collection":[{"href":"https:\/\/www.seaflowerstore.com\/de\/wp-json\/wp\/v2\/product"}],"about":[{"href":"https:\/\/www.seaflowerstore.com\/de\/wp-json\/wp\/v2\/types\/product"}],"wp:featuredmedia":[{"embeddable":true,"href":"https:\/\/www.seaflowerstore.com\/de\/wp-json\/wp\/v2\/media\/91151"}],"wp:attachment":[{"href":"https:\/\/www.seaflowerstore.com\/de\/wp-json\/wp\/v2\/media?parent=121444"}],"wp:term":[{"taxonomy":"pwb-brand","embeddable":true,"href":"https:\/\/www.seaflowerstore.com\/de\/wp-json\/wp\/v2\/pwb-brand?post=121444"},{"taxonomy":"product_cat","embeddable":true,"href":"https:\/\/www.seaflowerstore.com\/de\/wp-json\/wp\/v2\/product_cat?post=121444"},{"taxonomy":"product_tag","embeddable":true,"href":"https:\/\/www.seaflowerstore.com\/de\/wp-json\/wp\/v2\/product_tag?post=121444"}],"curies":[{"name":"wp","href":"https:\/\/api.w.org\/{rel}","templated":true}]}}