{"id":121445,"date":"2023-11-12T15:02:11","date_gmt":"2024-03-22T09:29:03","guid":{"rendered":"https:\/\/www.seaflowerstore.com\/?post_type=product&#038;p=121445"},"modified":"2024-10-11T20:24:42","modified_gmt":"2024-10-11T18:24:42","slug":"vitalis-tropical-flakes","status":"publish","type":"product","link":"https:\/\/www.seaflowerstore.com\/de\/vitalis-tropical-flakes\/","title":{"rendered":"Vitalis Tropical Flakes"},"content":{"rendered":"<h2>Vitalis Tropical Flakes provide a palatable and highly digestible balanced diet for fish<\/h2>\n<p>Unsere Tropical Flakes bestehen aus unseren wichtigsten N\u00e4hrstoffen, einer Algenmischung und einer abgestimmten Balance aus Vitaminen und Mineralien und sind so konzipiert, dass sie eine vollst\u00e4ndige Quelle hochwertiger N\u00e4hrstoffe bieten. Die nat\u00fcrlichen Pigmente in unseren Zutaten tragen au\u00dferdem dazu bei, die gesunde F\u00e4rbung Ihrer Fische zu f\u00f6rdern.<\/p>\n<p>Jede Flocke ist gro\u00df genug, um einer abwechslungsreichen F\u00fctterung gerecht zu werden. Mit dieser Funktion k\u00f6nnen Sie die Flocken je nach Gr\u00f6\u00dfe und Anzahl der Fische in Ihrem Aquarium zerkleinern.<\/p>\n<p><strong>Geeignet f\u00fcr alle allesfressenden tropischen S\u00fc\u00dfwasserfische:<\/strong> Mondfische, Salmler, Rasboras, Barben, Lebendgeb\u00e4rende, Grundeln, karpfen\u00e4hnliche Fische, Regenbogenfische, Kugelfische und Fadenfische, um nur einige zu nennen.<\/p>\n<p><strong>Funktionen und Vorteile:<\/strong><\/p>\n<ul>\n<li>Einzigartige Formel mit gro\u00dfen Flocken.<\/li>\n<li>Weniger Abfall und verbesserte Wasserqualit\u00e4t.<\/li>\n<li>Nat\u00fcrliche Zutaten aus nachhaltigen Quellen.<\/li>\n<\/ul>\n<p><strong>F\u00fctterungsempfehlung:<\/strong><\/p>\n<p>Dies ist ein Alleinfuttermittel f\u00fcr Fische, geeignet f\u00fcr alle tropischen S\u00fc\u00dfwasserfische. Streuen Sie die Flocken f\u00fcr Oberfl\u00e4chengraser auf die Wasseroberfl\u00e4che. Dr\u00fccken Sie die Flocken f\u00fcr Mittel- und Bodengraser zusammen und verteilen Sie sie knapp unter der Oberfl\u00e4che. Bitte nicht zu viel f\u00fcttern und nicht gefressenes Futter entfernen.<\/p>\n<p>Bewahren Sie die Flocken an einem k\u00fchlen und trockenen Ort auf und fassen Sie das Futter f\u00fcr optimale Ergebnisse mit trockenen Fingern an.<\/p>\n","protected":false},"excerpt":{"rendered":"<p>Vitalis Tropical Flakes is een smakelijk en zeer goed verteerbaar uitgebalanceerd dieet voor vissen<\/p>\n","protected":false},"featured_media":91130,"template":"","meta":[],"pwb-brand":[2239],"product_cat":[1447],"product_tag":[],"class_list":{"0":"post-121445","1":"product","2":"type-product","3":"status-publish","4":"has-post-thumbnail","6":"pwb-brand-vitalis","7":"product_cat-futter-de","8":"pa_inhoud-250-gr-de","9":"pa_inhoud-40-gr-de","10":"pa_inhoud-5-kg-de","12":"first","13":"instock","14":"sale","15":"taxable","16":"shipping-taxable","17":"purchasable","18":"product-type-variable"},"acf":[],"brands":[{"id":2239,"name":"Vitalis","slug":"vitalis"}],"_links":{"self":[{"href":"https:\/\/www.seaflowerstore.com\/de\/wp-json\/wp\/v2\/product\/121445","targetHints":{"allow":["GET"]}}],"collection":[{"href":"https:\/\/www.seaflowerstore.com\/de\/wp-json\/wp\/v2\/product"}],"about":[{"href":"https:\/\/www.seaflowerstore.com\/de\/wp-json\/wp\/v2\/types\/product"}],"wp:featuredmedia":[{"embeddable":true,"href":"https:\/\/www.seaflowerstore.com\/de\/wp-json\/wp\/v2\/media\/91130"}],"wp:attachment":[{"href":"https:\/\/www.seaflowerstore.com\/de\/wp-json\/wp\/v2\/media?parent=121445"}],"wp:term":[{"taxonomy":"pwb-brand","embeddable":true,"href":"https:\/\/www.seaflowerstore.com\/de\/wp-json\/wp\/v2\/pwb-brand?post=121445"},{"taxonomy":"product_cat","embeddable":true,"href":"https:\/\/www.seaflowerstore.com\/de\/wp-json\/wp\/v2\/product_cat?post=121445"},{"taxonomy":"product_tag","embeddable":true,"href":"https:\/\/www.seaflowerstore.com\/de\/wp-json\/wp\/v2\/product_tag?post=121445"}],"curies":[{"name":"wp","href":"https:\/\/api.w.org\/{rel}","templated":true}]}}