{"id":121446,"date":"2023-11-12T14:11:33","date_gmt":"2024-03-22T09:29:13","guid":{"rendered":"https:\/\/www.seaflowerstore.com\/?post_type=product&#038;p=121446"},"modified":"2024-03-22T10:29:13","modified_gmt":"2024-03-22T09:29:13","slug":"sicce-scuba-ctl-aquarium-verwarming","status":"publish","type":"product","link":"https:\/\/www.seaflowerstore.com\/de\/sicce-scuba-ctl-aquarium-verwarming\/","title":{"rendered":"Sicce SCUBA CTL aquarium verwarming"},"content":{"rendered":"<h2>Sicce SCUBA CTL Submersible Heater<\/h2>\n<p><strong>Hochmoderne Aquarienheiztechnologie<\/strong><\/p>\n<ul>\n<li>Integrierte NFC-Technologie <strong>(kein manueller Einstellknopf, nur einstellbar \u00fcber ein Telefon mit aktiviertem NFC)<\/strong><\/li>\n<li>Bruchsicheres Glas<\/li>\n<li>Ein-\/Aus-Kontrollleuchte<\/li>\n<\/ul>\n<p>Sicce bringt die Aquarienheizung mit seinen Scuba Contactless-Heizungen auf die n\u00e4chste Stufe. Diese innovativen Heizger\u00e4te verf\u00fcgen \u00fcber eine patentierte \u201eber\u00fchrungslose\u201c Temperaturregelung, die einfache Einstellungen und Temperaturpr\u00fcfungen \u00fcber die kostenlose <strong>ContrAll-App<\/strong> erm\u00f6glicht. Die Temperatur l\u00e4sst sich von 15\u00b0C bis 35\u00b0C mit einer beeindruckenden Pr\u00e4zision von nur \u00b1 1\u00b0C einstellen.<\/p>\n<p>Zus\u00e4tzlich l\u00e4sst sich in der App ein Energiesparmodus aktivieren, der eine stabile Temperatur h\u00e4lt und nach Erreichen der gew\u00fcnschten Temperatur nur die H\u00e4lfte der Energie verbraucht.<\/p>\n<table border=\"1\">\n<tbody>\n<tr>\n<td>Durchmesser 2,45 cm<\/td>\n<td><strong>50W<\/strong><\/td>\n<td><strong>100W<\/strong><\/td>\n<td><strong>150W<\/strong><\/td>\n<td><strong>200W<\/strong><\/td>\n<td><strong>250W<\/strong><\/td>\n<td><strong>300W<\/strong><\/td>\n<td><strong>400W<\/strong><\/td>\n<\/tr>\n<tr>\n<td><strong>Aquarienkapazit\u00e4t (Liter)<\/strong><\/td>\n<td>40-60<\/td>\n<td>80-130<\/td>\n<td>120-180<\/td>\n<td>150-230<\/td>\n<td>200-280<\/td>\n<td>250-350<\/td>\n<td>300-480<\/td>\n<\/tr>\n<tr>\n<td><strong>Wattleistung (W)<\/strong><\/td>\n<td>50<\/td>\n<td>100<\/td>\n<td>150<\/td>\n<td>200<\/td>\n<td>250<\/td>\n<td>300<\/td>\n<td>400<\/td>\n<\/tr>\n<tr>\n<td><strong>L\u00e4nge des Heizelements (cm)<\/strong><\/td>\n<td>30<\/td>\n<td>30<\/td>\n<td>35<\/td>\n<td>35<\/td>\n<td>40<\/td>\n<td>40<\/td>\n<td>47<\/td>\n<\/tr>\n<tr>\n<td><strong>L\u00e4nge des Stromkabels (m)<\/strong><\/td>\n<td>2,2<\/td>\n<td>2,2<\/td>\n<td>2,2<\/td>\n<td>2,2<\/td>\n<td>2,2<\/td>\n<td>2,2<\/td>\n<td>2,2<\/td>\n<\/tr>\n<\/tbody>\n<\/table>\n<p><strong>Was ist im Lieferumfang enthalten?<\/strong><\/p>\n<ul>\n<li>Ber\u00fchrungsloser Tauchheizer<\/li>\n<li>Saugnapfhalterungen<\/li>\n<li>Hergestellt aus hochw\u00e4rmebest\u00e4ndigem und widerstandsf\u00e4higem Glas<\/li>\n<li>Trockenlaufschutz mit Sicherheitssteuerung \u2013 Heizer schaltet sich ab, wenn er nicht untergetaucht ist<\/li>\n<li>Universell: Geeignet f\u00fcr S\u00fc\u00df- und Salzwassertanks<\/li>\n<li>Energiesparmodus verf\u00fcgbar: Halber Energieverbrauch<\/li>\n<li>Ein-\/Aus-Kontrollleuchte zeigt aktive Heizfunktion an<\/li>\n<li>Inklusive Klemme mit 2 Saugn\u00e4pfen<\/li>\n<\/ul>\n<p>Wichtig ist das Fehlen eines Bedienknopfs. Dieser Heizer ist der erste Aquarienheizer mit Near Field Communication (NFC)-Technologie. Das bedeutet, dass Sie den Heizer mit Ihrem Telefon verbinden k\u00f6nnen, indem Sie ihn einfach in die N\u00e4he halten. So wie Sie in einem Restaurant mit Ihrem Telefon bezahlen w\u00fcrden, halten Sie Ihr Telefon 5 cm vor den Heizer und tippen zum Verbinden.<\/p>\n<p>Wenn Sie Ihr Telefon 2 cm vor den Scuba Contactless halten, verbindet es sich mit Sicces wachsender CONTRALL-\u00d6kosystem-App, auch wenn der Heizer noch nicht eingesteckt ist. Von dort aus k\u00f6nnen Sie die Temperatur ganz einfach anpassen. Wenn Sie bereits Sicce SDC-Benutzer sind, werden Sie feststellen, dass Ihre Sicce-R\u00fccklaufpumpe oder Wellenpumpe auch die Wassertemperatur misst. Indem Sie einen Scuba Contactless mit der App verbinden, k\u00f6nnen alle drei Ger\u00e4te so kalibriert werden, dass sie miteinander synchronisiert werden, sodass Sie globale Updates und Benachrichtigungen zur Wassertemperatur in Ihrem S\u00fc\u00df- oder Salzwassertank erhalten.<\/p>\n<p>Mit NFC k\u00f6nnen Sie die Temperatur auf mehrere Arten \u00e4ndern: Erstens k\u00f6nnen Sie dies durch das Glas tun, wenn der NFC-Chip Ihres Telefons an einer bestimmten Stelle des Telefons platziert ist. Sicce weist jedoch darauf hin, dass nicht alle Telefone dies k\u00f6nnen. Zweitens k\u00f6nnen Sie den Heizer leicht bis zur Wasserlinie anheben, Ihr Telefon daneben halten und tippen. Wenn Sie ein wasserdichtes Telefon haben, k\u00f6nnen Sie Ihr Telefon sogar neben das Ger\u00e4t halten und unter Wasser tippen! Bitte denken Sie daran, dass es sich um NFC und nicht um WLAN handelt, da WLAN-Signale durch Wasser blockiert werden.<\/p>\n","protected":false},"excerpt":{"rendered":"<p>Sicce SCUBA CTL de eenvoudigste en meest directe manier om de temperatuur van de aquariumverwarming in te stellen<\/p>\n","protected":false},"featured_media":91097,"template":"","meta":[],"pwb-brand":[2163],"product_cat":[1422,2104,1467],"product_tag":[],"class_list":{"0":"post-121446","1":"product","2":"type-product","3":"status-publish","4":"has-post-thumbnail","6":"pwb-brand-sicce","7":"product_cat-aquariumheizung","8":"product_cat-sicce-de","9":"product_cat-temperatur","10":"pa_wattage-100-watt-de","11":"pa_wattage-150-watt-de","12":"pa_wattage-200-watt-de","13":"pa_wattage-250-watt-de","14":"pa_wattage-300-watt-de","15":"pa_wattage-400-watt-de","16":"pa_wattage-50-watt-de","18":"first","19":"instock","20":"taxable","21":"shipping-taxable","22":"purchasable","23":"product-type-variable"},"acf":[],"brands":[{"id":2163,"name":"Sicce","slug":"sicce"}],"_links":{"self":[{"href":"https:\/\/www.seaflowerstore.com\/de\/wp-json\/wp\/v2\/product\/121446","targetHints":{"allow":["GET"]}}],"collection":[{"href":"https:\/\/www.seaflowerstore.com\/de\/wp-json\/wp\/v2\/product"}],"about":[{"href":"https:\/\/www.seaflowerstore.com\/de\/wp-json\/wp\/v2\/types\/product"}],"wp:featuredmedia":[{"embeddable":true,"href":"https:\/\/www.seaflowerstore.com\/de\/wp-json\/wp\/v2\/media\/91097"}],"wp:attachment":[{"href":"https:\/\/www.seaflowerstore.com\/de\/wp-json\/wp\/v2\/media?parent=121446"}],"wp:term":[{"taxonomy":"pwb-brand","embeddable":true,"href":"https:\/\/www.seaflowerstore.com\/de\/wp-json\/wp\/v2\/pwb-brand?post=121446"},{"taxonomy":"product_cat","embeddable":true,"href":"https:\/\/www.seaflowerstore.com\/de\/wp-json\/wp\/v2\/product_cat?post=121446"},{"taxonomy":"product_tag","embeddable":true,"href":"https:\/\/www.seaflowerstore.com\/de\/wp-json\/wp\/v2\/product_tag?post=121446"}],"curies":[{"name":"wp","href":"https:\/\/api.w.org\/{rel}","templated":true}]}}