{"id":121447,"date":"2023-11-02T17:11:29","date_gmt":"2024-03-22T09:29:37","guid":{"rendered":"https:\/\/www.seaflowerstore.com\/?post_type=product&#038;p=121447"},"modified":"2024-03-22T10:29:37","modified_gmt":"2024-03-22T09:29:37","slug":"seaveggies-purple-seaweed-12gr","status":"publish","type":"product","link":"https:\/\/www.seaflowerstore.com\/de\/seaveggies-purple-seaweed-12gr\/","title":{"rendered":"SeaVeggies Purple Seaweed 12gr"},"content":{"rendered":"<h2>Julian Sprungs SeaVeggies purple seaweed 12gr Super nutritious Natural purple Seaweed sheets<\/h2>\n<p>Entdecken Sie die \u00e4u\u00dferst nahrhaften, nat\u00fcrlichen Purpuralgenbl\u00e4tter, die sich perfekt f\u00fcr Meerespflanzenfresser eignen, darunter Doktorfische, Doktorfische, Idolfische, Papageienfische, Kaiserfische, gro\u00dfe Falterfische sowie pflanzenfressende S\u00fc\u00dfwasserfische wie Buntbarsche und Goldfische.<\/p>\n<p><strong>Purpuralge (Porphyra umbilicalis)<\/strong><\/p>\n<p>Hier ist die garantierte Analyse dieser fantastischen Alge:<\/p>\n<ul>\n<li>Mindestprotein: 35 %<\/li>\n<li>Mindestfett: 0,7 %<\/li>\n<li>Maximalfaser: 4,7 %<\/li>\n<li>Kohlenhydrate: 39,6 %<\/li>\n<li>Feuchtigkeit: 10\u201315 %<\/li>\n<\/ul>\n","protected":false},"excerpt":{"rendered":"<p>Seaveggies paarse zeewier bladeren 12g Super voedzame natuurlijke paarse zeewierbladen voor zeedieren<\/p>\n","protected":false},"featured_media":91017,"template":"","meta":[],"pwb-brand":[2231],"product_cat":[1438],"product_tag":[],"class_list":{"0":"post-121447","1":"product","2":"type-product","3":"status-publish","4":"has-post-thumbnail","6":"pwb-brand-two-little-fishies","7":"product_cat-fischfutter","9":"first","10":"instock","11":"taxable","12":"shipping-taxable","13":"purchasable","14":"product-type-simple"},"acf":[],"brands":[{"id":2231,"name":"Two Little Fishies","slug":"two-little-fishies"}],"_links":{"self":[{"href":"https:\/\/www.seaflowerstore.com\/de\/wp-json\/wp\/v2\/product\/121447","targetHints":{"allow":["GET"]}}],"collection":[{"href":"https:\/\/www.seaflowerstore.com\/de\/wp-json\/wp\/v2\/product"}],"about":[{"href":"https:\/\/www.seaflowerstore.com\/de\/wp-json\/wp\/v2\/types\/product"}],"wp:featuredmedia":[{"embeddable":true,"href":"https:\/\/www.seaflowerstore.com\/de\/wp-json\/wp\/v2\/media\/91017"}],"wp:attachment":[{"href":"https:\/\/www.seaflowerstore.com\/de\/wp-json\/wp\/v2\/media?parent=121447"}],"wp:term":[{"taxonomy":"pwb-brand","embeddable":true,"href":"https:\/\/www.seaflowerstore.com\/de\/wp-json\/wp\/v2\/pwb-brand?post=121447"},{"taxonomy":"product_cat","embeddable":true,"href":"https:\/\/www.seaflowerstore.com\/de\/wp-json\/wp\/v2\/product_cat?post=121447"},{"taxonomy":"product_tag","embeddable":true,"href":"https:\/\/www.seaflowerstore.com\/de\/wp-json\/wp\/v2\/product_tag?post=121447"}],"curies":[{"name":"wp","href":"https:\/\/api.w.org\/{rel}","templated":true}]}}