{"id":121448,"date":"2023-11-02T16:45:20","date_gmt":"2024-03-22T09:30:02","guid":{"rendered":"https:\/\/www.seaflowerstore.com\/?post_type=product&#038;p=121448"},"modified":"2024-03-22T10:30:02","modified_gmt":"2024-03-22T09:30:02","slug":"seaveggies-green-seaweed-12gr","status":"publish","type":"product","link":"https:\/\/www.seaflowerstore.com\/de\/seaveggies-green-seaweed-12gr\/","title":{"rendered":"SeaVeggies Green Seaweed 12gr"},"content":{"rendered":"<h2>Seaveggies green seaweed 12g Super nutritious Natural Green Seaweed sheets. Ideal for marine herbivores<\/h2>\n<p>Wir stellen Ihnen unsere \u00e4u\u00dferst nahrhaften Bl\u00e4tter aus nat\u00fcrlichem gr\u00fcnem Seetang <strong>(Porphyra yezoensis)<\/strong> vor! Diese Bl\u00e4tter sind perfekt f\u00fcr Meerespflanzenfresser, darunter:<\/p>\n<ul>\n<li>Doktorfische und Doktorfische<\/li>\n<li>Maurenfische<\/li>\n<li>Papageifische<\/li>\n<li>Kaiserfische<\/li>\n<li>Gro\u00dfe Falterfische<\/li>\n<li>Pflanzenfressende S\u00fc\u00dfwasserfische, wie Buntbarsche und Goldfische<\/li>\n<\/ul>\n<p>Unsere Algenbl\u00e4tter liefern wichtige N\u00e4hrstoffe, die die Gesundheit und Vitalit\u00e4t Ihrer Wasserfreunde unterst\u00fctzen. Sie sind eine hervorragende Erg\u00e4nzung zur Ern\u00e4hrung Ihrer Fische und stellen sicher, dass sie die N\u00e4hrstoffe erhalten, die sie zum Gedeihen ben\u00f6tigen.<\/p>\n","protected":false},"excerpt":{"rendered":"<p>Seaveggies groene zeewier bladeren 12gr Super voedzame natuurlijke groene zeewiervellen. Ideaal voor zeeherbivoren<\/p>\n","protected":false},"featured_media":91011,"template":"","meta":[],"pwb-brand":[2231],"product_cat":[1438],"product_tag":[],"class_list":{"0":"post-121448","1":"product","2":"type-product","3":"status-publish","4":"has-post-thumbnail","6":"pwb-brand-two-little-fishies","7":"product_cat-fischfutter","9":"first","10":"instock","11":"taxable","12":"shipping-taxable","13":"purchasable","14":"product-type-simple"},"acf":[],"brands":[{"id":2231,"name":"Two Little Fishies","slug":"two-little-fishies"}],"_links":{"self":[{"href":"https:\/\/www.seaflowerstore.com\/de\/wp-json\/wp\/v2\/product\/121448","targetHints":{"allow":["GET"]}}],"collection":[{"href":"https:\/\/www.seaflowerstore.com\/de\/wp-json\/wp\/v2\/product"}],"about":[{"href":"https:\/\/www.seaflowerstore.com\/de\/wp-json\/wp\/v2\/types\/product"}],"wp:featuredmedia":[{"embeddable":true,"href":"https:\/\/www.seaflowerstore.com\/de\/wp-json\/wp\/v2\/media\/91011"}],"wp:attachment":[{"href":"https:\/\/www.seaflowerstore.com\/de\/wp-json\/wp\/v2\/media?parent=121448"}],"wp:term":[{"taxonomy":"pwb-brand","embeddable":true,"href":"https:\/\/www.seaflowerstore.com\/de\/wp-json\/wp\/v2\/pwb-brand?post=121448"},{"taxonomy":"product_cat","embeddable":true,"href":"https:\/\/www.seaflowerstore.com\/de\/wp-json\/wp\/v2\/product_cat?post=121448"},{"taxonomy":"product_tag","embeddable":true,"href":"https:\/\/www.seaflowerstore.com\/de\/wp-json\/wp\/v2\/product_tag?post=121448"}],"curies":[{"name":"wp","href":"https:\/\/api.w.org\/{rel}","templated":true}]}}