{"id":121449,"date":"2023-11-02T16:05:35","date_gmt":"2024-03-22T09:30:09","guid":{"rendered":"https:\/\/www.seaflowerstore.com\/?post_type=product&#038;p=121449"},"modified":"2024-03-22T10:30:09","modified_gmt":"2024-03-22T09:30:09","slug":"seaveggies-red-seaweed-12gr","status":"publish","type":"product","link":"https:\/\/www.seaflowerstore.com\/de\/seaveggies-red-seaweed-12gr\/","title":{"rendered":"SeaVeggies Red Seaweed 12gr"},"content":{"rendered":"<h2>Two Little Fishies Julian Sprungs SeaVeggies red seaweed 12gram are Super nutritious Natural Red Seaweed sheets<\/h2>\n<p>Willkommen in der Welt der <strong>super nahrhaften nat\u00fcrlichen Rotalgenbl\u00e4tter<\/strong>. Diese Bl\u00e4tter sind perfekt f\u00fcr Meerespflanzenfresser wie Doktorfische, Doktorfische, Idolfische, Papageienfische, Kaiserfische, gro\u00dfe Falterfische und sogar pflanzenfressende S\u00fc\u00dfwasserfische wie Buntbarsche und Goldfische.<\/p>\n<p>Unsere Rotalge, wissenschaftlich bekannt als <em>Palmaria palmata<\/em>, bietet eine fantastische garantierte Analyse:<\/p>\n<ul>\n<li><strong>Mindestprotein:<\/strong> 21,5 %<\/li>\n<li><strong>Mindestfett:<\/strong> 1,7 %<\/li>\n<li><strong>Maximal l\u00f6sliche Ballaststoffe:<\/strong> 16,4 %<\/li>\n<li><strong>Maximal unl\u00f6sliche Ballaststoffe:<\/strong> 16,9 %<\/li>\n<li><strong>Kohlenhydrate:<\/strong> 40 %<\/li>\n<li><strong>Feuchtigkeit:<\/strong> 10\u201315 %<\/li>\n<\/ul>\n<p>Diese nat\u00fcrlichen Algenbl\u00e4tter liefern nicht nur wichtige N\u00e4hrstoffe, sondern unterst\u00fctzen auch eine gesunde Ern\u00e4hrung Ihrer Wasserfreunde. Tauchen Sie noch heute ein in die Vorteile von SeaVeggies f\u00fcr Ihr Meeresleben!<\/p>\n","protected":false},"excerpt":{"rendered":"<p>Two Little Fishies Julian Sprung&#8217;s SeaVeggies red seaweed 12gram zijn super voedzame natuurlijke vellen rood zeewier<\/p>\n","protected":false},"featured_media":91005,"template":"","meta":[],"pwb-brand":[2231],"product_cat":[1438],"product_tag":[],"class_list":{"0":"post-121449","1":"product","2":"type-product","3":"status-publish","4":"has-post-thumbnail","6":"pwb-brand-two-little-fishies","7":"product_cat-fischfutter","9":"first","10":"instock","11":"taxable","12":"shipping-taxable","13":"purchasable","14":"product-type-simple"},"acf":[],"brands":[{"id":2231,"name":"Two Little Fishies","slug":"two-little-fishies"}],"_links":{"self":[{"href":"https:\/\/www.seaflowerstore.com\/de\/wp-json\/wp\/v2\/product\/121449","targetHints":{"allow":["GET"]}}],"collection":[{"href":"https:\/\/www.seaflowerstore.com\/de\/wp-json\/wp\/v2\/product"}],"about":[{"href":"https:\/\/www.seaflowerstore.com\/de\/wp-json\/wp\/v2\/types\/product"}],"wp:featuredmedia":[{"embeddable":true,"href":"https:\/\/www.seaflowerstore.com\/de\/wp-json\/wp\/v2\/media\/91005"}],"wp:attachment":[{"href":"https:\/\/www.seaflowerstore.com\/de\/wp-json\/wp\/v2\/media?parent=121449"}],"wp:term":[{"taxonomy":"pwb-brand","embeddable":true,"href":"https:\/\/www.seaflowerstore.com\/de\/wp-json\/wp\/v2\/pwb-brand?post=121449"},{"taxonomy":"product_cat","embeddable":true,"href":"https:\/\/www.seaflowerstore.com\/de\/wp-json\/wp\/v2\/product_cat?post=121449"},{"taxonomy":"product_tag","embeddable":true,"href":"https:\/\/www.seaflowerstore.com\/de\/wp-json\/wp\/v2\/product_tag?post=121449"}],"curies":[{"name":"wp","href":"https:\/\/api.w.org\/{rel}","templated":true}]}}