{"id":121461,"date":"2023-11-02T15:09:28","date_gmt":"2024-03-22T09:31:26","guid":{"rendered":"https:\/\/www.seaflowerstore.com\/?post_type=product&#038;p=121461"},"modified":"2024-03-22T10:31:26","modified_gmt":"2024-03-22T09:31:26","slug":"vca-3-4in-random-flow-generator-flow-kit","status":"publish","type":"product","link":"https:\/\/www.seaflowerstore.com\/de\/vca-3-4in-random-flow-generator-flow-kit\/","title":{"rendered":"VCA 3\/4in Random Flow Generator Flow Kit"},"content":{"rendered":"<h2>VCA 3\/4in Random Flow Generator Flow Kit can help to create a more natural, randomized flow pattern within an aquarium, pond, or other bodies of water<\/h2>\n<p><strong>Funktioniert mit<\/strong><\/p>\n<h2><strong>Red Sea REEFER G2<\/strong><\/h2>\n<p>Dieses Kit wird f\u00fcr Gen 2-Modelle mit zwei Ausg\u00e4ngen (auf beiden Seiten des \u00dcberlaufs) f\u00fcr den Red Sea Reefer 525 und h\u00f6her empfohlen.<\/p>\n<h2><strong>Waterbox-Aquarien<\/strong><\/h2>\n<p>Es ist mit Waterbox-Aquarien kompatibel, die serienm\u00e4\u00dfige DN20-R\u00fccklaufd\u00fcsen haben.<\/p>\n<p><strong>Au\u00dferdem viele andere Aquarien, die den mitgelieferten<\/strong> <b>Adapter verwenden \u2013 scrollen Sie nach unten, um die vollst\u00e4ndige Liste anzuzeigen.<\/b><\/p>\n<p><strong>Kit enth\u00e4lt:<\/strong><\/p>\n<ul>\n<li><strong>Die patentierte Random Flow Generator\u00ae-D\u00fcse<\/strong> \u2013 3\/4-Zoll Flex-Series Random Flow Generator\u00ae-D\u00fcsen \u2013 RFG075-FLX<\/li>\n<li><strong>Neue Flex-Series-Adapter<\/strong> \u2013 2530-075 Multidapter\u2122 &#8211; MHA2830LL075 Modularer Schlauchkonverter &#8211; 3035-075 Multidapter\u2122<\/li>\n<li><strong>Original Loc-line<\/strong> &#8211; Original 3\/4-Zoll Loc-Line\u00ae-Anschl\u00fcsse<\/li>\n<\/ul>\n<h3>Beinhaltet den neuen Random Flow Generator\u00ae der Flex-Serie<\/h3>\n<p><strong><img loading=\"lazy\" decoding=\"async\" class=\"size-full wp-image-34202 alignleft\" src=\"https:\/\/vividcreativeaquatics.com\/wp-content\/uploads\/2022\/09\/RFG-FLX_icon.png\" alt=\"RFG-FLX\" width=\"94\" height=\"33\" \/>Extrem langlebiges und flexibles Material<\/strong><\/p>\n<p>Dieses Produkt wird aus riffsicherem TPU (thermoplastisches Polyurethan) hergestellt.<\/p>\n<p><img loading=\"lazy\" decoding=\"async\" class=\"size-full wp-image-33811 alignnone\" src=\"https:\/\/vividcreativeaquatics.com\/wp-content\/uploads\/2022\/08\/RFG075-Flow-Rates.jpg\" alt=\"\" width=\"300\" height=\"206\" \/><\/p>\n","protected":false},"excerpt":{"rendered":"<p>VCA 3\/4in Random Flow Generator Flow FLEX Kit kan helpen om een natuurlijker, willekeurig stromingspatroon te cre\u00ebren in een aquarium, vijver of andere watermassa&#8217;s<\/p>\n","protected":false},"featured_media":90983,"template":"","meta":[],"pwb-brand":[2269],"product_cat":[1429,1385],"product_tag":[],"class_list":{"0":"post-121461","1":"product","2":"type-product","3":"status-publish","4":"has-post-thumbnail","6":"pwb-brand-vca","7":"product_cat-vivid-creative-aquatics-de","8":"product_cat-neue-produkte","10":"first","11":"instock","12":"taxable","13":"shipping-taxable","14":"purchasable","15":"product-type-simple"},"acf":[],"brands":[{"id":2269,"name":"VCA","slug":"vca"}],"_links":{"self":[{"href":"https:\/\/www.seaflowerstore.com\/de\/wp-json\/wp\/v2\/product\/121461","targetHints":{"allow":["GET"]}}],"collection":[{"href":"https:\/\/www.seaflowerstore.com\/de\/wp-json\/wp\/v2\/product"}],"about":[{"href":"https:\/\/www.seaflowerstore.com\/de\/wp-json\/wp\/v2\/types\/product"}],"wp:featuredmedia":[{"embeddable":true,"href":"https:\/\/www.seaflowerstore.com\/de\/wp-json\/wp\/v2\/media\/90983"}],"wp:attachment":[{"href":"https:\/\/www.seaflowerstore.com\/de\/wp-json\/wp\/v2\/media?parent=121461"}],"wp:term":[{"taxonomy":"pwb-brand","embeddable":true,"href":"https:\/\/www.seaflowerstore.com\/de\/wp-json\/wp\/v2\/pwb-brand?post=121461"},{"taxonomy":"product_cat","embeddable":true,"href":"https:\/\/www.seaflowerstore.com\/de\/wp-json\/wp\/v2\/product_cat?post=121461"},{"taxonomy":"product_tag","embeddable":true,"href":"https:\/\/www.seaflowerstore.com\/de\/wp-json\/wp\/v2\/product_tag?post=121461"}],"curies":[{"name":"wp","href":"https:\/\/api.w.org\/{rel}","templated":true}]}}