{"id":121462,"date":"2023-11-02T14:41:05","date_gmt":"2024-03-22T09:31:31","guid":{"rendered":"https:\/\/www.seaflowerstore.com\/?post_type=product&#038;p=121462"},"modified":"2025-12-11T23:05:43","modified_gmt":"2025-12-11T22:05:43","slug":"vca-1-2in-random-flow-generator-flow-kit","status":"publish","type":"product","link":"https:\/\/www.seaflowerstore.com\/de\/vca-1-2in-random-flow-generator-flow-kit\/","title":{"rendered":"VCA 1\/2in Random Flow Generator Flow Kit"},"content":{"rendered":"<h2>VCA 1\/2in Random Flow Generator Flow Kit can help to create a more natural, randomized flow pattern within an aquarium, pond, or other bodies of water<\/h2>\n<p><strong>Funktioniert mit<\/strong><\/p>\n<h2><strong>Red Sea REEFER G2<\/strong><\/h2>\n<p>Dieses Kit wird f\u00fcr Gen 2-Modelle mit zwei Ausg\u00e4ngen (auf beiden Seiten des \u00dcberlaufs) des Red Sea Reefer 525 und darunter empfohlen.<\/p>\n<h2><strong>Waterbox-Aquarien<\/strong><\/h2>\n<p>Es ist f\u00fcr Waterbox Cube, Peninsula Mini-Serie und gr\u00f6\u00dfere Tanks geeignet, die serienm\u00e4\u00dfige DN15-R\u00fccklaufd\u00fcsen verwenden.<\/p>\n<p><strong>Au\u00dferdem viele andere Aquarien mit dem mitgelieferten <\/strong><b>Adapter \u2013 scrollen Sie nach unten, um die vollst\u00e4ndige Liste anzuzeigen.<\/b><\/p>\n<p><strong>Kit enth\u00e4lt:<\/strong><\/p>\n<ul>\n<li><strong>Die patentierte Random Flow Generator\u00ae-D\u00fcse<\/strong> \u2013 1\/2-Zoll Flex-Series Random Flow Generator\u00ae-D\u00fcsen \u2013 RFG050-FLX<\/li>\n<li><strong>Neue Flex-Series Adapter<\/strong> \u2013 2530-075 Multidapter\u2122, WB165050 Modularer Schlauchkonverter, MHA2021LL050 Modularer Schlauchadapter<\/li>\n<li><strong>Original Loc-line<\/strong> \u2013 Original 1\/2-Zoll Loc-Line\u00ae-Anschl\u00fcsse<\/li>\n<\/ul>\n<h3>Beinhaltet den neuen Flex Series Random Flow Generator\u00ae<\/h3>\n<p><strong><img loading=\"lazy\" decoding=\"async\" class=\"size-full wp-image-34202 alignleft\" src=\"https:\/\/vividcreativeaquatics.com\/wp-content\/uploads\/2022\/09\/RFG-FLX_icon.png\" alt=\"RFG-FLX\" width=\"94\" height=\"33\" \/>Extrem langlebiges und flexibles Material<\/strong><\/p>\n<p>Dieses Produkt wird aus einem riffsicheren TPU (Thermoplastisches Polyurethan) hergestellt.<\/p>\n<p><img loading=\"lazy\" decoding=\"async\" class=\"alignnone size-full wp-image-33808\" src=\"https:\/\/vividcreativeaquatics.com\/wp-content\/uploads\/2022\/08\/RFG050-Flow-Rates.jpg\" alt=\"\" width=\"300\" height=\"206\" \/><\/p>\n","protected":false},"excerpt":{"rendered":"<p>VCA 1\/2in Random Flow Generator Flow FLEX Kit kan helpen om een natuurlijker, willekeurig stromingspatroon te cre\u00ebren in een aquarium, vijver of andere watermassa&#8217;s<\/p>\n","protected":false},"featured_media":90977,"template":"","meta":[],"pwb-brand":[2269],"product_cat":[1429],"product_tag":[],"class_list":{"0":"post-121462","1":"product","2":"type-product","3":"status-publish","4":"has-post-thumbnail","6":"pwb-brand-vca","7":"product_cat-vivid-creative-aquatics-de","9":"first","10":"outofstock","11":"taxable","12":"shipping-taxable","13":"purchasable","14":"product-type-simple"},"acf":[],"brands":[{"id":2269,"name":"VCA","slug":"vca"}],"_links":{"self":[{"href":"https:\/\/www.seaflowerstore.com\/de\/wp-json\/wp\/v2\/product\/121462","targetHints":{"allow":["GET"]}}],"collection":[{"href":"https:\/\/www.seaflowerstore.com\/de\/wp-json\/wp\/v2\/product"}],"about":[{"href":"https:\/\/www.seaflowerstore.com\/de\/wp-json\/wp\/v2\/types\/product"}],"wp:featuredmedia":[{"embeddable":true,"href":"https:\/\/www.seaflowerstore.com\/de\/wp-json\/wp\/v2\/media\/90977"}],"wp:attachment":[{"href":"https:\/\/www.seaflowerstore.com\/de\/wp-json\/wp\/v2\/media?parent=121462"}],"wp:term":[{"taxonomy":"pwb-brand","embeddable":true,"href":"https:\/\/www.seaflowerstore.com\/de\/wp-json\/wp\/v2\/pwb-brand?post=121462"},{"taxonomy":"product_cat","embeddable":true,"href":"https:\/\/www.seaflowerstore.com\/de\/wp-json\/wp\/v2\/product_cat?post=121462"},{"taxonomy":"product_tag","embeddable":true,"href":"https:\/\/www.seaflowerstore.com\/de\/wp-json\/wp\/v2\/product_tag?post=121462"}],"curies":[{"name":"wp","href":"https:\/\/api.w.org\/{rel}","templated":true}]}}