{"id":121465,"date":"2023-10-07T16:12:03","date_gmt":"2024-03-22T09:31:54","guid":{"rendered":"https:\/\/www.seaflowerstore.com\/?post_type=product&#038;p=121465"},"modified":"2024-03-22T10:31:55","modified_gmt":"2024-03-22T09:31:55","slug":"reef-factory-molybdenum-mo-150ml","status":"publish","type":"product","link":"https:\/\/www.seaflowerstore.com\/de\/reef-factory-molybdenum-mo-150ml\/","title":{"rendered":"Reef Factory Molybdenum (Mo) &#8211; 150ml"},"content":{"rendered":"<h2>Reef Factory Molybdenum (Mo) &#8211; 150ml Involved in enzymatic processes<\/h2>\n<p>Die chemische Zusammensetzung von Molybd\u00e4n-Riffmineralien ist speziell darauf ausgelegt, Molybd\u00e4nmangel und pl\u00f6tzliche Abfall des Meerwasserspiegels zu beheben. Dieses Produkt ist absolut sicher in der Anwendung und wird den Molybd\u00e4ngehalt in Ihrem Meerwasseraquarium effizient auf optimale Werte anheben.<\/p>\n<p><strong>Hauptmerkmale:<\/strong><\/p>\n<ul>\n<li>Verst\u00e4rkt die leuchtende F\u00e4rbung von Korallen.<\/li>\n<li>Reguliert die Toxizit\u00e4t von Kupfer f\u00fcr Wirbellose.<\/li>\n<li>Spielt eine Rolle bei enzymatischen Prozessen.<\/li>\n<li>Sch\u00fctzt Wassertiere vor starker Lichteinwirkung.<\/li>\n<\/ul>\n<p><strong>Dosierung:<\/strong> Die Zugabe von 1 ml Molybdenum Reef Minerals erh\u00f6ht den Molybd\u00e4ngehalt (Mo) in einem 100-l-Meerwasseraquarium um 2 \u00b5g\/l.<\/p>\n<p>Der empfohlene Molybd\u00e4ngehalt im Aquarienwasser liegt zwischen 8 und 12 \u00b5g\/l. Die maximale sichere Tagesdosis betr\u00e4gt 1 ml pro 100 l Wasser.<\/p>\n","protected":false},"excerpt":{"rendered":"<p>Reef Factory Molybdenum (Mo) &#8211; 150ml betrokken bij enzymatische processen<\/p>\n","protected":false},"featured_media":90697,"template":"","meta":[],"pwb-brand":[2285],"product_cat":[1391],"product_tag":[],"class_list":{"0":"post-121465","1":"product","2":"type-product","3":"status-publish","4":"has-post-thumbnail","6":"pwb-brand-reef-factory","7":"product_cat-ergaenzungen","9":"first","10":"outofstock","11":"sale","12":"taxable","13":"shipping-taxable","14":"purchasable","15":"product-type-simple"},"acf":[],"brands":[{"id":2285,"name":"Reef Factory","slug":"reef-factory"}],"_links":{"self":[{"href":"https:\/\/www.seaflowerstore.com\/de\/wp-json\/wp\/v2\/product\/121465","targetHints":{"allow":["GET"]}}],"collection":[{"href":"https:\/\/www.seaflowerstore.com\/de\/wp-json\/wp\/v2\/product"}],"about":[{"href":"https:\/\/www.seaflowerstore.com\/de\/wp-json\/wp\/v2\/types\/product"}],"wp:featuredmedia":[{"embeddable":true,"href":"https:\/\/www.seaflowerstore.com\/de\/wp-json\/wp\/v2\/media\/90697"}],"wp:attachment":[{"href":"https:\/\/www.seaflowerstore.com\/de\/wp-json\/wp\/v2\/media?parent=121465"}],"wp:term":[{"taxonomy":"pwb-brand","embeddable":true,"href":"https:\/\/www.seaflowerstore.com\/de\/wp-json\/wp\/v2\/pwb-brand?post=121465"},{"taxonomy":"product_cat","embeddable":true,"href":"https:\/\/www.seaflowerstore.com\/de\/wp-json\/wp\/v2\/product_cat?post=121465"},{"taxonomy":"product_tag","embeddable":true,"href":"https:\/\/www.seaflowerstore.com\/de\/wp-json\/wp\/v2\/product_tag?post=121465"}],"curies":[{"name":"wp","href":"https:\/\/api.w.org\/{rel}","templated":true}]}}