{"id":121466,"date":"2023-10-07T16:00:00","date_gmt":"2024-03-22T09:38:40","guid":{"rendered":"https:\/\/www.seaflowerstore.com\/?post_type=product&#038;p=121466"},"modified":"2024-03-22T10:38:41","modified_gmt":"2024-03-22T09:38:41","slug":"reef-factory-manganese-mn-150ml","status":"publish","type":"product","link":"https:\/\/www.seaflowerstore.com\/de\/reef-factory-manganese-mn-150ml\/","title":{"rendered":"Reef Factory Manganese (Mn) &#8211; 150ml"},"content":{"rendered":"<h2>Reef Factory Manganese (Mn) &#8211; 150ml has a positive effect on the red pigmentation of corals<\/h2>\n<p>Die chemische Zusammensetzung von Manganese Reef Minerals ist speziell darauf ausgelegt, Manganmangel und pl\u00f6tzliche Abf\u00e4lle des Meerwasserspiegels zu beheben. Dieses Produkt ist sicher in der Anwendung und wird den Mangangehalt in Ihrem Meerwasseraquarium schnell und effektiv auf optimale Werte anheben.<\/p>\n<p><strong>Hauptmerkmale:<\/strong><\/p>\n<ul>\n<li>Es wirkt sich positiv auf die rote Pigmentierung von Korallen aus.<\/li>\n<li>Es ist ein entscheidender Bestandteil vieler Enzyme.<\/li>\n<li>Es verbessert die Qualit\u00e4t der Photosynthese und ist f\u00fcr die richtige Ern\u00e4hrung von Korallen unerl\u00e4sslich.<\/li>\n<li>Seine Anwesenheit kann dazu beitragen, negative zellul\u00e4re Auswirkungen durch thermischen Stress zu reduzieren.<\/li>\n<\/ul>\n<p><strong>Dosierung:<\/strong> Die Zugabe von 1 ml Manganese Reef Minerals erh\u00f6ht den Mangangehalt (Mn) in einem 100-l-Meerwasseraquarium um 2 \u00b5g\/l.<\/p>\n<p>Der empfohlene Mangangehalt im Aquarienwasser liegt zwischen 1 und 3 \u00b5g\/l. Die maximal sichere Tagesdosis betr\u00e4gt 0,5 ml pro 100 l Wasser.<\/p>\n","protected":false},"excerpt":{"rendered":"<p>Reef Factory Manganese (Mn) &#8211; 150ml heeft een positief effect op de rode pigmentatie van koralen<\/p>\n","protected":false},"featured_media":90692,"template":"","meta":[],"pwb-brand":[2285],"product_cat":[1391],"product_tag":[],"class_list":{"0":"post-121466","1":"product","2":"type-product","3":"status-publish","4":"has-post-thumbnail","6":"pwb-brand-reef-factory","7":"product_cat-ergaenzungen","9":"first","10":"outofstock","11":"sale","12":"taxable","13":"shipping-taxable","14":"purchasable","15":"product-type-simple"},"acf":[],"brands":[{"id":2285,"name":"Reef Factory","slug":"reef-factory"}],"_links":{"self":[{"href":"https:\/\/www.seaflowerstore.com\/de\/wp-json\/wp\/v2\/product\/121466","targetHints":{"allow":["GET"]}}],"collection":[{"href":"https:\/\/www.seaflowerstore.com\/de\/wp-json\/wp\/v2\/product"}],"about":[{"href":"https:\/\/www.seaflowerstore.com\/de\/wp-json\/wp\/v2\/types\/product"}],"wp:featuredmedia":[{"embeddable":true,"href":"https:\/\/www.seaflowerstore.com\/de\/wp-json\/wp\/v2\/media\/90692"}],"wp:attachment":[{"href":"https:\/\/www.seaflowerstore.com\/de\/wp-json\/wp\/v2\/media?parent=121466"}],"wp:term":[{"taxonomy":"pwb-brand","embeddable":true,"href":"https:\/\/www.seaflowerstore.com\/de\/wp-json\/wp\/v2\/pwb-brand?post=121466"},{"taxonomy":"product_cat","embeddable":true,"href":"https:\/\/www.seaflowerstore.com\/de\/wp-json\/wp\/v2\/product_cat?post=121466"},{"taxonomy":"product_tag","embeddable":true,"href":"https:\/\/www.seaflowerstore.com\/de\/wp-json\/wp\/v2\/product_tag?post=121466"}],"curies":[{"name":"wp","href":"https:\/\/api.w.org\/{rel}","templated":true}]}}