{"id":121472,"date":"2023-10-07T12:19:18","date_gmt":"2024-03-22T09:39:57","guid":{"rendered":"https:\/\/www.seaflowerstore.com\/?post_type=product&#038;p=121472"},"modified":"2024-03-22T10:39:58","modified_gmt":"2024-03-22T09:39:58","slug":"reef-factory-sulfur-s-1000-ml","status":"publish","type":"product","link":"https:\/\/www.seaflowerstore.com\/de\/reef-factory-sulfur-s-1000-ml\/","title":{"rendered":"Reef Factory Sulfur (S) &#8211; 1000 ml"},"content":{"rendered":"<h2>Reef Factory Sulfur (S) &#8211; 1000 ml <span style=\"font-weight: 400;\">allows corals to build their skeletons properly and intensify their coloration<\/span><\/h2>\n<p><span style=\"font-weight: 400;\">Die chemische Zusammensetzung von Sulfur Reef Minerals ist darauf ausgelegt, Schwefelmangel und pl\u00f6tzliche Abnahmen des Schwefelgehalts im Meerwasser zu beheben. Die Anwendung ist sicher und bietet eine schnelle und effiziente M\u00f6glichkeit, den Schwefelgehalt in Ihrem Meerwasseraquarium auf den optimalen Bereich anzuheben.<\/span><\/p>\n<p><span style=\"font-weight: 400;\"><strong>Hauptmerkmale:<\/strong><\/span><\/p>\n<ul>\n<li style=\"font-weight: 400;\"><span style=\"font-weight: 400;\">Die Aufrechterhaltung des richtigen und stabilen Schwefelgehalts in einem Meerwasseraquarium erm\u00f6glicht es Korallen, ihre Skelette effektiv aufzubauen und verbessert ihre F\u00e4rbung. Untersuchungen zeigen, dass ein Mangel an diesem Element die Stoffwechselprozesse lebender Organismen st\u00f6ren kann.<\/span><\/li>\n<li style=\"font-weight: 400;\"><span style=\"font-weight: 400;\">Schwefel spielt eine wichtige Rolle im oxidativen Stoffwechsel und ist f\u00fcr die Ern\u00e4hrung von Zooxanthellen, den symbiotischen Algen in Korallen, unerl\u00e4sslich.<\/span><\/li>\n<li style=\"font-weight: 400;\"><span style=\"font-weight: 400;\">Schwefel wird in einem geschlossenen Aquariensystem st\u00e4ndig verbraucht, daher ist es wichtig, seinen Gehalt regelm\u00e4\u00dfig zu \u00fcberwachen.<\/span><\/li>\n<\/ul>\n<p><span style=\"font-weight: 400;\"><strong>Dosierung:<\/strong> Durch Zugabe von 10 ml Sulfur Reef Minerals wird der Schwefelgehalt (S) in einem 100-l-Meerwasseraquarium um 4 mg\/l (ppm) erh\u00f6ht.<\/span><\/p>\n<p><span style=\"font-weight: 400;\">Der empfohlene Schwefelgehalt im Aquarienwasser liegt zwischen 850\u2013950 mg\/l. Die maximal sichere Tagesdosis betr\u00e4gt 38 ml pro 100 l Wasser.<\/span><\/p>\n","protected":false},"excerpt":{"rendered":"<p>Reef Factory Sulfur (S) &#8211; 1000 ml stelt koralen in staat om hun skelet goed op te bouwen en hun kleur te intensiveren<\/p>\n","protected":false},"featured_media":90656,"template":"","meta":[],"pwb-brand":[2285],"product_cat":[1391],"product_tag":[],"class_list":{"0":"post-121472","1":"product","2":"type-product","3":"status-publish","4":"has-post-thumbnail","6":"pwb-brand-reef-factory","7":"product_cat-ergaenzungen","9":"first","10":"outofstock","11":"sale","12":"taxable","13":"shipping-taxable","14":"purchasable","15":"product-type-simple"},"acf":[],"brands":[{"id":2285,"name":"Reef Factory","slug":"reef-factory"}],"_links":{"self":[{"href":"https:\/\/www.seaflowerstore.com\/de\/wp-json\/wp\/v2\/product\/121472","targetHints":{"allow":["GET"]}}],"collection":[{"href":"https:\/\/www.seaflowerstore.com\/de\/wp-json\/wp\/v2\/product"}],"about":[{"href":"https:\/\/www.seaflowerstore.com\/de\/wp-json\/wp\/v2\/types\/product"}],"wp:featuredmedia":[{"embeddable":true,"href":"https:\/\/www.seaflowerstore.com\/de\/wp-json\/wp\/v2\/media\/90656"}],"wp:attachment":[{"href":"https:\/\/www.seaflowerstore.com\/de\/wp-json\/wp\/v2\/media?parent=121472"}],"wp:term":[{"taxonomy":"pwb-brand","embeddable":true,"href":"https:\/\/www.seaflowerstore.com\/de\/wp-json\/wp\/v2\/pwb-brand?post=121472"},{"taxonomy":"product_cat","embeddable":true,"href":"https:\/\/www.seaflowerstore.com\/de\/wp-json\/wp\/v2\/product_cat?post=121472"},{"taxonomy":"product_tag","embeddable":true,"href":"https:\/\/www.seaflowerstore.com\/de\/wp-json\/wp\/v2\/product_tag?post=121472"}],"curies":[{"name":"wp","href":"https:\/\/api.w.org\/{rel}","templated":true}]}}