{"id":121475,"date":"2023-09-07T10:42:15","date_gmt":"2024-03-22T09:40:53","guid":{"rendered":"https:\/\/www.seaflowerstore.com\/?post_type=product&#038;p=121475"},"modified":"2025-07-10T17:42:02","modified_gmt":"2025-07-10T15:42:02","slug":"reef-factory-mg-reagents-pack-for-smart-tester","status":"publish","type":"product","link":"https:\/\/www.seaflowerstore.com\/de\/reef-factory-mg-reagents-pack-for-smart-tester\/","title":{"rendered":"Reef Factory MG reagents pack (for Smart Tester)"},"content":{"rendered":"<h2>Reef Factory MG reagents pack (for Smart Tester)<\/h2>\n<p>Das gebrauchsfertige, vorkalibrierte Set an Magnesium-Messreagenzien ist f\u00fcr die Pr\u00fcfung wichtiger Parameter von Meerwasser mit dem Messger\u00e4t Smart Tester konzipiert.<\/p>\n<p>Der Smart Tester entnimmt selbstst\u00e4ndig Wasser aus Ihrem Aquarium zur Pr\u00fcfung, f\u00fchrt die Messung durch und speichert die Ergebnisse in der Anwendung Smart Reef. Sie k\u00f6nnen die Ergebnisse und den Messverlauf jederzeit in der App \u00fcberpr\u00fcfen.<\/p>\n<p>Magnesium spielt eine entscheidende Rolle bei der Kalziumaufnahme von Meerestieren. Um Ihr Aquarium optimal zu pflegen, ist es wichtig, diesen Parameter regelm\u00e4\u00dfig zu messen.<\/p>\n<p><strong>Hauptmerkmale des Reagenzes:<\/strong><\/p>\n<ul>\n<li>Messbereich: 800-1800 ppm<\/li>\n<li>Messdefinition: 10 ppm<\/li>\n<li>Genauigkeit: 50 ppm \/ 5 %<\/li>\n<li>Testdauer: ~40-60 Minuten<\/li>\n<li>Anzahl der Messungen aus einem Satz: ~50 (abh\u00e4ngig von der Konzentration der Mg-Ionen)<\/li>\n<li>Einfacher Austausch des gemessenen Parameters dank der Reagenzien in praktischen Kartuschen<\/li>\n<li>Vorkalibrierte Kartuschen erleichtern die Wartung des Ger\u00e4ts<\/li>\n<li>Hohe Wiederholbarkeit und Messgenauigkeit<\/li>\n<li>Bequemlichkeit und Zeitersparnis<\/li>\n<\/ul>\n<p><strong>Smart Reef +<\/strong><\/p>\n<p>Reef Factory bietet eine Vielzahl von Intelligente Produkte f\u00fcr die einfache und bequeme Verwaltung eines Meerwasseraquariums. Bauen Sie Ihr eigenes System auf der Basis intelligenter Ger\u00e4te und steuern Sie diese \u00fcber eine benutzerfreundliche Anwendung!<\/p>\n","protected":false},"excerpt":{"rendered":"<p>Reef Factory MG reagentia pakket (voor Smart Tester) Gebruiksklare, vooraf gekalibreerde set Mg meetreagentia<\/p>\n","protected":false},"featured_media":90313,"template":"","meta":[],"pwb-brand":[2285],"product_cat":[1387,1400],"product_tag":[],"class_list":{"0":"post-121475","1":"product","2":"type-product","3":"status-publish","4":"has-post-thumbnail","6":"pwb-brand-reef-factory","7":"product_cat-messsysteme","8":"product_cat-tester","10":"first","11":"outofstock","12":"taxable","13":"shipping-taxable","14":"purchasable","15":"product-type-simple"},"acf":[],"brands":[{"id":2285,"name":"Reef Factory","slug":"reef-factory"}],"_links":{"self":[{"href":"https:\/\/www.seaflowerstore.com\/de\/wp-json\/wp\/v2\/product\/121475","targetHints":{"allow":["GET"]}}],"collection":[{"href":"https:\/\/www.seaflowerstore.com\/de\/wp-json\/wp\/v2\/product"}],"about":[{"href":"https:\/\/www.seaflowerstore.com\/de\/wp-json\/wp\/v2\/types\/product"}],"wp:featuredmedia":[{"embeddable":true,"href":"https:\/\/www.seaflowerstore.com\/de\/wp-json\/wp\/v2\/media\/90313"}],"wp:attachment":[{"href":"https:\/\/www.seaflowerstore.com\/de\/wp-json\/wp\/v2\/media?parent=121475"}],"wp:term":[{"taxonomy":"pwb-brand","embeddable":true,"href":"https:\/\/www.seaflowerstore.com\/de\/wp-json\/wp\/v2\/pwb-brand?post=121475"},{"taxonomy":"product_cat","embeddable":true,"href":"https:\/\/www.seaflowerstore.com\/de\/wp-json\/wp\/v2\/product_cat?post=121475"},{"taxonomy":"product_tag","embeddable":true,"href":"https:\/\/www.seaflowerstore.com\/de\/wp-json\/wp\/v2\/product_tag?post=121475"}],"curies":[{"name":"wp","href":"https:\/\/api.w.org\/{rel}","templated":true}]}}