{"id":121476,"date":"2023-09-07T10:31:04","date_gmt":"2024-03-22T09:41:12","guid":{"rendered":"https:\/\/www.seaflowerstore.com\/?post_type=product&#038;p=121476"},"modified":"2026-02-03T19:33:13","modified_gmt":"2026-02-03T18:33:13","slug":"reef-factory-po4-reagents-pack-for-smart-tester","status":"publish","type":"product","link":"https:\/\/www.seaflowerstore.com\/de\/reef-factory-po4-reagents-pack-for-smart-tester\/","title":{"rendered":"Reef Factory PO4 reagents pack (for Smart Tester)"},"content":{"rendered":"<h2>Reef Factory PO4 reagents pack (for Smart Tester)<\/h2>\n<p>Wir stellen einen gebrauchsfertigen, vorkalibrierten Satz von PO4-Messreagenzien vor, der speziell zum Testen wichtiger Parameter von Meerwasser mit dem Messger\u00e4t Smart Tester entwickelt wurde.<\/p>\n<p>Der Smart Tester sammelt automatisch Wasser aus Ihrem Aquarium zum Testen, f\u00fchrt die Messung durch und speichert die Ergebnisse in der Smart Reef-Anwendung. Sie k\u00f6nnen die Ergebnisse und den Messverlauf jederzeit ganz einfach in der App \u00fcberpr\u00fcfen.<\/p>\n<p>PO4 ist ein entscheidender Parameter, der anzeigt, ob ein Problem mit der Wasserreinheit vorliegt. Er ist auch f\u00fcr das Wohlbefinden vieler Bewohner von Meerwasseraquarien von entscheidender Bedeutung. Um Ihr Aquarium optimal zu pflegen, ist es ratsam, diesen Parameter regelm\u00e4\u00dfig zu messen.<\/p>\n<p><strong>Hauptmerkmale des Reagenzes:<\/strong><\/p>\n<ul>\n<li>Messbereich: 0,00\u20133,00 ppm<\/li>\n<li>Messaufl\u00f6sung: 0,01 ppm<\/li>\n<li>Genauigkeit: 0,02 ppm\/5 %<\/li>\n<li>Testdauer: ca. 40 Minuten<\/li>\n<li>Anzahl der Messungen aus einem Satz: 160<\/li>\n<li>Einfacher Austausch des gemessenen Parameters durch praktische Kartuschen<\/li>\n<li>Vorkalibrierte Kartuschen vereinfachen den Wartungsprozess des Ger\u00e4ts<\/li>\n<li>Hohe Wiederholbarkeit und Messgenauigkeit<\/li>\n<li>Bequem und zeitsparend<\/li>\n<\/ul>\n<p><strong>Smart Reef +<\/strong><\/p>\n<p>Reef Factory bietet eine Vielzahl von Smart-Produkten an, die f\u00fcr eine einfache und bequeme Verwaltung Ihres Meerwasseraquariums entwickelt wurden. Sie k\u00f6nnen mit Smart-Ger\u00e4ten Ihr eigenes System erstellen und alles \u00fcber eine benutzerfreundliche Anwendung steuern!<\/p>\n","protected":false},"excerpt":{"rendered":"<p>Reef Factory PO4 reagents pack (for Smart Tester) Gebruiksklare, vooraf gekalibreerde set PO4-meetreagentia voor de RF Smart Tester<\/p>\n","protected":false},"featured_media":90306,"template":"","meta":[],"pwb-brand":[2285],"product_cat":[1387,1400],"product_tag":[],"class_list":{"0":"post-121476","1":"product","2":"type-product","3":"status-publish","4":"has-post-thumbnail","6":"pwb-brand-reef-factory","7":"product_cat-messsysteme","8":"product_cat-tester","10":"first","11":"outofstock","12":"taxable","13":"shipping-taxable","14":"purchasable","15":"product-type-simple"},"acf":[],"brands":[{"id":2285,"name":"Reef Factory","slug":"reef-factory"}],"_links":{"self":[{"href":"https:\/\/www.seaflowerstore.com\/de\/wp-json\/wp\/v2\/product\/121476","targetHints":{"allow":["GET"]}}],"collection":[{"href":"https:\/\/www.seaflowerstore.com\/de\/wp-json\/wp\/v2\/product"}],"about":[{"href":"https:\/\/www.seaflowerstore.com\/de\/wp-json\/wp\/v2\/types\/product"}],"wp:featuredmedia":[{"embeddable":true,"href":"https:\/\/www.seaflowerstore.com\/de\/wp-json\/wp\/v2\/media\/90306"}],"wp:attachment":[{"href":"https:\/\/www.seaflowerstore.com\/de\/wp-json\/wp\/v2\/media?parent=121476"}],"wp:term":[{"taxonomy":"pwb-brand","embeddable":true,"href":"https:\/\/www.seaflowerstore.com\/de\/wp-json\/wp\/v2\/pwb-brand?post=121476"},{"taxonomy":"product_cat","embeddable":true,"href":"https:\/\/www.seaflowerstore.com\/de\/wp-json\/wp\/v2\/product_cat?post=121476"},{"taxonomy":"product_tag","embeddable":true,"href":"https:\/\/www.seaflowerstore.com\/de\/wp-json\/wp\/v2\/product_tag?post=121476"}],"curies":[{"name":"wp","href":"https:\/\/api.w.org\/{rel}","templated":true}]}}