{"id":121480,"date":"2023-09-23T18:09:40","date_gmt":"2024-03-22T09:42:26","guid":{"rendered":"https:\/\/www.seaflowerstore.com\/?post_type=product&#038;p=121480"},"modified":"2025-03-24T17:15:27","modified_gmt":"2025-03-24T16:15:27","slug":"reef-factory-dosing-pump-pro-x1","status":"publish","type":"product","link":"https:\/\/www.seaflowerstore.com\/de\/reef-factory-dosing-pump-pro-x1\/","title":{"rendered":"Reef Factory Dosing pump Pro X1"},"content":{"rendered":"<h2>Reef Factory Dosing pump Pro X1 <span style=\"font-weight: 400;\">for precise dosing of minerals, trace elements and other supplements into the aquarium<\/span><\/h2>\n<p>Die neue Dosing Pump Pro-Serie ist eine innovative und hochentwickelte L\u00f6sung f\u00fcr Meerwasseraquarien. Sie erm\u00f6glicht die pr\u00e4zise Dosierung von Mineralien, Spurenelementen und anderen Erg\u00e4nzungsstoffen in Ihr Aquarium. Mit ihrem leisen, bidirektionalen Schrittmotor entdecken Sie eine Reihe spannender M\u00f6glichkeiten. Die propriet\u00e4ren, hochpr\u00e4zisen Pumpen von Reef Factory sind eine hervorragende M\u00f6glichkeit, Ihr Dosiererlebnis im Aquarium zu verbessern.<\/p>\n<p>Die Dosing Pump Pro kombiniert hochwertige Hardware mit dem, was Reef Factory auszeichnet \u2013 kostenlose und funktionale Software. Das klare und au\u00dfergew\u00f6hnlich intuitive Bedienfeld sowie die effiziente WLAN-Kommunikation sorgen f\u00fcr ein benutzerfreundliches Erlebnis. Unsere Smart Reef-Anwendung erm\u00f6glicht die Fernerg\u00e4nzung und umfassende Echtzeit\u00fcberwachung von \u00fcberall auf der Welt.<\/p>\n<p>Wenn es um die Dosierung von Fl\u00fcssigkeiten in ein Meerwasseraquarium geht, gibt es keine Kompromisse, und genau das bietet unsere neue Dosing Pump Pro.<\/p>\n<p><strong>Hauptmerkmale:<\/strong><\/p>\n<ul>\n<li><span style=\"font-weight: 400;\">Au\u00dfergew\u00f6hnliche Pr\u00e4zision \u2013 Dosierung ab 0,01 ml<\/span><\/li>\n<li><span style=\"font-weight: 400;\">Pumpenleistung von bis zu 9 ml Fl\u00fcssigkeit pro Minute<\/span><\/li>\n<li><span style=\"font-weight: 400;\">Leiser Betrieb der propriet\u00e4ren Dosierpumpen<\/span><\/li>\n<li><span style=\"font-weight: 400;\">Hochpr\u00e4ziser Schrittmotor<\/span><\/li>\n<li><span style=\"font-weight: 400;\">Bidirektionaler Betrieb mit der M\u00f6glichkeit, den Fl\u00fcssigkeitsfluss umzukehren, erm\u00f6glicht die Dosierung von Phytoplankton und Nahrung<\/span><\/li>\n<li><span style=\"font-weight: 400;\">F\u00fcr die Schl\u00e4uche wurde BPT-Material mit hoher chemischer Best\u00e4ndigkeit verwendet<\/span><\/li>\n<li><span style=\"font-weight: 400;\">Kompakte Gr\u00f6\u00dfe und modernes Design<\/span><\/li>\n<li><span style=\"font-weight: 400;\">Einfache Installation im Sumpf mithilfe einer DIN-Schiene<\/span><\/li>\n<\/ul>\n<p>Zur Steuerung des Smart-Ger\u00e4ts ben\u00f6tigen Sie lediglich die kostenlose Smart Reef-App. Sie k\u00f6nnen sie auf Ihren Mobilger\u00e4ten (Android, iOS) installieren oder \u00fcber einen Browser bedienen. Koppeln Sie das Ger\u00e4t einfach mit Ihrem Smart Reef-Konto, um eine Vielzahl intelligenter Funktionen zu nutzen.<\/p>\n<p><strong>Intelligente Funktionen:<\/strong><\/p>\n<ul>\n<li><span style=\"font-weight: 400;\">Kostenlose und benutzerfreundliche Smart Reef-Anwendung f\u00fcr Android, iOS oder Computer (browserbasierte Unterst\u00fctzung)<\/span><\/li>\n<li><span style=\"font-weight: 400;\">Erstellen und \u00c4ndern flexibler Dosierungspl\u00e4ne<\/span><\/li>\n<li><span style=\"font-weight: 400;\">Automatisierung des Dosierungsprozesses basierend auf Parameterwerten in Echtzeit<\/span><\/li>\n<li><span style=\"font-weight: 400;\">M\u00f6glichkeit, die Drehrichtung der Pumpe festzulegen<\/span><\/li>\n<li><span style=\"font-weight: 400;\">Schnelle \u00c4nderung der Dosierungseinstellungen und M\u00f6glichkeit, zus\u00e4tzliche Dosen au\u00dferhalb des Zeitplans hinzuzuf\u00fcgen<\/span><\/li>\n<li><span style=\"font-weight: 400;\">Dosierung in ml oder Prozent (%)<\/span><\/li>\n<li><span style=\"font-weight: 400;\">Klarer Verlauf der Dosieraktivit\u00e4ten<\/span><\/li>\n<li><span style=\"font-weight: 400;\">Fernverwaltung des Aquariums von \u00fcberall auf der Welt, rund um die Uhr<\/span><\/li>\n<li><span style=\"font-weight: 400;\">Gruppierung von Pumpen zur einfachen Verwaltung der gleichzeitigen Dosierung mehrerer Komponenten (z. B. Balling-Methode)<\/span><\/li>\n<li><span style=\"font-weight: 400;\">Informationen zur verbleibenden Fl\u00fcssigkeitsmenge im Dosierbeh\u00e4lter<\/span><\/li>\n<li><span style=\"font-weight: 400;\">Intuitiver und schneller Kalibrierungsprozess f\u00fcr hohe Dosierpr\u00e4zision mit Push-Benachrichtigungen, die Sie an die Notwendigkeit einer Neukalibrierung erinnern<\/span><\/li>\n<li><span style=\"font-weight: 400;\">Import und Export von Dosierpl\u00e4nen<\/span><\/li>\n<\/ul>\n<p><strong>Automatisierung:<\/strong><\/p>\n<p>Die Dosing Pump Pro ist ein entscheidender Teil der Smart Reef 360-Methode \u2013 ein moderner Ansatz zur Verwaltung Ihres Meerwasseraquariums. Mit der Smart Reef-Anwendung k\u00f6nnen Sie eine Reihe automatischer Aktionen einrichten, die die t\u00e4gliche Pflege Ihres Aquariums vereinfachen und f\u00fcr einen optimalen Zustand sorgen. Die Smart Reef-Anwendung analysiert Messungen, die vom KH Keeper Plus oder Smart Tester durchgef\u00fchrt wurden, und wenn sie einen niedrigen Wert eines getesteten Parameters im Aquarium erkennt, sendet sie einen pr\u00e4zisen Dosierbefehl an die Pumpe. Dieser gesamte Vorgang erfolgt automatisch!<\/p>\n<p><strong>Schlauchpumpen:<\/strong><\/p>\n<p>Die Dosierpumpe Pro X1 arbeitet mit v\u00f6llig neuen, propriet\u00e4ren Schlauchpumpen, die vom Reef Factory-Team entwickelt wurden. Ihr Design ist auf die spezifischen Anforderungen von Ger\u00e4ten f\u00fcr Meerwasseraquarien zugeschnitten. Diese Pumpen sind f\u00fcr ihre hohe Dosierpr\u00e4zision und einen langen st\u00f6rungsfreien Betrieb bekannt, dank der Verwendung von Komponenten h\u00f6chster Qualit\u00e4t. Au\u00dferdem arbeiten sie sehr leise.<\/p>\n<p><strong>Moderne Ger\u00e4teinstallation:<\/strong><\/p>\n<p>Um Aquarienliebhabern noch besser zu dienen, haben wir die Installationsmethode f\u00fcr Ger\u00e4te im Schrank verbessert. Die neuesten Ger\u00e4te von Reef Factory verf\u00fcgen \u00fcber ein innovatives Montagesystem auf Basis der DIN-Schiene. Dies ist eine unglaublich praktische und flexible L\u00f6sung, die dabei hilft, alles im Schrank organisiert zu halten.<\/p>\n<p><strong>Technische Daten:<\/strong><br \/>\n<strong>Ger\u00e4teabmessungen und -gewicht:<\/strong><\/p>\n<ul>\n<li><span style=\"font-weight: 400;\">Breite: 6,7 cm \/ 2,6 Zoll<\/span><\/li>\n<li><span style=\"font-weight: 400;\">Korpustiefe: 6,7 cm \/ 2,6 Zoll<\/span><\/li>\n<li><span style=\"font-weight: 400;\">Tiefe mit Kopf und Griff: 9,3 cm \/ 3,7 Zoll<\/span><\/li>\n<li><span style=\"font-weight: 400;\">H\u00f6he: 6,7 cm \/ 2,6 Zoll<\/span><\/li>\n<li><span style=\"font-weight: 400;\">Kopf: 4,9 x 4,9 x 2,3 cm \/ 1,9 x 1,9 x 0,91 Zoll<\/span><\/li>\n<\/ul>\n<p><strong>Technische Parameter:<\/strong><\/p>\n<ul>\n<li><span style=\"font-weight: 400;\">Dosiergenauigkeit: +\/- 0,01 ml<\/span><\/li>\n<li><span style=\"font-weight: 400;\">WiFi-Kommunikation: 2,4 GHz bgn<\/span><\/li>\n<li><span style=\"font-weight: 400;\">Bluetooth-Kommunikation: BLE 5.0<\/span><\/li>\n<li><span style=\"font-weight: 400;\">Max. Wasserschlauchl\u00e4nge: 2 m<\/span><\/li>\n<li><span style=\"font-weight: 400;\">Betriebstemperatur: 20-30 \u00b0C<\/span><\/li>\n<li><span style=\"font-weight: 400;\">Umgebungsfeuchtigkeit: 0 bis 95 % RH<\/span><\/li>\n<li><span style=\"font-weight: 400;\">Betriebsger\u00e4usch: 40 dB<\/span><\/li>\n<\/ul>\n<p><strong>Netzteilspezifikation:<\/strong><\/p>\n<ul>\n<li><span style=\"font-weight: 400;\">Eingangsspannung: 12 V 1 A \u2013 AC 110\u2013230 V 50\u201360 Hz<\/span><\/li>\n<li><span style=\"font-weight: 400;\">Stromverbrauch: 0,5\u20135 W<\/span><\/li>\n<li><span style=\"font-weight: 400;\">Die Ger\u00e4te sind CE zertifiziert.<\/span><\/li>\n<\/ul>\n<p><strong>Lieferumfang:<\/strong><\/p>\n<ul>\n<li><span style=\"font-weight: 400;\">Ger\u00e4t<\/span><\/li>\n<li><span style=\"font-weight: 400;\">Handbuch<\/span><\/li>\n<li><span style=\"font-weight: 400;\">RF PRO M Kopf<\/span><\/li>\n<li><span style=\"font-weight: 400;\">2m Silikonschlauch \u2156 mm<\/span><\/li>\n<li><span style=\"font-weight: 400;\">12V 1,0 A Netzteil (EU\/UK\/AU\/US)<\/span><\/li>\n<li><span style=\"font-weight: 400;\">DIN-Montageschiene<\/span><\/li>\n<li><span style=\"font-weight: 400;\">Neodym-Magnet f\u00fcr Ger\u00e4t zur\u00fccksetzen<\/span><\/li>\n<\/ul>\n<p><strong>Smart Reef+:<\/strong><\/p>\n<p>Reef Factory bietet eine Vielzahl von Smart-Produkten f\u00fcr die einfache und bequeme Verwaltung von Meerwasseraquarien. Bauen Sie Ihr eigenes System auf der Basis intelligenter Ger\u00e4te und steuern Sie sie alle \u00fcber eine einzige Anwendung!<\/p>\n","protected":false},"excerpt":{"rendered":"<p>Reef Factory Dosing pump Pro X1 voor het nauwkeurig doseren van mineralen, sporenelementen en andere supplementen in het aquarium<\/p>\n","protected":false},"featured_media":90443,"template":"","meta":[],"pwb-brand":[2285],"product_cat":[1406],"product_tag":[],"class_list":{"0":"post-121480","1":"product","2":"type-product","3":"status-publish","4":"has-post-thumbnail","6":"pwb-brand-reef-factory","7":"product_cat-dosierpumpen","9":"first","10":"outofstock","11":"taxable","12":"shipping-taxable","13":"purchasable","14":"product-type-simple"},"acf":[],"brands":[{"id":2285,"name":"Reef Factory","slug":"reef-factory"}],"_links":{"self":[{"href":"https:\/\/www.seaflowerstore.com\/de\/wp-json\/wp\/v2\/product\/121480","targetHints":{"allow":["GET"]}}],"collection":[{"href":"https:\/\/www.seaflowerstore.com\/de\/wp-json\/wp\/v2\/product"}],"about":[{"href":"https:\/\/www.seaflowerstore.com\/de\/wp-json\/wp\/v2\/types\/product"}],"wp:featuredmedia":[{"embeddable":true,"href":"https:\/\/www.seaflowerstore.com\/de\/wp-json\/wp\/v2\/media\/90443"}],"wp:attachment":[{"href":"https:\/\/www.seaflowerstore.com\/de\/wp-json\/wp\/v2\/media?parent=121480"}],"wp:term":[{"taxonomy":"pwb-brand","embeddable":true,"href":"https:\/\/www.seaflowerstore.com\/de\/wp-json\/wp\/v2\/pwb-brand?post=121480"},{"taxonomy":"product_cat","embeddable":true,"href":"https:\/\/www.seaflowerstore.com\/de\/wp-json\/wp\/v2\/product_cat?post=121480"},{"taxonomy":"product_tag","embeddable":true,"href":"https:\/\/www.seaflowerstore.com\/de\/wp-json\/wp\/v2\/product_tag?post=121480"}],"curies":[{"name":"wp","href":"https:\/\/api.w.org\/{rel}","templated":true}]}}