{"id":121482,"date":"2023-08-19T15:30:03","date_gmt":"2024-03-22T09:42:33","guid":{"rendered":"https:\/\/www.seaflowerstore.com\/?post_type=product&#038;p=121482"},"modified":"2024-03-22T10:42:33","modified_gmt":"2024-03-22T09:42:33","slug":"ati-easy-vital","status":"publish","type":"product","link":"https:\/\/www.seaflowerstore.com\/de\/ati-easy-vital\/","title":{"rendered":"ATI Easy Vital"},"content":{"rendered":"<h2>ATI Easy Vital is a highly active, natural clay mineral<\/h2>\n<p>ATI Easy Vital ist ein hochaktives, nat\u00fcrliches Tonmineral. Durch seine au\u00dfergew\u00f6hnlich gro\u00dfe Oberfl\u00e4che verf\u00fcgt es \u00fcber eine bemerkenswert hohe Aufnahmef\u00e4higkeit. Giftstoffe und sch\u00e4dliche organische Stoffwechselprodukte werden effektiv gebunden und aus dem Aquarium entfernt, was es zu einem unsch\u00e4tzbaren Hilfsmittel f\u00fcr Aquarianer macht.<\/p>\n<p>Die Einsatzm\u00f6glichkeiten von ATI Easy Vital sind vielf\u00e4ltig:<\/p>\n<ul class=\"disc\">\n<li><strong>Entgiftung:<\/strong> Chlor, Schwermetalle, Kupfer, Zink, Cadmium, Medikamentenr\u00fcckst\u00e4nde und viele weitere Giftstoffe werden entfernt.<\/li>\n<li><strong>Verbesserte Bioaktivit\u00e4t:<\/strong> Die Reduzierung biologischer Hemmstoffe f\u00f6rdert ein verst\u00e4rktes Polypen- und Korallenwachstum.<\/li>\n<li><strong>N\u00e4hrstoffreduzierung:<\/strong> Durch die Bindung von Ammonium und Ammoniak wird die Bildung von Nitrit und Nitrat deutlich reduziert, was einem Algenwachstum entgegenwirkt.<\/li>\n<li><strong>Krankheitspr\u00e4vention:<\/strong> Die Reduzierung von Keimen im Wasser hilft, bakteriellen Infektionen entgegenzuwirken.<\/li>\n<li><strong>Wasserkl\u00e4rung:<\/strong> Gelbstoffe, unerw\u00fcnschte Farbstoffe und Phenole werden effektiv entfernt.<\/li>\n<\/ul>\n<p>Easy Vital ist ein grundlegender Bestandteil moderner Wasseraufbereitungsoptionen. Obwohl \u00e4hnliche Produkte seit einiger Zeit erh\u00e4ltlich sind und erfolgreich eingesetzt werden, wurde der volle Nutzen einer regelm\u00e4\u00dfigen Anwendung h\u00e4ufig untersch\u00e4tzt.<\/p>\n<p>Wichtig zu beachten ist, dass dieses Produkt 100 % nat\u00fcrlich ist und keine Enzyme, Bakterien oder Chemikalien enth\u00e4lt, sodass es auch im Falle einer starken \u00dcberdosierung v\u00f6llig unsch\u00e4dlich ist. Easy Vital dient als einfache und kosteng\u00fcnstige L\u00f6sung zur dauerhaften Unterst\u00fctzung der Wasserqualit\u00e4t, anstatt nur bestehende Probleme mit schlechten Wasserwerten zu beheben.<\/p>\n<p>Selbstverst\u00e4ndlich k\u00f6nnen auch erh\u00f6hte Nitrat- und Phosphatwerte im Aquarium schonend gesenkt werden. Wir konnten bei verschiedenen Aquarianern, die dieses Produkt regelm\u00e4\u00dfig anwenden, eine deutliche Abnahme des N\u00e4hrstoffgehalts in den Becken feststellen, von t\u00e4glich auf jeden zweiten Tag.<\/p>\n<p>Der N\u00e4hrstoffgehalt l\u00e4sst sich \u00fcberwachen und leicht steuern!<\/p>\n<p>Easy Vital bindet Ammonium\/Ammoniak (\u00e4hnlich wie Zeolithe) und macht die gel\u00f6sten Verbindungen absch\u00e4umbar. Selbst Hochleistungsabsch\u00e4umer k\u00f6nnen aufgrund physikalischer Grenzen nicht alle Schadstoffe aus unseren Aquarien entfernen. W\u00e4re dies nicht der Fall, w\u00fcrden sich im Laufe der Zeit keine Gelbstoffe oder Phenole in einem Aquarium ansammeln. Daher wird oft eine zus\u00e4tzliche Kohlefilterung oder \u00e4hnliche Methoden empfohlen. Das Ziel dieser zus\u00e4tzlichen adsorbierenden Filtermedien (wie Zeolith oder Aktivkohle) ist es, mehr organische Stoffe abzufangen und aus dem Wasserkreislauf zu entfernen. Dazu muss das Wasser typischerweise durch oder \u00fcber das Filtermedium geleitet werden.<\/p>\n<p>Es geht jedoch auch einfacher. Bei der Verwendung von Easy Vital schweben winzige Tonmineralien, teilweise nur 2\u00b5 klein, frei im Wasser, binden Schadstoffe und entfernen diese direkt. Die so gebundenen Stoffe lassen sich nun problemlos absch\u00f6pfen und entlasten das System von zus\u00e4tzlichen Belastungen.<\/p>\n<p>Aufgrund seines breiten Wirkungsspektrums empfehlen wir Easy Vital sowohl f\u00fcr bestehende Systeme als auch f\u00fcr neu eingerichtete Aquarien. R\u00fcckmeldungen zufriedener Kunden zeigen, dass die Einfahrphase deutlich verk\u00fcrzt und das Auftreten von Algenphasen minimiert oder ganz vermieden werden kann. Easy Vital steigert die Wasserqualit\u00e4t insgesamt.<\/p>\n<h3><strong>Anwendung:<\/strong><\/h3>\n<ul>\n<li>Das Pulver dem Aquarienwasser mischen.<\/li>\n<li>W\u00f6chentlich 5 ml Easy Vital auf 300 Liter Aquarienwasser anwenden.<\/li>\n<li>Bei festgestellten Problemen alle 2 Tage anwenden. <span style=\"font-size: 14.4px;\">Die Dosierung kann dann bedenkenlos erh\u00f6ht werden.<\/span><\/li>\n<\/ul>\n","protected":false},"excerpt":{"rendered":"<p>ATI Easy Vital is een zeer actief, natuurlijk kleimineraal. Giftige stoffen en schadelijke organische metabolieten worden zeer effectief gebonden en uit het aquarium verwijderd<\/p>\n","protected":false},"featured_media":90141,"template":"","meta":[],"pwb-brand":[2131],"product_cat":[1394,1395,1391],"product_tag":[],"class_list":{"0":"post-121482","1":"product","2":"type-product","3":"status-publish","4":"has-post-thumbnail","6":"pwb-brand-ati","7":"product_cat-aktivkohle","8":"product_cat-ati-de","9":"product_cat-ergaenzungen","10":"pa_inhoud-180-g-250ml-de","11":"pa_inhoud-400-g-500ml-de","13":"first","14":"instock","15":"taxable","16":"shipping-taxable","17":"purchasable","18":"product-type-variable"},"acf":[],"brands":[{"id":2131,"name":"ATI","slug":"ati"}],"_links":{"self":[{"href":"https:\/\/www.seaflowerstore.com\/de\/wp-json\/wp\/v2\/product\/121482","targetHints":{"allow":["GET"]}}],"collection":[{"href":"https:\/\/www.seaflowerstore.com\/de\/wp-json\/wp\/v2\/product"}],"about":[{"href":"https:\/\/www.seaflowerstore.com\/de\/wp-json\/wp\/v2\/types\/product"}],"wp:featuredmedia":[{"embeddable":true,"href":"https:\/\/www.seaflowerstore.com\/de\/wp-json\/wp\/v2\/media\/90141"}],"wp:attachment":[{"href":"https:\/\/www.seaflowerstore.com\/de\/wp-json\/wp\/v2\/media?parent=121482"}],"wp:term":[{"taxonomy":"pwb-brand","embeddable":true,"href":"https:\/\/www.seaflowerstore.com\/de\/wp-json\/wp\/v2\/pwb-brand?post=121482"},{"taxonomy":"product_cat","embeddable":true,"href":"https:\/\/www.seaflowerstore.com\/de\/wp-json\/wp\/v2\/product_cat?post=121482"},{"taxonomy":"product_tag","embeddable":true,"href":"https:\/\/www.seaflowerstore.com\/de\/wp-json\/wp\/v2\/product_tag?post=121482"}],"curies":[{"name":"wp","href":"https:\/\/api.w.org\/{rel}","templated":true}]}}