{"id":121483,"date":"2023-08-14T17:47:10","date_gmt":"2024-03-22T09:42:36","guid":{"rendered":"https:\/\/www.seaflowerstore.com\/?post_type=product&#038;p=121483"},"modified":"2025-12-21T21:18:18","modified_gmt":"2025-12-21T20:18:18","slug":"seneye-pond-pack-wifi-eu","status":"publish","type":"product","link":"https:\/\/www.seaflowerstore.com\/de\/seneye-pond-pack-wifi-eu\/","title":{"rendered":"Seneye Pond Pack WiFi EU"},"content":{"rendered":"<h2>Seneye Pond Pack WiFi (EU) tests your water digitally and you are always aware of how your pond is doing<\/h2>\n<p>Haben Sie schon einmal einen Koi verloren und konnten nicht herausfinden, warum? Oder vielleicht hatte Ihr Teich ein Leck und Sie haben es zu sp\u00e4t entdeckt? Das Seneye-Teichsystem vereinfacht die \u00dcberwachung Ihrer Wasserparameter und sorgt so f\u00fcr die Sicherheit Ihrer Fische. Es sch\u00fctzt vor den ernsthaften Risiken einer Ammoniakvergiftung und erheblichen Schwankungen von pH-Wert und Temperatur. Mit intelligenter Software, die Ihren Teich rund um die Uhr \u00fcberwacht, erhalten Sie Warnungen, bevor Probleme auftreten, und halten Ihre Fische so stressfrei wie m\u00f6glich.<\/p>\n<p>Da das Seneye \u00fcber USB funktioniert, haben Sie mehrere Anschlussm\u00f6glichkeiten. Sie k\u00f6nnen das Seneye direkt in Ihren Filter stellen oder in Ihrem Teich schwimmen lassen. Mit dem aktiven Verl\u00e4ngerungskabel kann die Gesamtkabell\u00e4nge bis zu 17,5 Meter betragen! Das Seneye-Teichsystem ist f\u00fcr Teiche jeder Gr\u00f6\u00dfe geeignet.<\/p>\n<p>Sie m\u00fcssen Ihr Wasser nicht mehr manuell testen. Installieren Sie einfach Ihr Seneye-Ger\u00e4t und verbinden Sie es drahtlos mit Ihrem WLAN-Netzwerk. Das Seneye zeichnet jeden Monat bis zu 1500 Messwerte auf und Sie k\u00f6nnen Diagramme und historische Daten online \u00fcber die Seneye-Website abrufen, die auf PC, Tablet und Handy verf\u00fcgbar ist. Sie k\u00f6nnen die Website auch f\u00fcr Hilfe und Rat besuchen.<\/p>\n<p>Das Seneye Pond Pack enth\u00e4lt:<\/p>\n<ul>\n<li>Seneye-Teich<\/li>\n<li>Seneye-Webserver (SWS) mit WLAN<\/li>\n<li>Wasserdichte Schutzbox (DRi)<\/li>\n<li>USB-Stecker<\/li>\n<li>Kabel<\/li>\n<li>pH- und NH3-Objekttr\u00e4ger (1x f\u00fcr 30 Tage Messungen)<\/li>\n<li>Schwimmer f\u00fcr das Seneye<\/li>\n<\/ul>\n<p>Was macht das Seneye Pond Pack? Es \u00fcberwacht wichtige Parameter wie pH-Wert, NH3 und Sauerstoffgehalt. Das System warnt Sie auch, wenn der Wasserstand zu niedrig wird und die Wasserqualit\u00e4t gef\u00e4hrdet ist. Wie erw\u00e4hnt, zeichnet es 1500 Messwerte pro Monat auf, wobei die Diagramme und historischen Daten auf der Seneye-Website einsehbar sind.<\/p>\n<h4>Seneye-Teichmonitore<\/h4>\n<ul>\n<li><strong>Temperatur:<\/strong> Misst st\u00e4ndig die Wassertemperatur und warnt Sie, wenn beispielsweise Ihre Heizung nicht funktioniert.<\/li>\n<li><strong>Freies Ammoniak:<\/strong> Misst das hochgiftige freie Ammoniak (NH3) in sehr geringen Mengen und hilft Ihnen so, eine Ammoniakvergiftung zu verhindern.<\/li>\n<li><strong>pH-\u00dcberwachung:<\/strong> Misst den pH-Wert in Ihrem Teichwasser zwischen 6,4 und 9, ideal f\u00fcr die meisten Meereslebewesen, und erreicht dabei eine hohe Pr\u00e4zision.<\/li>\n<li><strong>Gesamtlicht:<\/strong> \u00dcberwacht den Lichtpegel den ganzen Tag \u00fcber und informiert Sie, wenn Ihre Lichter ausgeschaltet werden.<\/li>\n<li><strong>Wasserstand:<\/strong> Messwerte werden nur erfasst, wenn das Seneye untergetaucht ist, wodurch keine falschen Messwerte entstehen.<\/li>\n<\/ul>\n","protected":false},"excerpt":{"rendered":"<p>Seneye Pond Pack WiFi (EU) test uw water digitaal en u weet altijd hoe het met uw vijver gaat<\/p>\n","protected":false},"featured_media":90094,"template":"","meta":[],"pwb-brand":[2259],"product_cat":[1446,1400],"product_tag":[],"class_list":{"0":"post-121483","1":"product","2":"type-product","3":"status-publish","4":"has-post-thumbnail","6":"pwb-brand-seneye","7":"product_cat-testers-de","8":"product_cat-tester","10":"first","11":"instock","12":"taxable","13":"shipping-taxable","14":"purchasable","15":"product-type-simple"},"acf":[],"brands":[{"id":2259,"name":"Seneye","slug":"seneye"}],"_links":{"self":[{"href":"https:\/\/www.seaflowerstore.com\/de\/wp-json\/wp\/v2\/product\/121483","targetHints":{"allow":["GET"]}}],"collection":[{"href":"https:\/\/www.seaflowerstore.com\/de\/wp-json\/wp\/v2\/product"}],"about":[{"href":"https:\/\/www.seaflowerstore.com\/de\/wp-json\/wp\/v2\/types\/product"}],"wp:featuredmedia":[{"embeddable":true,"href":"https:\/\/www.seaflowerstore.com\/de\/wp-json\/wp\/v2\/media\/90094"}],"wp:attachment":[{"href":"https:\/\/www.seaflowerstore.com\/de\/wp-json\/wp\/v2\/media?parent=121483"}],"wp:term":[{"taxonomy":"pwb-brand","embeddable":true,"href":"https:\/\/www.seaflowerstore.com\/de\/wp-json\/wp\/v2\/pwb-brand?post=121483"},{"taxonomy":"product_cat","embeddable":true,"href":"https:\/\/www.seaflowerstore.com\/de\/wp-json\/wp\/v2\/product_cat?post=121483"},{"taxonomy":"product_tag","embeddable":true,"href":"https:\/\/www.seaflowerstore.com\/de\/wp-json\/wp\/v2\/product_tag?post=121483"}],"curies":[{"name":"wp","href":"https:\/\/api.w.org\/{rel}","templated":true}]}}