{"id":121484,"date":"2023-08-09T15:15:37","date_gmt":"2024-03-22T09:42:39","guid":{"rendered":"https:\/\/www.seaflowerstore.com\/?post_type=product&#038;p=121484"},"modified":"2024-03-22T10:42:39","modified_gmt":"2024-03-22T09:42:39","slug":"real-reef-ready-mix-mini-reef-box-9kg","status":"publish","type":"product","link":"https:\/\/www.seaflowerstore.com\/de\/real-reef-ready-mix-mini-reef-box-9kg\/","title":{"rendered":"Real Reef Ready Mix &#8211; Mini Reef box 9kg"},"content":{"rendered":"<h2>Real Reef Ready Mix &#8211; Mini Reef box 9kg<\/h2>\n<p>Jeder Stein wird in den USA sorgf\u00e4ltig aus hochwertigen Materialien gefertigt. Real Reef wird aus einer Vielzahl von Mineralien, Zuschlagstoffen und Sanden hergestellt; jeder Stein enth\u00e4lt nicht nur Kalziumkarbonat, sondern auch wichtige Spurenelemente. Die Steine \u200b\u200bverwenden dieselben Bausteine, die Ihre Koralle st\u00fctzen.<\/p>\n<p>Nach der Herstellung wird jeder Stein wundersch\u00f6n in leuchtenden Lila-, Rosa- und Rott\u00f6nen bemalt. Sie werden dann mindestens 12 Wochen lang in S\u00fc\u00dfwasser ausgeh\u00e4rtet, gefolgt von weiteren 12 bis 16 Wochen in Salzwasser, bevor sie verpackt werden. Dank der Hilfe n\u00fctzlicher Bakterien und einiger Algen bereiten die Salzwasser-Aufzuchttanks von Real Reef Solutions die Steine \u200b\u200bvor und machen sie biologisch aktiv.<\/p>\n<ul>\n<li>Nachhaltig<\/li>\n<li>Biologische Aktivit\u00e4t<\/li>\n<li>Besteht aus Spurenelementen<\/li>\n<li>Erstellt nat\u00fcrliche Wasserlandschaften<\/li>\n<li>Ungiftige, mit Korallen beschichtete Pigmente<\/li>\n<li>In verschiedenen Formen und Gr\u00f6\u00dfen erh\u00e4ltlich<\/li>\n<li>Enth\u00e4lt genug Steine \u200b\u200bf\u00fcr ein 40\u2013100-Liter-Aquarium (Sie werden nicht den gesamten Inhalt f\u00fcr ein 40-Liter-Setup verwenden)<\/li>\n<\/ul>\n<p><strong>Jede Mini Reef Box enth\u00e4lt 14 Teile:<\/strong><\/p>\n<ul>\n<li>6x kleine Real Reef Rocks<\/li>\n<li>2x mittlere Real Reef Rocks<\/li>\n<li>2x kleine Real Reef Shelf Rocks<\/li>\n<li>2x kleine echte Riff-Fancy-Branch-Felsen<\/li>\n<li>2x kleine echte Riff-Platten-Korallenfelsen<\/li>\n<\/ul>\n<p><strong>Versandinformationen:<\/strong><\/p>\n<p>Seaflower unternimmt alle Anstrengungen, um die Rock-Box sicher zu verpacken. Bitte beachten Sie jedoch, dass die Paketautomatisierung bei schweren Produkten wie diesem nicht immer sanft vorgeht und wir dieses Produkt nicht als versicherbar betrachten. Aus diesem Grund besteht ein gewisses inh\u00e4rentes Risiko im Zusammenhang mit dem Versand von Steinen durch das Land und wir k\u00f6nnen zerbrochene Teile nicht ersetzen oder erstatten. Wenn Sch\u00e4den auftreten, k\u00f6nnen die meisten Teile mit Epoxidharz oder Steinfix repariert werden, sodass der Versand auf Risiko des Kunden erfolgt.<\/p>\n","protected":false},"excerpt":{"rendered":"<p>Real Reef Ready Mix &#8211; Mini Reef box 9kg bevat verschillende mooie stukken om je eigen paradijs te cre\u00ebren<\/p>\n","protected":false},"featured_media":90055,"template":"","meta":[],"pwb-brand":[2221],"product_cat":[1386],"product_tag":[],"class_list":{"0":"post-121484","1":"product","2":"type-product","3":"status-publish","4":"has-post-thumbnail","6":"pwb-brand-real-reef","7":"product_cat-steine","9":"first","10":"instock","11":"taxable","12":"shipping-taxable","13":"purchasable","14":"product-type-simple"},"acf":[],"brands":[{"id":2221,"name":"Real Reef","slug":"real-reef"}],"_links":{"self":[{"href":"https:\/\/www.seaflowerstore.com\/de\/wp-json\/wp\/v2\/product\/121484","targetHints":{"allow":["GET"]}}],"collection":[{"href":"https:\/\/www.seaflowerstore.com\/de\/wp-json\/wp\/v2\/product"}],"about":[{"href":"https:\/\/www.seaflowerstore.com\/de\/wp-json\/wp\/v2\/types\/product"}],"wp:featuredmedia":[{"embeddable":true,"href":"https:\/\/www.seaflowerstore.com\/de\/wp-json\/wp\/v2\/media\/90055"}],"wp:attachment":[{"href":"https:\/\/www.seaflowerstore.com\/de\/wp-json\/wp\/v2\/media?parent=121484"}],"wp:term":[{"taxonomy":"pwb-brand","embeddable":true,"href":"https:\/\/www.seaflowerstore.com\/de\/wp-json\/wp\/v2\/pwb-brand?post=121484"},{"taxonomy":"product_cat","embeddable":true,"href":"https:\/\/www.seaflowerstore.com\/de\/wp-json\/wp\/v2\/product_cat?post=121484"},{"taxonomy":"product_tag","embeddable":true,"href":"https:\/\/www.seaflowerstore.com\/de\/wp-json\/wp\/v2\/product_tag?post=121484"}],"curies":[{"name":"wp","href":"https:\/\/api.w.org\/{rel}","templated":true}]}}