{"id":121488,"date":"2023-08-02T08:28:17","date_gmt":"2024-03-22T09:43:50","guid":{"rendered":"https:\/\/www.seaflowerstore.com\/?post_type=product&#038;p=121488"},"modified":"2024-03-22T10:43:50","modified_gmt":"2024-03-22T09:43:50","slug":"triton-calcium-1000gr","status":"publish","type":"product","link":"https:\/\/www.seaflowerstore.com\/de\/triton-calcium-1000gr\/","title":{"rendered":"Triton Calcium 1000gr"},"content":{"rendered":"<h2>Triton Calcium 1000gr beneficial to the health and color of SPS and LPS type corals<\/h2>\n<p>Triton Calcium ist das <strong>wichtigste Erg\u00e4nzungselement im Meerwasser<\/strong> und spielt eine entscheidende Rolle bei der Unterst\u00fctzung der Gesundheit und leuchtenden Farben von Korallen des Typs SPS und LPS.<\/p>\n<p><strong>Achtung:<\/strong> Triton stellt keine spezifischen Dosierungsanweisungen f\u00fcr seine Produkte zur Verf\u00fcgung. Um eine genaue Dosierung zu gew\u00e4hrleisten, ist es unerl\u00e4sslich, einen <strong>ICP-Triton-Test<\/strong> durchzuf\u00fchren.<\/p>\n","protected":false},"excerpt":{"rendered":"<p>Triton Calcium 1000gr is gunstig voor de gezondheid en kleur van koralen van het SPS- en LPS<\/p>\n","protected":false},"featured_media":89965,"template":"","meta":[],"pwb-brand":[2181],"product_cat":[1391,1392],"product_tag":[],"class_list":{"0":"post-121488","1":"product","2":"type-product","3":"status-publish","4":"has-post-thumbnail","6":"pwb-brand-triton","7":"product_cat-ergaenzungen","8":"product_cat-triton-de","10":"first","11":"instock","12":"taxable","13":"shipping-taxable","14":"purchasable","15":"product-type-simple"},"acf":[],"brands":[{"id":2181,"name":"Triton","slug":"triton"}],"_links":{"self":[{"href":"https:\/\/www.seaflowerstore.com\/de\/wp-json\/wp\/v2\/product\/121488","targetHints":{"allow":["GET"]}}],"collection":[{"href":"https:\/\/www.seaflowerstore.com\/de\/wp-json\/wp\/v2\/product"}],"about":[{"href":"https:\/\/www.seaflowerstore.com\/de\/wp-json\/wp\/v2\/types\/product"}],"wp:featuredmedia":[{"embeddable":true,"href":"https:\/\/www.seaflowerstore.com\/de\/wp-json\/wp\/v2\/media\/89965"}],"wp:attachment":[{"href":"https:\/\/www.seaflowerstore.com\/de\/wp-json\/wp\/v2\/media?parent=121488"}],"wp:term":[{"taxonomy":"pwb-brand","embeddable":true,"href":"https:\/\/www.seaflowerstore.com\/de\/wp-json\/wp\/v2\/pwb-brand?post=121488"},{"taxonomy":"product_cat","embeddable":true,"href":"https:\/\/www.seaflowerstore.com\/de\/wp-json\/wp\/v2\/product_cat?post=121488"},{"taxonomy":"product_tag","embeddable":true,"href":"https:\/\/www.seaflowerstore.com\/de\/wp-json\/wp\/v2\/product_tag?post=121488"}],"curies":[{"name":"wp","href":"https:\/\/api.w.org\/{rel}","templated":true}]}}