{"id":121489,"date":"2023-07-30T12:58:05","date_gmt":"2024-03-22T09:43:53","guid":{"rendered":"https:\/\/www.seaflowerstore.com\/?post_type=product&#038;p=121489"},"modified":"2024-03-22T10:43:53","modified_gmt":"2024-03-22T09:43:53","slug":"fauna-marin-cili-dip","status":"publish","type":"product","link":"https:\/\/www.seaflowerstore.com\/de\/fauna-marin-cili-dip\/","title":{"rendered":"Fauna Marin Cili Dip"},"content":{"rendered":"<h2>Fauna Marin Cili Dip is a dipping solution especially for corals<\/h2>\n<p><strong>CILI DIP<\/strong> wurde entwickelt, um unerw\u00fcnschte Parasiten wie Ciliaten, Bakterien und Algen schonend zu beseitigen und gleichzeitig das empfindliche Gewebe der Korallen zu sch\u00fctzen. Wenn Sie mit RTN\/STN-Infektionen zu tun haben, kann dieses Bad auch zur Reinigung von Gewebel\u00e4sionen wirksam sein.<\/p>\n<h3>Dosierung<\/h3>\n<p>Verwenden Sie 330 ml CILI DIP pro Liter (0,26 US-Gallonen) Meerwasser.<\/p>\n<h3>Tauchzeit<\/h3>\n<ul>\n<li><strong>SPS:<\/strong> 90 Sekunden<\/li>\n<li><strong>LPS\/Weichkorallen:<\/strong> bis zu drei Minuten<\/li>\n<\/ul>\n<p>Detailliertere Anweisungen finden Sie in der HTU unter <a href=\"https:\/\/www.faunamarin.de\/support-downloads\/\" rel=\"nofollow noopener\" target=\"_blank\">diesem Link<\/a>.<\/p>\n<h3>Inhaltsstoffe<\/h3>\n<p>Die Formulierung enth\u00e4lt anorganische Salze, Oxidationsmittel und einen Stabilisator.<\/p>\n<h3>Sicherheit Anleitung<\/h3>\n<p>Dieses Produkt ist nur f\u00fcr die Verwendung in Meerwasseraquarien bestimmt. Bitte au\u00dferhalb der Reichweite von Kindern aufbewahren. Es ist nicht f\u00fcr den menschlichen Verzehr oder die Zubereitung von Tierfutter geeignet. Die L\u00f6sung nicht schlucken. Kontakt mit Haut und Augen vermeiden und bei Kontakt sofort mit Wasser aussp\u00fclen. Dieses Produkt au\u00dferdem nicht in offene Gew\u00e4sser entsorgen.<\/p>\n<h3>Haltbarkeit<\/h3>\n<p>Bitte innerhalb von zw\u00f6lf Wochen nach dem \u00d6ffnen verwenden.<\/p>\n","protected":false},"excerpt":{"rendered":"<p>Fauna Marin Cili Dip is een dompeloplossing (koraaldip) speciaal voor koralen<\/p>\n","protected":false},"featured_media":89935,"template":"","meta":[],"pwb-brand":[2177],"product_cat":[1437,1390,1461],"product_tag":[],"class_list":{"0":"post-121489","1":"product","2":"type-product","3":"status-publish","4":"has-post-thumbnail","6":"pwb-brand-fauna-marin","7":"product_cat-fauna-marin-de","8":"product_cat-medikamente","9":"product_cat-schneidzubehoer","10":"pa_inhoud-1000-ml-de","11":"pa_inhoud-500-ml-de","13":"first","14":"outofstock","15":"sale","16":"taxable","17":"shipping-taxable","18":"purchasable","19":"product-type-variable"},"acf":[],"brands":[{"id":2177,"name":"Fauna Marin","slug":"fauna-marin"}],"_links":{"self":[{"href":"https:\/\/www.seaflowerstore.com\/de\/wp-json\/wp\/v2\/product\/121489","targetHints":{"allow":["GET"]}}],"collection":[{"href":"https:\/\/www.seaflowerstore.com\/de\/wp-json\/wp\/v2\/product"}],"about":[{"href":"https:\/\/www.seaflowerstore.com\/de\/wp-json\/wp\/v2\/types\/product"}],"wp:featuredmedia":[{"embeddable":true,"href":"https:\/\/www.seaflowerstore.com\/de\/wp-json\/wp\/v2\/media\/89935"}],"wp:attachment":[{"href":"https:\/\/www.seaflowerstore.com\/de\/wp-json\/wp\/v2\/media?parent=121489"}],"wp:term":[{"taxonomy":"pwb-brand","embeddable":true,"href":"https:\/\/www.seaflowerstore.com\/de\/wp-json\/wp\/v2\/pwb-brand?post=121489"},{"taxonomy":"product_cat","embeddable":true,"href":"https:\/\/www.seaflowerstore.com\/de\/wp-json\/wp\/v2\/product_cat?post=121489"},{"taxonomy":"product_tag","embeddable":true,"href":"https:\/\/www.seaflowerstore.com\/de\/wp-json\/wp\/v2\/product_tag?post=121489"}],"curies":[{"name":"wp","href":"https:\/\/api.w.org\/{rel}","templated":true}]}}