{"id":121490,"date":"2023-07-19T16:38:36","date_gmt":"2024-03-22T09:43:56","guid":{"rendered":"https:\/\/www.seaflowerstore.com\/?post_type=product&#038;p=121490"},"modified":"2024-03-22T10:43:56","modified_gmt":"2024-03-22T09:43:56","slug":"triton-lab-test-icp-oes-4-pack","status":"publish","type":"product","link":"https:\/\/www.seaflowerstore.com\/de\/triton-lab-test-icp-oes-4-pack\/","title":{"rendered":"Triton Lab test (ICP-OES) 4-pack"},"content":{"rendered":"<h2>Triton Lab test (ICP-OES) 4-pack<\/h2>\n<p>Mit dem Triton ICP-Testkit-Paket k\u00f6nnen Sie Ihr Wasser im Triton-Labor in Deutschland analysieren. Dieser ICP-OES-Test misst die Konzentration von 30 Makro- und Spurenelementen, darunter:<\/p>\n<ul>\n<li>Na (Natrium)<\/li>\n<li>Mg (Magnesium)<\/li>\n<li>Ca (Kalzium)<\/li>\n<li>K (Kalium)<\/li>\n<li>Sr (Strontium)<\/li>\n<li>B (Bor)<\/li>\n<li>Li (Lithium)<\/li>\n<li>Be. (Beryllium)<\/li >\n<li>Ba (Barium)<\/li>\n<li>Ti (Titan)<\/li>\n<li>V (Vanadium)<\/li>\n<li>Cr (Chrom)<\/li>\n<li>Mn (Mangan)<\/li>\n<li>Fe (Eisen)<\/li>\n<li>Co (Kobalt)<\/li>\n<li>Ni (Nickel)<\/li>\n<li>Cu (Kupfer)<\/li>\n<li>Zn (Zink)<\/li>\n<li>Al (Aluminium)<\/li>\n<li>Si (Silizium)<\/li>\n<li>As (Arsen)<\/li>\n<li>Sb (Antimon)<\/li>\n<li>Sn (Zinn)<\/li>\n<li>Cd (Cadmium)<\/li>\n<li>Se (Selen)<\/li>\n<li>Mo (Molybd\u00e4n)<\/li>\n<li>Hg (Quecksilber)<\/li>\n<li>P (Phosphor)<\/li>\n<li>Pb (Blei)<\/li>\n<li>I (Jod)<\/li>\n<\/ul>\n<h4><strong>In jeder Box finden Sie Folgendes:<\/strong><\/h4>\n<ul>\n<li>1x Bedienungsanleitung<\/li>\n<li>2x Probenflaschen (14 ml)<\/li>\n<li>1x Aufkleber mit ID-Nr.\/Anmeldenummer<\/li>\n<li>1x Triton ID SEC-Karte<\/li>\n<li>1x Adressaufkleber<\/li>\n<\/ul>\n<p>Nachdem Sie Ihre Proben eingesandt haben, k\u00f6nnen Sie die Ergebnisse in etwa 3 bis 4 Tagen sehen.<\/p>\n<h4><em>(Wenn Sie in den Niederlanden oder Belgien wohnen, kann die Lieferung ein bis zwei Tage dauern.)<\/em><\/h4>\n<h4><strong>Online-Registrierung<\/strong><\/h4>\n<p>Bitte registrieren Sie sich unter <a href=\"http:\/\/www.triton-lab.de\/en\/register\/\" rel=\"nofollow noopener\" target=\"_blank\">http:\/\/www.triton-lab.de\/en\/register\/<\/a>, um eine Benutzer-ID zu erhalten. Damit k\u00f6nnen Sie Ihr Aquarium oder mehrere Aquarien registrieren. Jedes Aquarium hat seine eigene Aquarium-ID, die Sie auf dem Aufkleber mit der ID-Nummer\/Anmeldenummer eintragen und auf die Probenflasche kleben m\u00fcssen.<\/p>\n<p>Um Ihre Probe vorzubereiten, sp\u00fclen Sie die Probenflasche dreimal mit Aquarienwasser aus. F\u00fcllen Sie sie dann vollst\u00e4ndig und verschlie\u00dfen Sie sie fest. Trocknen Sie die Probenflasche unbedingt ab und kleben Sie den Aufkleber mit der ID-Nummer\/Anmeldenummer darauf.<\/p>\n<h4><strong>Versand<\/strong><\/h4>\n<p>Wenn Sie Ihre Proben einsenden, legen Sie bitte Folgendes bei:<\/p>\n<ul>\n<li>Probenflaschen<\/li>\n<li>ID-Nummer\/Anmeldenummer<\/li>\n<li>Triton ID SEC-Karte<\/li>\n<\/ul>\n<p>Vergessen Sie nicht, ein Versandetikett zu kaufen, um die Schachtel nach Deutschland zu schicken.<\/p>\n<p>Sobald die Messungen des Triton ICP-Testkits abgeschlossen sind, erhalten Sie eine E-Mail-Benachrichtigung. Sie k\u00f6nnen sich dann anmelden, um Ihren Analysebericht zu \u00fcberpr\u00fcfen, der alle hilfreichen Ratschl\u00e4ge enth\u00e4lt.<\/p>\n","protected":false},"excerpt":{"rendered":"<p>Triton Lab test 4 pack (ICP-OES) test de concentratie van 30 macro + sporen elementen<\/p>\n","protected":false},"featured_media":89843,"template":"","meta":[],"pwb-brand":[2181],"product_cat":[1452,1392],"product_tag":[],"class_list":{"0":"post-121490","1":"product","2":"type-product","3":"status-publish","4":"has-post-thumbnail","6":"pwb-brand-triton","7":"product_cat-labortest","8":"product_cat-triton-de","10":"first","11":"instock","12":"taxable","13":"shipping-taxable","14":"purchasable","15":"product-type-simple"},"acf":[],"brands":[{"id":2181,"name":"Triton","slug":"triton"}],"_links":{"self":[{"href":"https:\/\/www.seaflowerstore.com\/de\/wp-json\/wp\/v2\/product\/121490","targetHints":{"allow":["GET"]}}],"collection":[{"href":"https:\/\/www.seaflowerstore.com\/de\/wp-json\/wp\/v2\/product"}],"about":[{"href":"https:\/\/www.seaflowerstore.com\/de\/wp-json\/wp\/v2\/types\/product"}],"wp:featuredmedia":[{"embeddable":true,"href":"https:\/\/www.seaflowerstore.com\/de\/wp-json\/wp\/v2\/media\/89843"}],"wp:attachment":[{"href":"https:\/\/www.seaflowerstore.com\/de\/wp-json\/wp\/v2\/media?parent=121490"}],"wp:term":[{"taxonomy":"pwb-brand","embeddable":true,"href":"https:\/\/www.seaflowerstore.com\/de\/wp-json\/wp\/v2\/pwb-brand?post=121490"},{"taxonomy":"product_cat","embeddable":true,"href":"https:\/\/www.seaflowerstore.com\/de\/wp-json\/wp\/v2\/product_cat?post=121490"},{"taxonomy":"product_tag","embeddable":true,"href":"https:\/\/www.seaflowerstore.com\/de\/wp-json\/wp\/v2\/product_tag?post=121490"}],"curies":[{"name":"wp","href":"https:\/\/api.w.org\/{rel}","templated":true}]}}