{"id":121491,"date":"2023-07-18T11:29:12","date_gmt":"2024-03-22T09:44:01","guid":{"rendered":"https:\/\/www.seaflowerstore.com\/?post_type=product&#038;p=121491"},"modified":"2024-03-22T10:44:02","modified_gmt":"2024-03-22T09:44:02","slug":"aqua-medic-top-end-filter","status":"publish","type":"product","link":"https:\/\/www.seaflowerstore.com\/de\/aqua-medic-top-end-filter\/","title":{"rendered":"Aqua Medic Top End Filter"},"content":{"rendered":"<h2>Aqua Medic Top End Filter to connect to your osmosis device<\/h2>\n<p>Hohe Kiesels\u00e4urewerte (Silikatwerte) im Leitungswasser k\u00f6nnen f\u00fcr Aquarianer oft eine Herausforderung darstellen, selbst bei Verwendung modernster Umkehrosmosesysteme. Trotz beeindruckender R\u00fcckhalteraten von bis zu 99 % kann im gereinigten Wasser immer noch eine Restkonzentration an Kiesels\u00e4ure vorhanden sein, die insbesondere in Salzwasseraquarien zu Problemen mit Kieselalgen f\u00fchren kann.<\/p>\n<p>Der Top End Filter ist so konzipiert, dass er direkt hinter Ihrer Umkehrosmoseanlage platziert wird und sicherstellt, dass verbleibende Kiesels\u00e4ure effektiv aus dem Reinstwasser entfernt wird. Ein Farbindikator im Ionenaustauscherharz zeigt Ihnen an, wann das Filtermaterial ausgetauscht werden muss. Die Bindekapazit\u00e4t reicht typischerweise f\u00fcr ca. 1.800 Liter Wasserdurchfluss, kann aber je nach Wasserqualit\u00e4t variieren.<\/p>\n<p><strong>Im Lieferumfang enthalten:<\/strong><\/p>\n<ul>\n<li>Filtergeh\u00e4use gef\u00fcllt mit Ionenaustauscherharz (inkl. Farbindikator)<\/li>\n<li>Wandhalterung<\/li>\n<li>Halterung zur Befestigung an einem vorhandenen Umkehrosmosefilter (z.B. Easyline)<\/li>\n<li>Hochwertige 6 mm Anschlussverschraubungen<\/li>\n<li>Gitterplatte mit Mikrofilter<\/li>\n<li>Mikrofilterschwamm<\/li>\n<li>50 cm Schlauch<\/li>\n<\/ul>\n<p><strong>Ma\u00dfe:<\/strong> Durchmesser ca. 71 mm, H\u00f6he ca. 330 mm<\/p>\n<p><strong>F\u00fcllvolumen:<\/strong> ca. 500 ml<\/p>\n","protected":false},"excerpt":{"rendered":"<p>Aqua Medic Top End Filter om aan te sluiten op uw osmose-apparaat<\/p>\n","protected":false},"featured_media":89807,"template":"","meta":[],"pwb-brand":[2149],"product_cat":[1463,1421],"product_tag":[],"class_list":{"0":"post-121491","1":"product","2":"type-product","3":"status-publish","4":"has-post-thumbnail","6":"pwb-brand-aqua-medic","7":"product_cat-filter-und-zubehoer","8":"product_cat-aqua-medic-de","10":"first","11":"instock","12":"taxable","13":"shipping-taxable","14":"purchasable","15":"product-type-simple"},"acf":[],"brands":[{"id":2149,"name":"Aqua Medic","slug":"aqua-medic"}],"_links":{"self":[{"href":"https:\/\/www.seaflowerstore.com\/de\/wp-json\/wp\/v2\/product\/121491","targetHints":{"allow":["GET"]}}],"collection":[{"href":"https:\/\/www.seaflowerstore.com\/de\/wp-json\/wp\/v2\/product"}],"about":[{"href":"https:\/\/www.seaflowerstore.com\/de\/wp-json\/wp\/v2\/types\/product"}],"wp:featuredmedia":[{"embeddable":true,"href":"https:\/\/www.seaflowerstore.com\/de\/wp-json\/wp\/v2\/media\/89807"}],"wp:attachment":[{"href":"https:\/\/www.seaflowerstore.com\/de\/wp-json\/wp\/v2\/media?parent=121491"}],"wp:term":[{"taxonomy":"pwb-brand","embeddable":true,"href":"https:\/\/www.seaflowerstore.com\/de\/wp-json\/wp\/v2\/pwb-brand?post=121491"},{"taxonomy":"product_cat","embeddable":true,"href":"https:\/\/www.seaflowerstore.com\/de\/wp-json\/wp\/v2\/product_cat?post=121491"},{"taxonomy":"product_tag","embeddable":true,"href":"https:\/\/www.seaflowerstore.com\/de\/wp-json\/wp\/v2\/product_tag?post=121491"}],"curies":[{"name":"wp","href":"https:\/\/api.w.org\/{rel}","templated":true}]}}