{"id":121505,"date":"2023-06-14T17:17:12","date_gmt":"2024-03-22T09:45:24","guid":{"rendered":"https:\/\/www.seaflowerstore.com\/?post_type=product&#038;p=121505"},"modified":"2024-03-22T10:45:24","modified_gmt":"2024-03-22T09:45:24","slug":"neptune-systems-mxm-mobius-wireless-control-module","status":"publish","type":"product","link":"https:\/\/www.seaflowerstore.com\/de\/neptune-systems-mxm-mobius-wireless-control-module\/","title":{"rendered":"Neptune Systems MXM Mobius Wireless Control Module"},"content":{"rendered":"<h2>Neptune Systems MXM Mobius Wireless Control Module connect EcoTech &amp; AquaIllumination gear using an Apex<\/h2>\n<p>Neptune Systems, EcoTech Marine und AquaIllumination haben sich zusammengetan, um MXM zum Leben zu erwecken. Jetzt k\u00f6nnen Sie alle Ihre bevorzugten EcoTech- und AI-Pumpen und -Leuchten drahtlos mit Apex und Apex Fusion steuern \u2013 einer Schnittstelle, die sowohl benutzerfreundlich als auch leistungsstark ist. Kein Hin- und Herspringen mehr zwischen verschiedenen Apps.<\/p>\n<p><strong>MXM \u2013 Jetzt alle zusammen<\/strong><\/p>\n<ul>\n<li>Drahtlose Verbindung von EcoTech- und AquaIllumination-Ger\u00e4ten mit Apex<\/li>\n<li>Automatisierung und Steuerung von EcoTech- und AI-Ger\u00e4ten mit Apex Fusion<\/li>\n<li>Kompatibel mit allen A2- und A3-Apex-Systemen<\/li>\n<li>Drahtlose Steuerung von bis zu 25 Mobius-Ger\u00e4ten<\/li>\n<\/ul>\n<p><strong>Warum MXM verwenden?<\/strong><\/p>\n<p>Alle Ihre Ger\u00e4te in einer Steuerungs-App zu haben, ist nur der Anfang. Wenn Apex Fusion Ihre EcoTech- oder AquaIllumination-Ausr\u00fcstung verwaltet, k\u00f6nnen Sie sie problemlos in Ihre Apex-F\u00fctterungsmodi und andere Automatisierungskonfigurationen integrieren. Das bedeutet, dass Sie einen F\u00fctterungszyklus f\u00fcr Ihre Fische und Korallen einleiten, Ihre Vortech-Antriebsk\u00f6pfe auf eine Lichtimpulseinstellung einstellen, die F\u00fctterungsintensit\u00e4t f\u00fcr Ihre Vectra-R\u00fccklaufpumpe aktivieren, Ihren Absch\u00e4umer ausschalten und Ihr AFS starten k\u00f6nnen \u2013 alles mit einem einzigen Tastendruck oder zu einer geplanten Zeit.<\/p>\n<p>Dies ist nur ein Beispiel daf\u00fcr, was MXM leisten kann. Sie k\u00f6nnen Ihre Lieblingsausr\u00fcstung von EcoTech, AI und Neptune Systems kombinieren und wissen, dass alles nahtlos zusammenarbeitet.<\/p>\n<p><strong>Kompatibilit\u00e4t:<\/strong><br \/>\n<strong>EcoTech Marine<\/strong><\/p>\n<ul>\n<li>Radion XR15 &amp; XR30 LED-Leuchten (<strong>G5 | G6<\/strong>)<\/li>\n<li>Vortech <strong>MQD<\/strong>-Serie (MP10 | MP40 | MP60)<\/li>\n<li>Vectra-Serie 2 (<strong>S2 | M2 | L2<\/strong>)<\/li>\n<\/ul>\n<p><strong>AquaIllumination<\/strong><\/p>\n<ul>\n<li>Hydra-Serie (32 HD | 64 HD)<\/li>\n<li>Prime 16HD (Riff | S\u00fc\u00dfwasser | Sol | Fuge)<\/li>\n<li>Nero-Serie (Nero 3 | Nero 5 | Nero 7)<\/li>\n<li>Blade (Grow | Glow | S\u00fc\u00dfwasser | Refugium)<\/li>\n<\/ul>\n<p><strong><em>*Erfordert Neptune Systems Apex A3 (Apex Pro, Apex, Apex Jr.) oder Apex A2 (Apex, Apex EL)<\/em><\/strong><\/p>\n<p><strong>Einfache Einrichtung \u2013 So einfach wie MXM<\/strong><\/p>\n<ol>\n<li>Richten Sie Ihre MXM-, EcoTech- und AI-Ger\u00e4te in Mobius ein<\/li>\n<li>\u00dcbergeben Sie die Kontrolle an Ihren Apex<\/li>\n<li>Greifen Sie auf Apex Fusion zu, um erweiterte Funktionen und Kontrolle zu erhalten<\/li>\n<\/ol>\n<p><strong>Was ist im Lieferumfang enthalten?<\/strong><\/p>\n<ul>\n<li>MXM-Modul<\/li>\n<li>1 m AquaBus-Kabel<\/li>\n<\/ul>\n","protected":false},"excerpt":{"rendered":"<p>Neptune Systems MXM Mobius Wireless Control Module verbind EcoTech &amp; AquaIllumination-apparatuur met behulp van een Apex<\/p>\n","protected":false},"featured_media":89396,"template":"","meta":[],"pwb-brand":[2179],"product_cat":[1408,1423],"product_tag":[],"class_list":{"0":"post-121505","1":"product","2":"type-product","3":"status-publish","4":"has-post-thumbnail","6":"pwb-brand-neptune-systems","7":"product_cat-computer-de","8":"product_cat-neptune-systems-de","10":"first","11":"instock","12":"taxable","13":"shipping-taxable","14":"purchasable","15":"product-type-simple"},"acf":[],"brands":[{"id":2179,"name":"Neptune Systems","slug":"neptune-systems"}],"_links":{"self":[{"href":"https:\/\/www.seaflowerstore.com\/de\/wp-json\/wp\/v2\/product\/121505","targetHints":{"allow":["GET"]}}],"collection":[{"href":"https:\/\/www.seaflowerstore.com\/de\/wp-json\/wp\/v2\/product"}],"about":[{"href":"https:\/\/www.seaflowerstore.com\/de\/wp-json\/wp\/v2\/types\/product"}],"wp:featuredmedia":[{"embeddable":true,"href":"https:\/\/www.seaflowerstore.com\/de\/wp-json\/wp\/v2\/media\/89396"}],"wp:attachment":[{"href":"https:\/\/www.seaflowerstore.com\/de\/wp-json\/wp\/v2\/media?parent=121505"}],"wp:term":[{"taxonomy":"pwb-brand","embeddable":true,"href":"https:\/\/www.seaflowerstore.com\/de\/wp-json\/wp\/v2\/pwb-brand?post=121505"},{"taxonomy":"product_cat","embeddable":true,"href":"https:\/\/www.seaflowerstore.com\/de\/wp-json\/wp\/v2\/product_cat?post=121505"},{"taxonomy":"product_tag","embeddable":true,"href":"https:\/\/www.seaflowerstore.com\/de\/wp-json\/wp\/v2\/product_tag?post=121505"}],"curies":[{"name":"wp","href":"https:\/\/api.w.org\/{rel}","templated":true}]}}