{"id":121506,"date":"2023-06-10T20:09:24","date_gmt":"2024-03-22T09:45:27","guid":{"rendered":"https:\/\/www.seaflowerstore.com\/?post_type=product&#038;p=121506"},"modified":"2025-07-12T13:20:30","modified_gmt":"2025-07-12T11:20:30","slug":"tunze-aquawind-eco-chic","status":"publish","type":"product","link":"https:\/\/www.seaflowerstore.com\/de\/tunze-aquawind-eco-chic\/","title":{"rendered":"Tunze Aquawind eco chic"},"content":{"rendered":"<h2>TUNZE Aquawind eco chic<\/h2>\n<p>Der <strong>TUNZE Aquawind eco chic 7028.500<\/strong> ist ein bemerkenswert ger\u00e4uscharmer Aquarienventilator, der f\u00fcr Ihren Komfort konzipiert wurde. Dieses Ger\u00e4t wird mit sicherer 12-V-Niederspannung betrieben und l\u00e4sst sich problemlos am Rand von Aquarien mit Glasst\u00e4rken von 0 bis 22 mm (0&#8243; &#8211; 0,866&#8243;) installieren.<\/p>\n<p>Sie k\u00f6nnen den Winkel des Aquawind ganz einfach durch Neigen an Ihre Bed\u00fcrfnisse anpassen. Dieser Ventilator f\u00f6rdert eine gleichm\u00e4\u00dfige Luftbewegung \u00fcber der Wasseroberfl\u00e4che, was den Verdunstungsprozess beschleunigt.<\/p>\n<p>Bei Standardaquarien mit einem Fassungsverm\u00f6gen von bis zu <strong>800 Litern (211 US-Gallonen)<\/strong> und einer L\u00e4nge von 2 m (78,7 Zoll) kann dieses K\u00fchlsystem die Temperaturen effektiv um <strong>2 bis 4 Grad Celsius (3,6 bis 7,2 Grad Fahrenheit)<\/strong> senken. Dank seines innovativen Designs erreicht der Aquawind einen gerichteten Luftstrom \u00fcber gr\u00f6\u00dfere Entfernungen, sodass ein Ventilator ausreicht, um auch gr\u00f6\u00dfere Aquarien effizient zu k\u00fchlen.<\/p>\n<p>Hier einige kurze Spezifikationen:<\/p>\n<ul>\n<li><strong>Stromverbrauch:<\/strong> ca. 1,7 W<\/li>\n<li><strong>Marken-Netzteil:<\/strong> 12 V, 100-240 V \/ 50-60 Hz<\/li>\n<li><strong>Abmessungen (L x B x H):<\/strong> 148 x 150 x 55 mm (5,83\u201d x 5,91\u201d x 2,16\u201d)<\/li>\n<\/ul>\n","protected":false},"excerpt":{"rendered":"<p>Tunze Aquawind eco chic is een geluidsarme aquariumventilator<\/p>\n","protected":false},"featured_media":89339,"template":"","meta":[],"pwb-brand":[2123],"product_cat":[1467,1487],"product_tag":[],"class_list":{"0":"post-121506","1":"product","2":"type-product","3":"status-publish","4":"has-post-thumbnail","6":"pwb-brand-tunze","7":"product_cat-temperatur","8":"product_cat-kuehlung","10":"first","11":"outofstock","12":"taxable","13":"shipping-taxable","14":"purchasable","15":"product-type-simple"},"acf":[],"brands":[{"id":2123,"name":"Tunze","slug":"tunze"}],"_links":{"self":[{"href":"https:\/\/www.seaflowerstore.com\/de\/wp-json\/wp\/v2\/product\/121506","targetHints":{"allow":["GET"]}}],"collection":[{"href":"https:\/\/www.seaflowerstore.com\/de\/wp-json\/wp\/v2\/product"}],"about":[{"href":"https:\/\/www.seaflowerstore.com\/de\/wp-json\/wp\/v2\/types\/product"}],"wp:featuredmedia":[{"embeddable":true,"href":"https:\/\/www.seaflowerstore.com\/de\/wp-json\/wp\/v2\/media\/89339"}],"wp:attachment":[{"href":"https:\/\/www.seaflowerstore.com\/de\/wp-json\/wp\/v2\/media?parent=121506"}],"wp:term":[{"taxonomy":"pwb-brand","embeddable":true,"href":"https:\/\/www.seaflowerstore.com\/de\/wp-json\/wp\/v2\/pwb-brand?post=121506"},{"taxonomy":"product_cat","embeddable":true,"href":"https:\/\/www.seaflowerstore.com\/de\/wp-json\/wp\/v2\/product_cat?post=121506"},{"taxonomy":"product_tag","embeddable":true,"href":"https:\/\/www.seaflowerstore.com\/de\/wp-json\/wp\/v2\/product_tag?post=121506"}],"curies":[{"name":"wp","href":"https:\/\/api.w.org\/{rel}","templated":true}]}}