{"id":121510,"date":"2023-05-25T13:09:05","date_gmt":"2024-03-22T09:46:31","guid":{"rendered":"https:\/\/www.seaflowerstore.com\/?post_type=product&#038;p=121510"},"modified":"2024-03-22T10:46:31","modified_gmt":"2024-03-22T09:46:31","slug":"mastertronic-api-nitrate-2-magnetic-stirrer-20x8","status":"publish","type":"product","link":"https:\/\/www.seaflowerstore.com\/de\/mastertronic-api-nitrate-2-magnetic-stirrer-20x8\/","title":{"rendered":"MasterTronic API Nitrate #2 Magnetic Stirrer &#8211; 20&#215;8"},"content":{"rendered":"<h2>MasterTronic API Nitrate #2 Magnetic Stirrer &#8211; 20&#215;8<\/h2>\n<p>Dieser Magnetr\u00fchrer ist speziell f\u00fcr die Verwendung mit der API-Nitrattestflasche Nr. 2 im Mastertronic-System konzipiert.<\/p>\n<p>Au\u00dferdem ist es wichtig, Ihren MasterTronic zu aktualisieren. Hier sind die Schritte zum Herunterladen des <strong>R\u00fchrer-Updates V 01.05.70<\/strong>:<\/p>\n<p><em>Bevor Sie beginnen, stellen Sie bitte sicher, dass Ihr MasterTronic mit der Firmware-Version 01.04.11 l\u00e4uft. Sie k\u00f6nnen dies \u00fcberpr\u00fcfen, indem Sie die AIO-App \u00f6ffnen und in der Ger\u00e4teliste nachsehen.<\/em><\/p>\n<p><em>Wenn Sie feststellen, dass Ihr Ger\u00e4t nicht die angegebene Version hat, f\u00fchren Sie bitte ein Update durch.<\/em><\/p>\n<p><em>Den Download-Link f\u00fcr die Software V 01.05.70 finden Sie auf der Cloud-Seite unter <a href=\"http:\/\/Alkatronic.focustronic.com\" rel=\"nofollow noopener\" target=\"_blank\">http:\/\/Alkatronic.focustronic.com<\/a>.<\/em><\/p>\n<p>Befolgen Sie diese Schritte, um das Update abzuschlie\u00dfen:<\/p>\n<ul>\n<li><em>W\u00e4hlen Sie \u201eSoftware aktualisieren\u201c.<\/em><\/li>\n<li><em>Klicken Sie dann auf \u201eJetzt aktualisieren\u201c.<\/em><\/li>\n<\/ul>\n","protected":false},"excerpt":{"rendered":"<p>MasterTronic API Nitrate #2 Magnetic Stirrer &#8211; (20&#215;8) gebruik alleen voor API nitrate test Bottle #2<\/p>\n","protected":false},"featured_media":89142,"template":"","meta":[],"pwb-brand":[2261],"product_cat":[1387,1385],"product_tag":[],"class_list":{"0":"post-121510","1":"product","2":"type-product","3":"status-publish","4":"has-post-thumbnail","6":"pwb-brand-focustronic","7":"product_cat-messsysteme","8":"product_cat-neue-produkte","10":"first","11":"instock","12":"taxable","13":"shipping-taxable","14":"purchasable","15":"product-type-simple"},"acf":[],"brands":[{"id":2261,"name":"Focustronic","slug":"focustronic"}],"_links":{"self":[{"href":"https:\/\/www.seaflowerstore.com\/de\/wp-json\/wp\/v2\/product\/121510","targetHints":{"allow":["GET"]}}],"collection":[{"href":"https:\/\/www.seaflowerstore.com\/de\/wp-json\/wp\/v2\/product"}],"about":[{"href":"https:\/\/www.seaflowerstore.com\/de\/wp-json\/wp\/v2\/types\/product"}],"wp:featuredmedia":[{"embeddable":true,"href":"https:\/\/www.seaflowerstore.com\/de\/wp-json\/wp\/v2\/media\/89142"}],"wp:attachment":[{"href":"https:\/\/www.seaflowerstore.com\/de\/wp-json\/wp\/v2\/media?parent=121510"}],"wp:term":[{"taxonomy":"pwb-brand","embeddable":true,"href":"https:\/\/www.seaflowerstore.com\/de\/wp-json\/wp\/v2\/pwb-brand?post=121510"},{"taxonomy":"product_cat","embeddable":true,"href":"https:\/\/www.seaflowerstore.com\/de\/wp-json\/wp\/v2\/product_cat?post=121510"},{"taxonomy":"product_tag","embeddable":true,"href":"https:\/\/www.seaflowerstore.com\/de\/wp-json\/wp\/v2\/product_tag?post=121510"}],"curies":[{"name":"wp","href":"https:\/\/api.w.org\/{rel}","templated":true}]}}