{"id":121511,"date":"2023-05-21T15:42:04","date_gmt":"2024-03-22T09:46:35","guid":{"rendered":"https:\/\/www.seaflowerstore.com\/?post_type=product&#038;p=121511"},"modified":"2024-03-22T10:46:36","modified_gmt":"2024-03-22T09:46:36","slug":"sicce-syncra-sdc-3-0-aquarium-opvoerpomp","status":"publish","type":"product","link":"https:\/\/www.seaflowerstore.com\/de\/sicce-syncra-sdc-3-0-aquarium-opvoerpomp\/","title":{"rendered":"Sicce SYNCRA SDC 3.0 aquarium opvoerpomp"},"content":{"rendered":"<h2>Sicce SYNCRA SDC 3.0 aquarium booster pump with a capacity of 1,000 &#8211; 3,000 liters per hour<\/h2>\n<p>Die SYNCRA SDC-Pumpen sind die neueste Generation von Wasserumw\u00e4lzpumpen und verf\u00fcgen \u00fcber integrierte Intelligenzsysteme f\u00fcr eine effektive Pumpensteuerung in modernen Konfigurationen. Mit dedizierter Programmierung, hervorragender Leistung, Energieeffizienz und der M\u00f6glichkeit, sowohl in Reihe als auch unter Wasser zu arbeiten, zeichnet sich diese neue Produktreihe durch ihre Vielseitigkeit aus. Die SYNCRA SDC l\u00e4sst sich einfach \u00fcber eine benutzerfreundliche Steuerung oder \u00fcber Ihr Smartphone steuern, indem Sie die kostenlose CONTRALL-App herunterladen. Diese App erm\u00f6glicht die Programmierung und Steuerung von jedem Ort mit Internetzugang aus. Dar\u00fcber hinaus bietet CONTRALL ein Warnsystem, das Sie in Echtzeit \u00fcber den Status der Pumpe informiert.<\/p>\n<div class=\"category-features\">\n<h3><strong>Spezifikationen<\/strong><\/h3>\n<ul>\n<li>Kapazit\u00e4t: 1.000 &#8211; 3.000 Liter pro Stunde<\/li>\n<li>Verbrauch: 6 &#8211; 35 Watt<\/li>\n<li>F\u00f6rderh\u00f6he: 2,2 Meter<\/li>\n<li>Einlass: Schlaucht\u00fclle 25 \/ 32 mm (1&#8243;)<\/li>\n<li>Auslass: Schlaucht\u00fclle 25 \/ 32 mm (1&#8243;)<\/li>\n<li>Kabell\u00e4nge: 3 Meter<\/li>\n<\/ul>\n<h4>Hauptmerkmale<\/h4>\n<table style=\"height: 583px;\" border=\"0\" width=\"744\">\n<tbody>\n<tr>\n<td>SYNCRA SDC3.0 &#8211; 6.0 &#8211; 7.0 &#8211; 9.0<\/td>\n<td>KONTROLL<\/td>\n<td><strong>CONTROLLER<\/strong><\/td>\n<\/tr>\n<tr>\n<td>WET &amp; DRY-Anwendung<\/td>\n<td>KOSTENLOSER DOWNLOAD der ContrALL-App<\/td>\n<td>Direkte Steuerung der Pumpe inbegriffen<\/td>\n<\/tr>\n<tr>\n<td>Schlauchanschl\u00fcsse inbegriffen<\/td>\n<td>WARNUNGEN f\u00fcr:<\/p>\n<ol>\n<li>Blockierter Rotor<\/li>\n<li>Trockenlauf<\/li>\n<li>Signalverlust<\/li>\n<\/ol>\n<\/td>\n<td>5 voreingestellte Modi \u2013 Alle Modi k\u00f6nnen an die Bed\u00fcrfnisse des Benutzers angepasst werden<\/td>\n<\/tr>\n<tr>\n<td>Selbstreinigendes Laufrad<\/td>\n<td>Wassertemperatursensor<\/td>\n<td>ECO \u2013 7 Stunden voreingestellt bei einer anpassbaren niedrigeren Durchflussrate<\/td>\n<\/tr>\n<tr>\n<td>Thermoschutz zur Vermeidung von \u00dcberhitzung<\/td>\n<td>Einstellungen f\u00fcr jede einzelne Pumpe synchronisieren und anpassen verbunden<\/td>\n<td>MODUS &#8211; 5 voreingestellte Modi zum Erzeugen unterschiedlicher Wasserbewegungen<\/td>\n<\/tr>\n<tr>\n<td>Gummif\u00fc\u00dfe<\/td>\n<td><\/td>\n<td>PAUSE &#8211; 10-min\u00fctiger Pumpenstopp, jederzeit programmierbar<\/td>\n<\/tr>\n<tr>\n<td>Keramikschaft<\/td>\n<td><\/td>\n<td>Magnethalterung<\/td>\n<\/tr>\n<tr>\n<td>24 V &#8211; Transformator enthalten<\/td>\n<td><\/td>\n<td><\/td>\n<\/tr>\n<\/tbody>\n<\/table>\n<\/div>\n","protected":false},"excerpt":{"rendered":"<p>Sicce SYNCRA SDC 3.0 aquarium opvoerpomp met een Capaciteit van 1.000 &#8211; 3.000 liter per uur<\/p>\n","protected":false},"featured_media":89079,"template":"","meta":[],"pwb-brand":[2163],"product_cat":[1417,2104],"product_tag":[],"class_list":{"0":"post-121511","1":"product","2":"type-product","3":"status-publish","4":"has-post-thumbnail","6":"pwb-brand-sicce","7":"product_cat-druckerhohungspumpen","8":"product_cat-sicce-de","10":"first","11":"instock","12":"taxable","13":"shipping-taxable","14":"purchasable","15":"product-type-simple"},"acf":[],"brands":[{"id":2163,"name":"Sicce","slug":"sicce"}],"_links":{"self":[{"href":"https:\/\/www.seaflowerstore.com\/de\/wp-json\/wp\/v2\/product\/121511","targetHints":{"allow":["GET"]}}],"collection":[{"href":"https:\/\/www.seaflowerstore.com\/de\/wp-json\/wp\/v2\/product"}],"about":[{"href":"https:\/\/www.seaflowerstore.com\/de\/wp-json\/wp\/v2\/types\/product"}],"wp:featuredmedia":[{"embeddable":true,"href":"https:\/\/www.seaflowerstore.com\/de\/wp-json\/wp\/v2\/media\/89079"}],"wp:attachment":[{"href":"https:\/\/www.seaflowerstore.com\/de\/wp-json\/wp\/v2\/media?parent=121511"}],"wp:term":[{"taxonomy":"pwb-brand","embeddable":true,"href":"https:\/\/www.seaflowerstore.com\/de\/wp-json\/wp\/v2\/pwb-brand?post=121511"},{"taxonomy":"product_cat","embeddable":true,"href":"https:\/\/www.seaflowerstore.com\/de\/wp-json\/wp\/v2\/product_cat?post=121511"},{"taxonomy":"product_tag","embeddable":true,"href":"https:\/\/www.seaflowerstore.com\/de\/wp-json\/wp\/v2\/product_tag?post=121511"}],"curies":[{"name":"wp","href":"https:\/\/api.w.org\/{rel}","templated":true}]}}