{"id":121512,"date":"2023-05-21T15:20:35","date_gmt":"2024-03-22T09:46:40","guid":{"rendered":"https:\/\/www.seaflowerstore.com\/?post_type=product&#038;p=121512"},"modified":"2024-03-22T10:46:40","modified_gmt":"2024-03-22T09:46:40","slug":"tropic-marin-cuvette-brush-diameter-23mm","status":"publish","type":"product","link":"https:\/\/www.seaflowerstore.com\/de\/tropic-marin-cuvette-brush-diameter-23mm\/","title":{"rendered":"Tropic Marin Cuvette Brush diameter 23mm"},"content":{"rendered":"<h2>Tropic Marin Cuvette Brush diameter 23mm to clean test Cuvette<\/h2>\n<p>Dies ist eine praktische Reinigungsb\u00fcrste, die speziell f\u00fcr die Pflege Ihrer Testobjekttr\u00e4ger entwickelt wurde. Sie macht den Reinigungsvorgang einfach und effizient und sorgt daf\u00fcr, dass Ihre Ausr\u00fcstung in Topform bleibt.<\/p>\n","protected":false},"excerpt":{"rendered":"<p>Tropic Marin Cuvette Brush diameter 23mm om test glaasjes mee schoon te maken<\/p>\n","protected":false},"featured_media":89071,"template":"","meta":[],"pwb-brand":[2151],"product_cat":[1430],"product_tag":[],"class_list":{"0":"post-121512","1":"product","2":"type-product","3":"status-publish","4":"has-post-thumbnail","6":"pwb-brand-tropic-marin","7":"product_cat-reinigungsmittel","9":"first","10":"instock","11":"taxable","12":"shipping-taxable","13":"purchasable","14":"product-type-simple"},"acf":[],"brands":[{"id":2151,"name":"Tropic Marin","slug":"tropic-marin"}],"_links":{"self":[{"href":"https:\/\/www.seaflowerstore.com\/de\/wp-json\/wp\/v2\/product\/121512","targetHints":{"allow":["GET"]}}],"collection":[{"href":"https:\/\/www.seaflowerstore.com\/de\/wp-json\/wp\/v2\/product"}],"about":[{"href":"https:\/\/www.seaflowerstore.com\/de\/wp-json\/wp\/v2\/types\/product"}],"wp:featuredmedia":[{"embeddable":true,"href":"https:\/\/www.seaflowerstore.com\/de\/wp-json\/wp\/v2\/media\/89071"}],"wp:attachment":[{"href":"https:\/\/www.seaflowerstore.com\/de\/wp-json\/wp\/v2\/media?parent=121512"}],"wp:term":[{"taxonomy":"pwb-brand","embeddable":true,"href":"https:\/\/www.seaflowerstore.com\/de\/wp-json\/wp\/v2\/pwb-brand?post=121512"},{"taxonomy":"product_cat","embeddable":true,"href":"https:\/\/www.seaflowerstore.com\/de\/wp-json\/wp\/v2\/product_cat?post=121512"},{"taxonomy":"product_tag","embeddable":true,"href":"https:\/\/www.seaflowerstore.com\/de\/wp-json\/wp\/v2\/product_tag?post=121512"}],"curies":[{"name":"wp","href":"https:\/\/api.w.org\/{rel}","templated":true}]}}