{"id":121513,"date":"2023-05-18T21:39:43","date_gmt":"2024-03-22T09:46:46","guid":{"rendered":"https:\/\/www.seaflowerstore.com\/?post_type=product&#038;p=121513"},"modified":"2024-03-22T10:46:46","modified_gmt":"2024-03-22T09:46:46","slug":"neptune-systems-apex-a3-junior-system","status":"publish","type":"product","link":"https:\/\/www.seaflowerstore.com\/de\/neptune-systems-apex-a3-junior-system\/","title":{"rendered":"Neptune Systems Apex A3 Junior System"},"content":{"rendered":"<h2>Neptune Systems Apex A3 Junior System is an affordable, entry level monitoring-only solution that keeps tabs on only your most essential tank needs<\/h2>\n<p>Der A3 Jr ist eine reine \u00dcberwachungsl\u00f6sung, aber Sie k\u00f6nnen ihn ganz einfach erweitern, indem Sie einen Energy Bar 632 hinzuf\u00fcgen. Dieses Upgrade verwandelt ihn in einen vollwertigen Controller, indem Sie ihn \u00fcber den AquaBus anschlie\u00dfen, und Sie erhalten ein vollst\u00e4ndiges \u00dcberwachungs- und Steuersystem.<\/p>\n<p>Die erfolgreichsten Aquarien sind jene, bei denen der Besitzer den besten Einblick in seine kleine Welt in einer Glasbox hat. Der Schl\u00fcssel zum Spa\u00df an diesem Hobby ist jedoch, es zu tun, ohne dass es sich wie ein Vollzeitjob anf\u00fchlt!<\/p>\n<p>Mit einem Apex k\u00f6nnen Sie sich auf das konzentrieren, was Sie lieben \u2013 Ihre Fische und Korallen \u2013 anstatt sich um Temperaturprobleme, pH-Werte, Lichttimer usw. zu k\u00fcmmern.<\/p>\n<p>Der wichtigste Vorteil eines Apex ist die Katastrophenpr\u00e4vention, die er bietet. Der Apex warnt Sie, wenn etwas nicht gut l\u00e4uft, und gibt Ihnen die M\u00f6glichkeit, einzugreifen und potenzielle Aquarienkatastrophen zu verhindern. Dar\u00fcber hinaus \u00f6ffnet es die T\u00fcr zu erweiterten Funktionen, wie:<\/p>\n<ul>\n<li>LED-Dimmen<\/li>\n<li>Variable Pumpensteuerung<\/li>\n<li>Automatisches Nachf\u00fcllen<\/li>\n<li>Kalziumreaktorsteuerung<\/li>\n<li>Ozonsteuerung<\/li>\n<li>Automatische Dosierung von Elementen<\/li>\n<li>Automatische F\u00fctterung Ihrer Fische<\/li>\n<li>Und vieles mehr!<\/li>\n<\/ul>\n<p><strong>Neptune Systems A3 Apex Jr System<\/strong> &#8211; Holen Sie sich die grundlegende \u00dcberwachung, die Sie jetzt brauchen, und erweitern Sie sie sp\u00e4ter um eine Steuerung.<\/p>\n<ul>\n<li>A3 Apex Jr Basiseinheit<\/li>\n<li>2 FMM-Anschl\u00fcsse<\/li>\n<li>2 Aquabus-Anschl\u00fcsse<\/li>\n<li>1 pH\/ORP*-Sondenanschluss<\/li>\n<li>1 Temperatursondenanschluss<\/li>\n<li>Nur mit WLAN kompatibel (kein Ethernet-Anschluss)<\/li>\n<li>Neuer integrierter Tonalarm<\/li>\n<li>Erweiterbar<\/li>\n<\/ul>\n<p>\u00dcberpr\u00fcfen Sie Temperatur und pH-Wert mit den mitgelieferten Doppelanschlusssonden in Laborqualit\u00e4t. \u00dcberwachen Sie den Wasserstand mit dem neuen magnetisch-optischen MOS-Sensor. Achten Sie mit dem LD-2-Bodenleckerkennungssensor auf Lecks. Sie k\u00f6nnen Erinnerungen festlegen, Test- und Dosierungsinformationen aufzeichnen und von \u00fcberall auf Ihr Aquarium zugreifen.<\/p>\n<p>Dieses System bietet einen erschwinglichen Zugang zum Apex-\u00d6kosystem mit der M\u00f6glichkeit, es nach Belieben zu erweitern. *Bitte beachten Sie, dass die ORP-Sonde separat erh\u00e4ltlich ist.<\/p>\n<p>Neben all den fantastischen Funktionen, die ein Apex bietet, besteht sein Hauptzweck darin, Ihr Aquarium vor h\u00e4ufigen Katastrophen wie \u00dcberhitzung aufgrund defekter Heizungen, Lecks und \u00dcberlaufsituationen zu sch\u00fctzen. Sobald Probleme erkannt werden, kann Apex Korrekturma\u00dfnahmen ergreifen, um ernsthafte Sch\u00e4den zu minimieren, und Sie benachrichtigen, damit Sie die Situation umgehend beheben k\u00f6nnen.<\/p>\n<p>Apex-Systeme haben bereits vielen Aquarianern Tausende von Euro an Sch\u00e4den an Aquarieninhalt, Ausr\u00fcstung und Bodenbelag erspart. Egal, ob Sie zwei Stunden oder zwei Wochen weg sind, Sie k\u00f6nnen beruhigt sein, da Sie wissen, dass Sie nach Hause in ein sauberes Aquarium zur\u00fcckkehren. Allein dies macht den Kauf eines Apex zu einer lohnenden Investition.<\/p>\n<h3>WARUM APEX?<\/h3>\n<ul>\n<li>Verhindert Katastrophen, indem es wichtige Parameter in Ihrem Aquarium \u00fcberwacht, Korrekturma\u00dfnahmen f\u00fcr Sie ergreift und Sie \u00fcber Ihr Smartphone benachrichtigt, wenn etwas nicht gut l\u00e4uft.<\/li>\n<li>\u00dcberwacht Ihre Ausr\u00fcstung, um sicherzustellen, dass sie immer ordnungsgem\u00e4\u00df funktioniert, und benachrichtigt Sie, wenn dies nicht der Fall ist.<\/li>\n<li>Beh\u00e4lt den \u00dcberblick \u00fcber Ihre manuellen Testergebnisse, Wartungen, Tierk\u00e4ufe und Tankbeobachtungen und hilft Ihnen, Probleme in Ihrem Aquarium mit zugrunde liegenden Problemen in Verbindung zu bringen.<\/li>\n<li>Verwaltet den vollst\u00e4ndigen Betrieb der Ausr\u00fcstung (Lichter, Pumpen, Filter, ATO usw.) in Ihrem Tank mit einfachen Einrichtungsassistenten und einer benutzerfreundlichen App.<\/li>\n<li>Ersetzt viele teure und umst\u00e4ndliche Einzelkomponenten wie Lichttimer, Heizungsregler und Pumpenregler.<\/li>\n<li>Gibt Ihnen die Gewissheit, zu wissen, wie es Ihrem Aquarium geht sofort und von \u00fcberall auf der Welt aus erledigen.<\/li>\n<\/ul>\n<p><strong>A3 Jr Apex besteht aus:<\/strong><\/p>\n<ul>\n<li>A3 Apex Jr Basiseinheit<\/li>\n<li>Stromversorgung<\/li>\n<li>Temperatursonde<\/li>\n<li>pH-Sonde<\/li>\n<li>MOS-magnetoptischer Sensor<\/li>\n<li>LD-2-Leckerkennungssensor<\/li>\n<li>Kalibrierungsl\u00f6sungen (pH 7 und 10)<\/li>\n<li>Befestigungsschrauben<\/li>\n<\/ul>\n","protected":false},"excerpt":{"rendered":"<p>Neptune Systems Apex A3 Junior System is een betaalbare oplossing voor monitoring op instapniveau<\/p>\n","protected":false},"featured_media":89045,"template":"","meta":[],"pwb-brand":[2179],"product_cat":[1408],"product_tag":[],"class_list":{"0":"post-121513","1":"product","2":"type-product","3":"status-publish","4":"has-post-thumbnail","6":"pwb-brand-neptune-systems","7":"product_cat-computer-de","9":"first","10":"instock","11":"taxable","12":"shipping-taxable","13":"purchasable","14":"product-type-simple"},"acf":[],"brands":[{"id":2179,"name":"Neptune Systems","slug":"neptune-systems"}],"_links":{"self":[{"href":"https:\/\/www.seaflowerstore.com\/de\/wp-json\/wp\/v2\/product\/121513","targetHints":{"allow":["GET"]}}],"collection":[{"href":"https:\/\/www.seaflowerstore.com\/de\/wp-json\/wp\/v2\/product"}],"about":[{"href":"https:\/\/www.seaflowerstore.com\/de\/wp-json\/wp\/v2\/types\/product"}],"wp:featuredmedia":[{"embeddable":true,"href":"https:\/\/www.seaflowerstore.com\/de\/wp-json\/wp\/v2\/media\/89045"}],"wp:attachment":[{"href":"https:\/\/www.seaflowerstore.com\/de\/wp-json\/wp\/v2\/media?parent=121513"}],"wp:term":[{"taxonomy":"pwb-brand","embeddable":true,"href":"https:\/\/www.seaflowerstore.com\/de\/wp-json\/wp\/v2\/pwb-brand?post=121513"},{"taxonomy":"product_cat","embeddable":true,"href":"https:\/\/www.seaflowerstore.com\/de\/wp-json\/wp\/v2\/product_cat?post=121513"},{"taxonomy":"product_tag","embeddable":true,"href":"https:\/\/www.seaflowerstore.com\/de\/wp-json\/wp\/v2\/product_tag?post=121513"}],"curies":[{"name":"wp","href":"https:\/\/api.w.org\/{rel}","templated":true}]}}