{"id":121515,"date":"2022-01-26T21:39:23","date_gmt":"2024-03-22T09:46:54","guid":{"rendered":"https:\/\/www.seaflowerstore.com\/?post_type=product&#038;p=121515"},"modified":"2024-03-22T10:46:55","modified_gmt":"2024-03-22T09:46:55","slug":"ocean-art-reef-balance","status":"publish","type":"product","link":"https:\/\/www.seaflowerstore.com\/de\/ocean-art-reef-balance\/","title":{"rendered":"Ocean Art Reef Balance"},"content":{"rendered":"<h2>Ocean Art Reef Balance Specially selected bacteria for creating a good ecosystem in your marine aquarium<\/h2>\n<p>W\u00e4hrend der Startphase Ihres Meerwasseraquariums ist das Erreichen eines optimalen biologischen Gleichgewichts entscheidend, um Problemen wie Algenwachstum und Roter Klappe vorzubeugen oder sie zu beheben. <\/p>\n<p>F\u00fcr diejenigen mit bestehenden Meerwasseraquarien ist dieses konzentrierte Produkt auch ideal f\u00fcr den Start eines neuen Meerwasseraquariums.<\/p>\n<p>Dieses Produkt enth\u00e4lt eine Mischung aus ausgew\u00e4hlten Bakterien, Probiotika, endosporenf\u00f6rmigen Bakterien, Aminos\u00e4uren, Vitaminen, Pflanzenextrakten, (Co-)Enzymen und Reeffuel.<\/p>\n<p>Wir empfehlen, Reef Balance w\u00e4hrend der Startphase t\u00e4glich zu dosieren, obwohl auch eine w\u00f6chentliche Dosierung m\u00f6glich ist (35 ml pro 100 l).<\/p>\n<p>Reef Balance hilft bei der Beseitigung von Abfallprodukten. F\u00fcr eine wirksamere L\u00f6sung, die speziell auf NO3 und PO4 abzielt, empfehlen wir die Verwendung von Reef Fuel.<\/p>\n<p><strong>Empfohlene Dosierung:<\/strong><\/p>\n<ul>\n<li>Ungef\u00e4hr 5 ml pro 100 Liter pro Tag, nach Bedarf anpassen.<\/li>\n<\/ul>\n","protected":false},"excerpt":{"rendered":"<p>Ocean Art Reef Balance Speciaal geselecteerde bacteri\u00ebn voor het cre\u00ebren van een goed ecosysteem in uw zeeaquarium<\/p>\n","protected":false},"featured_media":84053,"template":"","meta":[],"pwb-brand":[2307],"product_cat":[1484,1391],"product_tag":[],"class_list":{"0":"post-121515","1":"product","2":"type-product","3":"status-publish","4":"has-post-thumbnail","6":"pwb-brand-ocean-art","7":"product_cat-bakterien","8":"product_cat-ergaenzungen","9":"pa_inhoud-1000-ml-de","10":"pa_inhoud-500-ml-de","11":"pa_inhoud-5000-ml-de","13":"first","14":"instock","15":"taxable","16":"shipping-taxable","17":"purchasable","18":"product-type-variable"},"acf":[],"brands":[{"id":2307,"name":"Ocean Art","slug":"ocean-art"}],"_links":{"self":[{"href":"https:\/\/www.seaflowerstore.com\/de\/wp-json\/wp\/v2\/product\/121515","targetHints":{"allow":["GET"]}}],"collection":[{"href":"https:\/\/www.seaflowerstore.com\/de\/wp-json\/wp\/v2\/product"}],"about":[{"href":"https:\/\/www.seaflowerstore.com\/de\/wp-json\/wp\/v2\/types\/product"}],"wp:featuredmedia":[{"embeddable":true,"href":"https:\/\/www.seaflowerstore.com\/de\/wp-json\/wp\/v2\/media\/84053"}],"wp:attachment":[{"href":"https:\/\/www.seaflowerstore.com\/de\/wp-json\/wp\/v2\/media?parent=121515"}],"wp:term":[{"taxonomy":"pwb-brand","embeddable":true,"href":"https:\/\/www.seaflowerstore.com\/de\/wp-json\/wp\/v2\/pwb-brand?post=121515"},{"taxonomy":"product_cat","embeddable":true,"href":"https:\/\/www.seaflowerstore.com\/de\/wp-json\/wp\/v2\/product_cat?post=121515"},{"taxonomy":"product_tag","embeddable":true,"href":"https:\/\/www.seaflowerstore.com\/de\/wp-json\/wp\/v2\/product_tag?post=121515"}],"curies":[{"name":"wp","href":"https:\/\/api.w.org\/{rel}","templated":true}]}}