{"id":121521,"date":"2022-01-26T18:10:53","date_gmt":"2024-03-22T09:48:10","guid":{"rendered":"https:\/\/www.seaflowerstore.com\/?post_type=product&#038;p=121521"},"modified":"2024-03-22T10:48:10","modified_gmt":"2024-03-22T09:48:10","slug":"ocean-art-reef-elixer","status":"publish","type":"product","link":"https:\/\/www.seaflowerstore.com\/de\/ocean-art-reef-elixer\/","title":{"rendered":"Ocean Art Reef Elixer"},"content":{"rendered":"<h2>Ocean Art Reef Elixer is a true all-in-one addition for the marine aquarium<\/h2>\n<p>Ocean Art Reef Elixer liefert alle wichtigen Elemente, die Sie zus\u00e4tzlich zu Ihrem KH-Verbrauch ben\u00f6tigen, einschlie\u00dflich KH, CA, Mg, Sr, B, Br, Ba, K, S, Li, Mo, Mn, Zn und I.<\/p>\n<ul>\n<li><strong>Bakterien und Bakteriennahrung<\/strong> zur effektiven Regulierung der Nitrat- und Phosphatwerte.<\/li>\n<li><strong>Honig<\/strong> dient als Kohlenstoffquelle und hilft bis zu einem gewissen Grad, Flockenbildung zu mildern.<\/li>\n<li><strong>Probiotika, verschiedene N\u00e4hrstoffe, Coenzyme und Absorptionsmittel<\/strong> f\u00f6rdern eine gesunde Bakterienkultur in Ihrem Aquarium.<\/li>\n<li><strong>Pflanzenextrakte, Vitamine und mehrere Aminos\u00e4uren<\/strong> sowie verschiedene Bakterien und Mikroorganismen ern\u00e4hren Ihre Korallen und erm\u00f6glichen ihnen, sch\u00f6ner, ges\u00fcnder und viel schneller zu wachsen. Jede Dosis liefert zus\u00e4tzliche N\u00e4hrstoffe und gibt Ihnen mehr Flexibilit\u00e4t bei den Parametern Ihres Aquariums. St\u00e4ndiger Zugang zu N\u00e4hrstoffen gleicht etwaige M\u00e4ngel aus.<\/li>\n<li><strong>Aminos\u00e4uren<\/strong> sind f\u00fcr lebende Organismen von entscheidender Bedeutung. Korallen k\u00f6nnen jedoch \u00fcbersch\u00fcssige Aminos\u00e4uren nicht f\u00fcr die sp\u00e4tere Verwendung speichern. Regelm\u00e4\u00dfige Verf\u00fcgbarkeit kommt den nat\u00fcrlichen Bedingungen am n\u00e4chsten.<\/li>\n<li>Alle Komponenten sind auf die Verwendung in Meerwasseraquarien zugeschnitten. Die Bakterien gedeihen in einer Aquarienumgebung und die N\u00e4hrstoffe sind speziell darauf ausgelegt, sie zu unterst\u00fctzen. Die angebotenen Aminos\u00e4uren unterscheiden sich von anderen Produkten, da sie f\u00fcr Meerwasseraquarien geeignet sind und den unterschiedlichen Bed\u00fcrfnissen verschiedener Korallen gerecht werden.<\/li>\n<li>Alles, was enthalten ist, erf\u00fcllt einen Zweck im Aquarium. Es werden keine Zutaten nur zur Zierde hinzugef\u00fcgt.<\/li>\n<li><strong>Alles in einer Flasche!<\/strong> Diese praktische Formel vereint \u00fcber zehn verschiedene Produkte in einer einzigen Flasche.<\/li>\n<\/ul>\n<p>Das hei\u00dft, Sie k\u00f6nnen Reef Elixer durchaus mit anderen Methoden kombinieren. Da das Produkt alle Spurenelemente enth\u00e4lt, ist eine Anpassung der Dosierung wichtig. Sie k\u00f6nnen sch\u00e4tzen, dass 5 ml 1 dKH in 100 Litern entsprechen. Die wahre St\u00e4rke dieses Produkts liegt nicht nur in der Anwesenheit aller Spurenelemente, sondern auch in den zus\u00e4tzlichen Vorteilen: freie Aminos\u00e4uren, Bakterien, Mikroorganismen, N\u00e4hrstoffe und Kohlenstoffquellen zur Unterst\u00fctzung von allem, alles in den richtigen Proportionen in einer handlichen Flasche!<\/p>\n<p><strong>Empfohlene Dosierung:<\/strong> Verwenden Sie 2,5\u20137,5 ml pro 100 Liter pro Tag und halten Sie den KH-Wert zwischen 7,5 und 9. Die maximale Dosierung betr\u00e4gt 20 ml pro 100 Liter pro Tag. Sie k\u00f6nnen davon ausgehen, dass der KH-Wert innerhalb von 2 bis 48 Stunden nach der Dosierung ansteigt.<\/p>\n","protected":false},"excerpt":{"rendered":"<p>Ocean Art Reef Elixer is een echte all-in-one toevoeging voor het zeeaquarium<\/p>\n","protected":false},"featured_media":84042,"template":"","meta":[],"pwb-brand":[2307],"product_cat":[1391],"product_tag":[],"class_list":{"0":"post-121521","1":"product","2":"type-product","3":"status-publish","4":"has-post-thumbnail","6":"pwb-brand-ocean-art","7":"product_cat-ergaenzungen","8":"pa_inhoud-1000-ml-de","9":"pa_inhoud-5-l-de","10":"pa_inhoud-500-ml-de","12":"first","13":"instock","14":"sale","15":"taxable","16":"shipping-taxable","17":"purchasable","18":"product-type-variable"},"acf":[],"brands":[{"id":2307,"name":"Ocean Art","slug":"ocean-art"}],"_links":{"self":[{"href":"https:\/\/www.seaflowerstore.com\/de\/wp-json\/wp\/v2\/product\/121521","targetHints":{"allow":["GET"]}}],"collection":[{"href":"https:\/\/www.seaflowerstore.com\/de\/wp-json\/wp\/v2\/product"}],"about":[{"href":"https:\/\/www.seaflowerstore.com\/de\/wp-json\/wp\/v2\/types\/product"}],"wp:featuredmedia":[{"embeddable":true,"href":"https:\/\/www.seaflowerstore.com\/de\/wp-json\/wp\/v2\/media\/84042"}],"wp:attachment":[{"href":"https:\/\/www.seaflowerstore.com\/de\/wp-json\/wp\/v2\/media?parent=121521"}],"wp:term":[{"taxonomy":"pwb-brand","embeddable":true,"href":"https:\/\/www.seaflowerstore.com\/de\/wp-json\/wp\/v2\/pwb-brand?post=121521"},{"taxonomy":"product_cat","embeddable":true,"href":"https:\/\/www.seaflowerstore.com\/de\/wp-json\/wp\/v2\/product_cat?post=121521"},{"taxonomy":"product_tag","embeddable":true,"href":"https:\/\/www.seaflowerstore.com\/de\/wp-json\/wp\/v2\/product_tag?post=121521"}],"curies":[{"name":"wp","href":"https:\/\/api.w.org\/{rel}","templated":true}]}}