{"id":121525,"date":"2016-04-05T08:25:25","date_gmt":"2024-03-22T09:48:23","guid":{"rendered":"https:\/\/www.seaflowerstore.com\/?post_type=product&#038;p=121525"},"modified":"2024-03-22T10:48:24","modified_gmt":"2024-03-22T09:48:24","slug":"bactiv8-npx-500ml","status":"publish","type":"product","link":"https:\/\/www.seaflowerstore.com\/de\/bactiv8-npx-500ml\/","title":{"rendered":"Bactiv8 NPX 500ml"},"content":{"rendered":"<h2>Bactiv8 NPX 500ml increases nitrification and denitrification processes in your marine aquarium<\/h2>\n<p><strong>Bactiv8 NPX<\/strong> ist ein aufregender neuer Bakterienzusatz von Two Little Fishies, der die Menge und Vielfalt heterotropher Bakterien in Ihren Riffaquarien steigern soll. Dieses Produkt ist vollgepackt mit aktiven Meeresbakterien, die sowohl die Nitrifikation als auch die Denitrifikation unterst\u00fctzen, die f\u00fcr den Abbau organischer Abf\u00e4lle in Meerwasser- und Riffaquarien unerl\u00e4sslich sind.<\/p>\n<p>Bactiv8 NPX kann auch als fantastische Erg\u00e4nzung zu NPX Bioplastics dienen und hilft, die Aufnahme von Nitrat und Phosphat und deren anschlie\u00dfende Entfernung aus dem Aquarienwasser durch Eiwei\u00dfabsch\u00e4umung zu verbessern.<\/p>\n<p>Weitere Informationen finden Sie unter diesem Link: <a href=\"http:\/\/reefbuilders.com\/2011\/03\/15\/bactiv8-npx\/#ixzz1s0nB73h4\" target=\"_blank\" rel=\"noopener noreferrer nofollow\">http:\/\/reefbuilders.com\/2011\/03\/15\/bactiv8-npx\/#ixzz1s0nB73h4<\/a>.<\/p>\n","protected":false},"excerpt":{"rendered":"<p>Bactiv8 NPX 500ml\u00a0verhoogt de nitrificatie en denitrificatie in uw zeeaquarium<\/p>\n","protected":false},"featured_media":92269,"template":"","meta":[],"pwb-brand":[2231],"product_cat":[1484],"product_tag":[],"class_list":{"0":"post-121525","1":"product","2":"type-product","3":"status-publish","4":"has-post-thumbnail","6":"pwb-brand-two-little-fishies","7":"product_cat-bakterien","9":"first","10":"outofstock","11":"taxable","12":"shipping-taxable","13":"purchasable","14":"product-type-simple"},"acf":[],"brands":[{"id":2231,"name":"Two Little Fishies","slug":"two-little-fishies"}],"_links":{"self":[{"href":"https:\/\/www.seaflowerstore.com\/de\/wp-json\/wp\/v2\/product\/121525","targetHints":{"allow":["GET"]}}],"collection":[{"href":"https:\/\/www.seaflowerstore.com\/de\/wp-json\/wp\/v2\/product"}],"about":[{"href":"https:\/\/www.seaflowerstore.com\/de\/wp-json\/wp\/v2\/types\/product"}],"wp:featuredmedia":[{"embeddable":true,"href":"https:\/\/www.seaflowerstore.com\/de\/wp-json\/wp\/v2\/media\/92269"}],"wp:attachment":[{"href":"https:\/\/www.seaflowerstore.com\/de\/wp-json\/wp\/v2\/media?parent=121525"}],"wp:term":[{"taxonomy":"pwb-brand","embeddable":true,"href":"https:\/\/www.seaflowerstore.com\/de\/wp-json\/wp\/v2\/pwb-brand?post=121525"},{"taxonomy":"product_cat","embeddable":true,"href":"https:\/\/www.seaflowerstore.com\/de\/wp-json\/wp\/v2\/product_cat?post=121525"},{"taxonomy":"product_tag","embeddable":true,"href":"https:\/\/www.seaflowerstore.com\/de\/wp-json\/wp\/v2\/product_tag?post=121525"}],"curies":[{"name":"wp","href":"https:\/\/api.w.org\/{rel}","templated":true}]}}