{"id":121589,"date":"2024-03-25T13:46:25","date_gmt":"2024-03-25T12:53:51","guid":{"rendered":"https:\/\/www.seaflowerstore.com\/?post_type=product&#038;p=121589"},"modified":"2024-03-25T13:57:12","modified_gmt":"2024-03-25T12:57:12","slug":"aqua-medic-coral-glasses","status":"publish","type":"product","link":"https:\/\/www.seaflowerstore.com\/de\/aqua-medic-coral-glasses\/","title":{"rendered":"Aqua Medic Coral Glasses"},"content":{"rendered":"<h2>Aqua Medic Coral Glasses See the true colours of your corals<\/h2>\n<p>F\u00fcr eine verbesserte Farbwiedergabe des blauen Lichts absorbieren Coral Glasses das blaue Farbspektrum der Aquarienbeleuchtung. Diese Funktion erm\u00f6glicht es Ihren Korallen, ihre nat\u00fcrlichen und lebendigen Farben wundersch\u00f6n darzustellen.<\/p>\n<ul>\n<li><strong>Aufbewahrungsbox enthalten<\/strong><\/li>\n<\/ul>\n<p><em>Hinweis:<\/em> Diese Gl\u00e4ser sind nicht zum Dauertragen geeignet!<\/p>\n","protected":false},"excerpt":{"rendered":"<p>Aqua Medic Coral Glasses sehen Sie die wahren Farben Ihrer Korallen<\/p>\n","protected":false},"featured_media":121578,"template":"","meta":[],"pwb-brand":[2149],"product_cat":[1431,1421],"product_tag":[],"class_list":{"0":"post-121589","1":"product","2":"type-product","3":"status-publish","4":"has-post-thumbnail","6":"pwb-brand-aqua-medic","7":"product_cat-nuetzliche-artikel","8":"product_cat-aqua-medic-de","10":"first","11":"instock","12":"taxable","13":"shipping-taxable","14":"purchasable","15":"product-type-simple"},"acf":[],"brands":[{"id":2149,"name":"Aqua Medic","slug":"aqua-medic"}],"_links":{"self":[{"href":"https:\/\/www.seaflowerstore.com\/de\/wp-json\/wp\/v2\/product\/121589","targetHints":{"allow":["GET"]}}],"collection":[{"href":"https:\/\/www.seaflowerstore.com\/de\/wp-json\/wp\/v2\/product"}],"about":[{"href":"https:\/\/www.seaflowerstore.com\/de\/wp-json\/wp\/v2\/types\/product"}],"wp:featuredmedia":[{"embeddable":true,"href":"https:\/\/www.seaflowerstore.com\/de\/wp-json\/wp\/v2\/media\/121578"}],"wp:attachment":[{"href":"https:\/\/www.seaflowerstore.com\/de\/wp-json\/wp\/v2\/media?parent=121589"}],"wp:term":[{"taxonomy":"pwb-brand","embeddable":true,"href":"https:\/\/www.seaflowerstore.com\/de\/wp-json\/wp\/v2\/pwb-brand?post=121589"},{"taxonomy":"product_cat","embeddable":true,"href":"https:\/\/www.seaflowerstore.com\/de\/wp-json\/wp\/v2\/product_cat?post=121589"},{"taxonomy":"product_tag","embeddable":true,"href":"https:\/\/www.seaflowerstore.com\/de\/wp-json\/wp\/v2\/product_tag?post=121589"}],"curies":[{"name":"wp","href":"https:\/\/api.w.org\/{rel}","templated":true}]}}