{"id":121743,"date":"2024-04-13T18:56:45","date_gmt":"2024-04-13T17:02:43","guid":{"rendered":"https:\/\/www.seaflowerstore.com\/?post_type=product&#038;p=121743"},"modified":"2024-04-13T19:13:13","modified_gmt":"2024-04-13T17:13:13","slug":"tank-net-screen-aufhaengeklammern","status":"publish","type":"product","link":"https:\/\/www.seaflowerstore.com\/de\/tank-net-screen-aufhaengeklammern\/","title":{"rendered":"Tank Net Screen &#8211; Aufh\u00e4ngeklammern"},"content":{"rendered":"<h2>Red Sea Tank Net Screen &#8211; Hanging Clips 4x<\/h2>\n<p>Dies sind zus\u00e4tzliche Aufh\u00e4ngeklammern (R42087), die speziell f\u00fcr das Red Sea Tank Net Screen entwickelt wurden. Sie bieten eine einfache und effektive L\u00f6sung, um Ihr Tanknetz an Ort und Stelle zu befestigen.<\/p>\n","protected":false},"excerpt":{"rendered":"<p>4x Zus\u00e4tzliche Aufh\u00e4ngeklammern f\u00fcr das Red Sea Tank Net Screen<\/p>\n","protected":false},"featured_media":121740,"template":"","meta":[],"pwb-brand":[2125],"product_cat":[1413],"product_tag":[],"class_list":{"0":"post-121743","1":"product","2":"type-product","3":"status-publish","4":"has-post-thumbnail","6":"pwb-brand-red-sea","7":"product_cat-herausspringschutz","9":"first","10":"instock","11":"taxable","12":"shipping-taxable","13":"purchasable","14":"product-type-simple"},"acf":[],"brands":[{"id":2125,"name":"Red Sea","slug":"red-sea"}],"_links":{"self":[{"href":"https:\/\/www.seaflowerstore.com\/de\/wp-json\/wp\/v2\/product\/121743","targetHints":{"allow":["GET"]}}],"collection":[{"href":"https:\/\/www.seaflowerstore.com\/de\/wp-json\/wp\/v2\/product"}],"about":[{"href":"https:\/\/www.seaflowerstore.com\/de\/wp-json\/wp\/v2\/types\/product"}],"wp:featuredmedia":[{"embeddable":true,"href":"https:\/\/www.seaflowerstore.com\/de\/wp-json\/wp\/v2\/media\/121740"}],"wp:attachment":[{"href":"https:\/\/www.seaflowerstore.com\/de\/wp-json\/wp\/v2\/media?parent=121743"}],"wp:term":[{"taxonomy":"pwb-brand","embeddable":true,"href":"https:\/\/www.seaflowerstore.com\/de\/wp-json\/wp\/v2\/pwb-brand?post=121743"},{"taxonomy":"product_cat","embeddable":true,"href":"https:\/\/www.seaflowerstore.com\/de\/wp-json\/wp\/v2\/product_cat?post=121743"},{"taxonomy":"product_tag","embeddable":true,"href":"https:\/\/www.seaflowerstore.com\/de\/wp-json\/wp\/v2\/product_tag?post=121743"}],"curies":[{"name":"wp","href":"https:\/\/api.w.org\/{rel}","templated":true}]}}