{"id":121837,"date":"2024-04-25T11:53:00","date_gmt":"2024-04-25T10:03:54","guid":{"rendered":"https:\/\/www.seaflowerstore.com\/?post_type=product&#038;p=121837"},"modified":"2024-04-25T12:05:12","modified_gmt":"2024-04-25T10:05:12","slug":"reef-icp-total-6-in-1-box","status":"publish","type":"product","link":"https:\/\/www.seaflowerstore.com\/de\/reef-icp-total-6-in-1-box\/","title":{"rendered":"Reef ICP Total 6 in 1 Box"},"content":{"rendered":"<h2>Fauna Marin Reef ICP Total 6 in 1 box tests provide a quick, accurate and easy overview of over 90 water values in reef aquariums<\/h2>\n<p>Der Fauna Marin Reef ICP TOTAL-Test bietet eine schnelle, genaue und unkomplizierte M\u00f6glichkeit, \u00fcber 90 Wasserwerte in Ihrem Riffaquarium zu ermitteln. Es deckt alles ab, von Makroelementen \u00fcber Spurenelemente bis hin zu Schadstoffen, und liefert Ihnen ein vollst\u00e4ndiges Bild sowie Dosierungs- und Handlungsempfehlungen.<\/p>\n<p>Dieser umfassende und detaillierte Labortest umfasst:<\/p>\n<ul>\n<li>Gr\u00fcndliche Laboranalyse sowohl f\u00fcr Meerwasser als auch f\u00fcr RO-Wasser<\/li>\n<li>Schnelle, kosteng\u00fcnstige und hochpr\u00e4zise Ergebnisse<\/li>\n<li>Einfache Probenentnahme und Versand (Versand zum Fauna Marin-Labor in Deutschland ist nicht inbegriffen)<\/li>\n<li>Schnelle Laboranalyse mit Hochleistungs-Emissionsspektrometern (ICP-OES) und anderen professionellen Laborger\u00e4ten<\/li>\n<li>Individuelle Dosierungs- und Behandlungsempfehlungen<\/li>\n<li>Ideal f\u00fcr alle, die einen vollst\u00e4ndigen \u00dcberblick \u00fcber ihre Wasserwerte w\u00fcnschen<\/li>\n<li>Analyse von \u00fcber 90 Parametern im Meerwasser<\/li>\n<\/ul>\n<h4><strong>NACHGEWIESENE ELEMENTE:<\/strong><\/h4>\n<p>Natrium, Magnesium, Kalzium, Kalium, Strontium, Bor, Jod, Schwefel, Phosphat, Phosphor, Silizium, Mangan, Lithium, Molybd\u00e4n, Eisen, Brom, Chrom, Kobalt, Beryllium, Vanadium, Zink, Antimon, Kupfer, Barium, Selen, Cadmium, Zinn, Aluminium, Titan, Nickel, Blei, Zirkonium, Silber, Wolfram, Lanthan, Arsen und Quecksilber. Zus\u00e4tzlich werden Salzgehalt, Relationswerte, Nitrat, Nitrit, Phosphate, Fluor, Alkalinit\u00e4t und viele weitere Parameter ermittelt. Ein RO-Wassertest ist ebenfalls im Fauna Marin Reef ICP Total Testset enthalten.<\/p>\n<p><strong>Anleitung:<\/strong><\/p>\n<p>Nach Ihrer Bestellung erhalten Sie Ihr Analysekit f\u00fcr die Wasserproben. Bitte registrieren Sie Ihren Fauna Marin Reef ICP Total Test in unserer Laborsoftware und senden Sie die Proben an Fauna Marin in Deutschland (Versandkosten sind nicht enthalten). Nachdem Ihre Proben im Labor von Fauna Marin eingetroffen sind, wird Ihr Wasser innerhalb von 24-48 Stunden untersucht. Ihre Ergebnisse sowie weitere Informationen zu den Elementen und Empfehlungen f\u00fcr Ihr Aquarium k\u00f6nnen Sie dann \u00fcber unser Wissenscenter abrufen. Im Preis des Analysepakets sind die komplette Wasseranalyse und deren Diagnose durch einen Aquarienanalyse-Spezialisten in Deutschland sowie das Probenset enthalten. Sie erhalten au\u00dferdem kostenlosen Zugriff auf die Fauna Marin Laborsoftware, Analysedaten und unsere st\u00e4ndig wachsende Wissensdatenbank!<\/p>\n<h4>Ihre Vorteile:<\/h4>\n<ul>\n<li>Qualit\u00e4tsanalysen, die speziell auf Meerwasser und Meeresaquakultur zugeschnitten sind<\/li>\n<li>Entwickelt von erfahrenen Aquarianern und Wissenschaftlern<\/li>\n<li>Qualit\u00e4tskontrolle durch hauseigene Korallenvermehrung und Laborvergleichstests mit Institutionen und gro\u00dfen Aquarien<\/li>\n<li>Neue LIMS-Software mit einzigartiger Wissensbasis<\/li>\n<li>Detaillierte individuelle Empfehlungen basierend auf der Erfahrung von Meerwasseraquarianern<\/li>\n<li>Systembasierte Dosierungs- und Behandlungsempfehlungen unter Ber\u00fccksichtigung sowohl hauseigener als auch externer Laborwerte<\/li>\n<li>ICP-LABOR-App zur einfachen Dosierung der erforderlichen Elemente<\/li>\n<li>Extrem schnelle Analyse dank fortschrittlicher Maschinen und modernster Methoden<\/li>\n<li>Unterst\u00fctzung durch Aquarienspezialisten mit jahrzehntelanger Erfahrung<\/li>\n<li>G\u00fcnstiger und schneller Service<\/li>\n<\/ul>\n","protected":false},"excerpt":{"rendered":"<p>Fauna Marin Reef ICP Total 6 in 1 box Tests geben einen schnellen, genauen und einfachen \u00dcberblick \u00fcber mehr als 90 Wasserwerte in einem Riffaquarium<\/p>\n","protected":false},"featured_media":121832,"template":"","meta":[],"pwb-brand":[2177],"product_cat":[1452,1437],"product_tag":[],"class_list":{"0":"post-121837","1":"product","2":"type-product","3":"status-publish","4":"has-post-thumbnail","6":"pwb-brand-fauna-marin","7":"product_cat-labortest","8":"product_cat-fauna-marin-de","10":"first","11":"outofstock","12":"taxable","13":"shipping-taxable","14":"purchasable","15":"product-type-simple"},"acf":[],"brands":[{"id":2177,"name":"Fauna Marin","slug":"fauna-marin"}],"_links":{"self":[{"href":"https:\/\/www.seaflowerstore.com\/de\/wp-json\/wp\/v2\/product\/121837","targetHints":{"allow":["GET"]}}],"collection":[{"href":"https:\/\/www.seaflowerstore.com\/de\/wp-json\/wp\/v2\/product"}],"about":[{"href":"https:\/\/www.seaflowerstore.com\/de\/wp-json\/wp\/v2\/types\/product"}],"wp:featuredmedia":[{"embeddable":true,"href":"https:\/\/www.seaflowerstore.com\/de\/wp-json\/wp\/v2\/media\/121832"}],"wp:attachment":[{"href":"https:\/\/www.seaflowerstore.com\/de\/wp-json\/wp\/v2\/media?parent=121837"}],"wp:term":[{"taxonomy":"pwb-brand","embeddable":true,"href":"https:\/\/www.seaflowerstore.com\/de\/wp-json\/wp\/v2\/pwb-brand?post=121837"},{"taxonomy":"product_cat","embeddable":true,"href":"https:\/\/www.seaflowerstore.com\/de\/wp-json\/wp\/v2\/product_cat?post=121837"},{"taxonomy":"product_tag","embeddable":true,"href":"https:\/\/www.seaflowerstore.com\/de\/wp-json\/wp\/v2\/product_tag?post=121837"}],"curies":[{"name":"wp","href":"https:\/\/api.w.org\/{rel}","templated":true}]}}